{"id":11704,"date":"2025-03-11T01:14:32","date_gmt":"2025-03-10T22:14:32","guid":{"rendered":"https:\/\/jacos.com.tr\/?post_type=product&#038;p=11704"},"modified":"2025-03-11T01:15:51","modified_gmt":"2025-03-10T22:15:51","slug":"frager-ahsap-arac-kokuluk-model-mk008","status":"publish","type":"product","link":"https:\/\/jacos.com.tr\/index.php\/product\/frager-ahsap-arac-kokuluk-model-mk008\/","title":{"rendered":"Frager Ah\u015fap Ara\u00e7 Kokuluk &#8211;  Model MK008"},"content":{"rendered":"<p><strong>\u00dcr\u00fcn A\u00e7\u0131klamas\u0131:<\/strong><br \/>\nArac\u0131n\u0131zda taze ve kal\u0131c\u0131 bir koku atmosferi yaratmak ister misiniz? Ah\u015fap Ara\u00e7 Kokuluk, \u015f\u0131k tasar\u0131m\u0131 ve fonksiyonel yap\u0131s\u0131yla arac\u0131n\u0131za hem estetik bir dokunu\u015f hem de ferah bir koku deneyimi sunar. \u00d6zel ke\u00e7e yap\u0131s\u0131 sayesinde kokuyu emer ve yava\u015f\u00e7a yayarak uzun s\u00fcreli bir kullan\u0131m sa\u011flar.<\/p>\n<p>Yan\u0131nda verilen 10 ml \u00f6zel esans\u0131, damlal\u0131kl\u0131 kapak sayesinde kolayca ke\u00e7eye damlatarak kullanabilirsiniz. Ara\u00e7 i\u00e7i kalorifer veya havaland\u0131rma a\u00e7\u0131ld\u0131\u011f\u0131nda, esansl\u0131 hava sirk\u00fclasyonu ile arac\u0131n\u0131zda inan\u0131lmaz bir koku deneyimi ya\u015fayacaks\u0131n\u0131z.<\/p>\n<p><strong>\u00d6ne \u00c7\u0131kan \u00d6zellikler:<\/strong><\/p>\n<ul>\n<li>%100 ah\u015fap malzemeden \u00fcretilmi\u015f \u015f\u0131k ve dayan\u0131kl\u0131 tasar\u0131m.<\/li>\n<li>Kokuyu emen \u00f6zel ke\u00e7e yap\u0131s\u0131 ile uzun s\u00fcreli koku etkisi.<\/li>\n<li>10 ml \u00f6zel esans ile kolay kullan\u0131m ve yo\u011fun koku yay\u0131l\u0131m\u0131.<\/li>\n<li>Kalorifer veya havaland\u0131rma ile etkili koku sirk\u00fclasyonu.<\/li>\n<li>Arac\u0131n\u0131za estetik bir dokunu\u015f ve ferah bir atmosfer.<\/li>\n<\/ul>\n<p>Ah\u015fap Ara\u00e7 Kokuluk, hem pratik kullan\u0131m\u0131 hem de \u015f\u0131k g\u00f6r\u00fcn\u00fcm\u00fcyle arac\u0131n\u0131z\u0131n vazge\u00e7ilmez bir aksesuar\u0131 olacak!<\/p>\n","protected":false},"excerpt":{"rendered":"<p>\u00dcr\u00fcn A\u00e7\u0131klamas\u0131: Arac\u0131n\u0131zda taze ve kal\u0131c\u0131 bir koku atmosferi yaratmak ister misiniz? Ah\u015fap Ara\u00e7 Kokuluk, \u015f\u0131k tasar\u0131m\u0131 ve fonksiyonel yap\u0131s\u0131yla<\/p>\n","protected":false},"featured_media":11708,"comment_status":"open","ping_status":"closed","template":"","meta":{"_joinchat":[]},"product_brand":[],"product_cat":[78,80],"product_tag":[],"class_list":{"0":"post-11704","1":"product","2":"type-product","3":"status-publish","4":"has-post-thumbnail","6":"product_cat-araba-kokulari","7":"product_cat-ahsap-araba-kokulari","8":"_wholesalex wsx-wholesalex-product","10":"first","11":"instock","12":"taxable","13":"shipping-taxable","14":"purchasable","15":"product-type-variable"},"jetpack_sharing_enabled":true,"_links":{"self":[{"href":"https:\/\/jacos.com.tr\/index.php\/wp-json\/wp\/v2\/product\/11704","targetHints":{"allow":["GET"]}}],"collection":[{"href":"https:\/\/jacos.com.tr\/index.php\/wp-json\/wp\/v2\/product"}],"about":[{"href":"https:\/\/jacos.com.tr\/index.php\/wp-json\/wp\/v2\/types\/product"}],"replies":[{"embeddable":true,"href":"https:\/\/jacos.com.tr\/index.php\/wp-json\/wp\/v2\/comments?post=11704"}],"version-history":[{"count":2,"href":"https:\/\/jacos.com.tr\/index.php\/wp-json\/wp\/v2\/product\/11704\/revisions"}],"predecessor-version":[{"id":11712,"href":"https:\/\/jacos.com.tr\/index.php\/wp-json\/wp\/v2\/product\/11704\/revisions\/11712"}],"wp:featuredmedia":[{"embeddable":true,"href":"https:\/\/jacos.com.tr\/index.php\/wp-json\/wp\/v2\/media\/11708"}],"wp:attachment":[{"href":"https:\/\/jacos.com.tr\/index.php\/wp-json\/wp\/v2\/media?parent=11704"}],"wp:term":[{"taxonomy":"product_brand","embeddable":true,"href":"https:\/\/jacos.com.tr\/index.php\/wp-json\/wp\/v2\/product_brand?post=11704"},{"taxonomy":"product_cat","embeddable":true,"href":"https:\/\/jacos.com.tr\/index.php\/wp-json\/wp\/v2\/product_cat?post=11704"},{"taxonomy":"product_tag","embeddable":true,"href":"https:\/\/jacos.com.tr\/index.php\/wp-json\/wp\/v2\/product_tag?post=11704"}],"curies":[{"name":"wp","href":"https:\/\/api.w.org\/{rel}","templated":true}]}}