{"id":11595,"date":"2025-03-05T01:45:47","date_gmt":"2025-03-04T22:45:47","guid":{"rendered":"https:\/\/jacos.com.tr\/?post_type=product&#038;p=11595"},"modified":"2025-07-03T22:49:28","modified_gmt":"2025-07-03T19:49:28","slug":"10-ml-ahsap-kokuluk-frager-esansi-uzun-sureli-ve-yogun-koku","status":"publish","type":"product","link":"https:\/\/jacos.com.tr\/index.php\/product\/10-ml-ahsap-kokuluk-frager-esansi-uzun-sureli-ve-yogun-koku\/","title":{"rendered":"10 ml Ah\u015fap Kokuluk Frager Esans\u0131 &#8211; Uzun S\u00fcreli ve Yo\u011fun Koku"},"content":{"rendered":"<p><strong>\u00dcr\u00fcn A\u00e7\u0131klamas\u0131:<\/strong><br \/>\nAh\u015fap kokuluklar\u0131n\u0131z i\u00e7in \u00f6zel olarak form\u00fcle edilmi\u015f 10 ml esans ile arac\u0131n\u0131zda veya ya\u015fam alanlar\u0131n\u0131zda taze ve kal\u0131c\u0131 bir koku deneyimi ya\u015fay\u0131n! Bu \u00f6zel esans, ah\u015fap kokuluklar\u0131n ke\u00e7e yap\u0131s\u0131na kolayca n\u00fcfuz ederek uzun s\u00fcreli ve yo\u011fun bir koku yay\u0131l\u0131m\u0131 sa\u011flar.<\/p>\n<p><strong>\u00d6ne \u00c7\u0131kan \u00d6zellikler:<\/strong><\/p>\n<ul>\n<li>Ah\u015fap kokuluklar i\u00e7in \u00f6zel olarak tasarlanm\u0131\u015f 10 ml esans.<\/li>\n<li>Damlal\u0131kl\u0131 kapak sayesinde kolay ve kontroll\u00fc kullan\u0131m.<\/li>\n<li>Yo\u011fun ve uzun s\u00fcreli koku etkisi.<\/li>\n<li>Kalorifer veya havaland\u0131rma ile etkili koku sirk\u00fclasyonu.<\/li>\n<li>Arac\u0131n\u0131zda veya evinizde ferah bir atmosfer yarat\u0131r.<\/li>\n<\/ul>\n<p>Ah\u015fap kokuluklar\u0131n\u0131z\u0131n performans\u0131n\u0131 maksimuma \u00e7\u0131karmak i\u00e7in bu \u00f6zel esans\u0131 tercih edin ve her an taze bir kokuyla kendinizi \u015f\u0131mart\u0131n!<\/p>\n","protected":false},"excerpt":{"rendered":"<p>Ah\u015fap kokuluklar\u0131n\u0131z i\u00e7in \u00f6zel olarak form\u00fcle edilmi\u015f 10 ml esans ile arac\u0131n\u0131zda veya ya\u015fam alanlar\u0131n\u0131zda taze ve kal\u0131c\u0131 bir koku deneyimi ya\u015fay\u0131n! Bu \u00f6zel esans, ah\u015fap kokuluklar\u0131n ke\u00e7e yap\u0131s\u0131na kolayca n\u00fcfuz ederek uzun s\u00fcreli ve yo\u011fun bir koku yay\u0131l\u0131m\u0131 sa\u011flar.<\/p>\n","protected":false},"featured_media":11769,"comment_status":"open","ping_status":"closed","template":"","meta":{"_joinchat":[]},"product_brand":[],"product_cat":[107,78,80],"product_tag":[],"class_list":{"0":"post-11595","1":"product","2":"type-product","3":"status-publish","4":"has-post-thumbnail","6":"product_cat-frager-esans","7":"product_cat-araba-kokulari","8":"product_cat-ahsap-araba-kokulari","9":"_wholesalex wsx-wholesalex-product","11":"first","12":"instock","13":"sale","14":"taxable","15":"shipping-taxable","16":"purchasable","17":"product-type-variable"},"jetpack_sharing_enabled":true,"_links":{"self":[{"href":"https:\/\/jacos.com.tr\/index.php\/wp-json\/wp\/v2\/product\/11595","targetHints":{"allow":["GET"]}}],"collection":[{"href":"https:\/\/jacos.com.tr\/index.php\/wp-json\/wp\/v2\/product"}],"about":[{"href":"https:\/\/jacos.com.tr\/index.php\/wp-json\/wp\/v2\/types\/product"}],"replies":[{"embeddable":true,"href":"https:\/\/jacos.com.tr\/index.php\/wp-json\/wp\/v2\/comments?post=11595"}],"version-history":[{"count":5,"href":"https:\/\/jacos.com.tr\/index.php\/wp-json\/wp\/v2\/product\/11595\/revisions"}],"predecessor-version":[{"id":12100,"href":"https:\/\/jacos.com.tr\/index.php\/wp-json\/wp\/v2\/product\/11595\/revisions\/12100"}],"wp:featuredmedia":[{"embeddable":true,"href":"https:\/\/jacos.com.tr\/index.php\/wp-json\/wp\/v2\/media\/11769"}],"wp:attachment":[{"href":"https:\/\/jacos.com.tr\/index.php\/wp-json\/wp\/v2\/media?parent=11595"}],"wp:term":[{"taxonomy":"product_brand","embeddable":true,"href":"https:\/\/jacos.com.tr\/index.php\/wp-json\/wp\/v2\/product_brand?post=11595"},{"taxonomy":"product_cat","embeddable":true,"href":"https:\/\/jacos.com.tr\/index.php\/wp-json\/wp\/v2\/product_cat?post=11595"},{"taxonomy":"product_tag","embeddable":true,"href":"https:\/\/jacos.com.tr\/index.php\/wp-json\/wp\/v2\/product_tag?post=11595"}],"curies":[{"name":"wp","href":"https:\/\/api.w.org\/{rel}","templated":true}]}}