{"id":11347,"date":"2024-12-02T19:38:38","date_gmt":"2024-12-02T16:38:38","guid":{"rendered":"https:\/\/jacos.com.tr\/?post_type=product&#038;p=11347"},"modified":"2024-12-02T19:46:24","modified_gmt":"2024-12-02T16:46:24","slug":"sandal-wood-kokulu-lux-arac-parfumu-araba-kokusu-50ml","status":"publish","type":"product","link":"https:\/\/jacos.com.tr\/index.php\/product\/sandal-wood-kokulu-lux-arac-parfumu-araba-kokusu-50ml\/","title":{"rendered":"Sandal Wood kokulu L\u00fcx Ara\u00e7 Parf\u00fcm\u00fc araba kokusu 50ml"},"content":{"rendered":"<p><span data-sheets-root=\"1\">Sandal a\u011fac\u0131 Kokulu L\u00fcx Ara\u00e7 Parf\u00fcm\u00fc 50ml<br \/>\nArac\u0131n\u0131za egzotik ve sofistike bir atmosfer kat\u0131n! Sandal Exotic\u2019in odunsu ve zengin notalar\u0131, her yolculu\u011fu l\u00fcks bir deneyime d\u00f6n\u00fc\u015ft\u00fcr\u00fcr. Kal\u0131c\u0131 form\u00fcl\u00fc sayesinde uzun s\u00fcre etkisini s\u00fcrd\u00fcr\u00fcr. \u015e\u0131k tasar\u0131m\u0131, arac\u0131n\u0131za estetik bir dokunu\u015f eklerken pratik kullan\u0131m sa\u011flar.<\/span><\/p>\n<p>\u00d6zellikler:<\/p>\n<p>Koku: Sandal a\u011fac\u0131<\/p>\n<p>Miktar: 50ml<\/p>\n<p>Uzun S\u00fcreli Kal\u0131c\u0131l\u0131k<\/p>\n<p>L\u00fcks ve \u015e\u0131k Tasar\u0131m<\/p>\n<p>Kolay Uygulama<\/p>\n<p>Sandal\u0131n b\u00fcy\u00fcleyici kokusuyla arac\u0131n\u0131zda egzotik bir atmosfer yarat\u0131n!<\/p>\n","protected":false},"excerpt":{"rendered":"<p>Sandal a\u011fac\u0131 Kokulu L\u00fcx Ara\u00e7 Parf\u00fcm\u00fc 50ml Arac\u0131n\u0131za egzotik ve sofistike bir atmosfer kat\u0131n! Sandal Exotic\u2019in odunsu ve zengin notalar\u0131,<\/p>\n","protected":false},"featured_media":11376,"comment_status":"open","ping_status":"closed","template":"","meta":{"_joinchat":[]},"product_brand":[],"product_cat":[78,79],"product_tag":[],"class_list":{"0":"post-11347","1":"product","2":"type-product","3":"status-publish","4":"has-post-thumbnail","6":"product_cat-araba-kokulari","7":"product_cat-araba-parfumu","8":"_wholesalex wsx-wholesalex-product","10":"first","11":"instock","12":"taxable","13":"shipping-taxable","14":"purchasable","15":"product-type-simple"},"jetpack_sharing_enabled":true,"_links":{"self":[{"href":"https:\/\/jacos.com.tr\/index.php\/wp-json\/wp\/v2\/product\/11347","targetHints":{"allow":["GET"]}}],"collection":[{"href":"https:\/\/jacos.com.tr\/index.php\/wp-json\/wp\/v2\/product"}],"about":[{"href":"https:\/\/jacos.com.tr\/index.php\/wp-json\/wp\/v2\/types\/product"}],"replies":[{"embeddable":true,"href":"https:\/\/jacos.com.tr\/index.php\/wp-json\/wp\/v2\/comments?post=11347"}],"version-history":[{"count":2,"href":"https:\/\/jacos.com.tr\/index.php\/wp-json\/wp\/v2\/product\/11347\/revisions"}],"predecessor-version":[{"id":11379,"href":"https:\/\/jacos.com.tr\/index.php\/wp-json\/wp\/v2\/product\/11347\/revisions\/11379"}],"wp:featuredmedia":[{"embeddable":true,"href":"https:\/\/jacos.com.tr\/index.php\/wp-json\/wp\/v2\/media\/11376"}],"wp:attachment":[{"href":"https:\/\/jacos.com.tr\/index.php\/wp-json\/wp\/v2\/media?parent=11347"}],"wp:term":[{"taxonomy":"product_brand","embeddable":true,"href":"https:\/\/jacos.com.tr\/index.php\/wp-json\/wp\/v2\/product_brand?post=11347"},{"taxonomy":"product_cat","embeddable":true,"href":"https:\/\/jacos.com.tr\/index.php\/wp-json\/wp\/v2\/product_cat?post=11347"},{"taxonomy":"product_tag","embeddable":true,"href":"https:\/\/jacos.com.tr\/index.php\/wp-json\/wp\/v2\/product_tag?post=11347"}],"curies":[{"name":"wp","href":"https:\/\/api.w.org\/{rel}","templated":true}]}}