{"id":11345,"date":"2024-12-02T19:38:38","date_gmt":"2024-12-02T16:38:38","guid":{"rendered":"https:\/\/jacos.com.tr\/?post_type=product&#038;p=11345"},"modified":"2024-12-31T22:01:03","modified_gmt":"2024-12-31T19:01:03","slug":"rose-garden-gul-bahcesi-kokulu-lux-arac-parfumu-araba-kokusu-50ml","status":"publish","type":"product","link":"https:\/\/jacos.com.tr\/index.php\/product\/rose-garden-gul-bahcesi-kokulu-lux-arac-parfumu-araba-kokusu-50ml\/","title":{"rendered":"Rose Garden G\u00fcl Bah\u00e7esi kokulu L\u00fcx Ara\u00e7 Parf\u00fcm\u00fc araba kokusu 50ml"},"content":{"rendered":"<p><span data-sheets-root=\"1\">Rose Garden (G\u00fcl Bah\u00e7esi) Kokulu L\u00fcx Ara\u00e7 Parf\u00fcm\u00fc 50ml<br \/>\nArac\u0131n\u0131za bir g\u00fcl bah\u00e7esinin zarif ve taze kokusunu ta\u015f\u0131y\u0131n! Rose Garden\u2019\u0131n yo\u011fun g\u00fcl notalar\u0131, her yolculu\u011fu keyifli ve romantik bir deneyime d\u00f6n\u00fc\u015ft\u00fcr\u00fcr. Kal\u0131c\u0131 form\u00fcl\u00fc sayesinde etkisini uzun s\u00fcre korur. \u015e\u0131k \u015fi\u015fe tasar\u0131m\u0131, estetik ve kullan\u0131m kolayl\u0131\u011f\u0131n\u0131 bir arada sunar.<\/span><\/p>\n<p>\u00d6zellikler:<\/p>\n<p>Koku: Rose Garden (G\u00fcl Bah\u00e7esi)<\/p>\n<p>Miktar: 50ml<\/p>\n<p>Uzun S\u00fcreli Kal\u0131c\u0131l\u0131k<\/p>\n<p>L\u00fcks ve \u015e\u0131k Tasar\u0131m<\/p>\n<p>Kolay Uygulama<\/p>\n<p>G\u00fcl bah\u00e7esinin b\u00fcy\u00fcleyici kokusuyla arac\u0131n\u0131zda romantik bir atmosfer yarat\u0131n!<\/p>\n","protected":false},"excerpt":{"rendered":"<p>Rose Garden (G\u00fcl Bah\u00e7esi) Kokulu L\u00fcx Ara\u00e7 Parf\u00fcm\u00fc 50ml Arac\u0131n\u0131za bir g\u00fcl bah\u00e7esinin zarif ve taze kokusunu ta\u015f\u0131y\u0131n! Rose Garden\u2019\u0131n<\/p>\n","protected":false},"featured_media":11367,"comment_status":"open","ping_status":"closed","template":"","meta":{"_joinchat":[]},"product_brand":[],"product_cat":[78,79],"product_tag":[],"class_list":{"0":"post-11345","1":"product","2":"type-product","3":"status-publish","4":"has-post-thumbnail","6":"product_cat-araba-kokulari","7":"product_cat-araba-parfumu","8":"_wholesalex wsx-wholesalex-product","10":"first","11":"instock","12":"taxable","13":"shipping-taxable","14":"purchasable","15":"product-type-simple"},"jetpack_sharing_enabled":true,"_links":{"self":[{"href":"https:\/\/jacos.com.tr\/index.php\/wp-json\/wp\/v2\/product\/11345","targetHints":{"allow":["GET"]}}],"collection":[{"href":"https:\/\/jacos.com.tr\/index.php\/wp-json\/wp\/v2\/product"}],"about":[{"href":"https:\/\/jacos.com.tr\/index.php\/wp-json\/wp\/v2\/types\/product"}],"replies":[{"embeddable":true,"href":"https:\/\/jacos.com.tr\/index.php\/wp-json\/wp\/v2\/comments?post=11345"}],"version-history":[{"count":2,"href":"https:\/\/jacos.com.tr\/index.php\/wp-json\/wp\/v2\/product\/11345\/revisions"}],"predecessor-version":[{"id":11370,"href":"https:\/\/jacos.com.tr\/index.php\/wp-json\/wp\/v2\/product\/11345\/revisions\/11370"}],"wp:featuredmedia":[{"embeddable":true,"href":"https:\/\/jacos.com.tr\/index.php\/wp-json\/wp\/v2\/media\/11367"}],"wp:attachment":[{"href":"https:\/\/jacos.com.tr\/index.php\/wp-json\/wp\/v2\/media?parent=11345"}],"wp:term":[{"taxonomy":"product_brand","embeddable":true,"href":"https:\/\/jacos.com.tr\/index.php\/wp-json\/wp\/v2\/product_brand?post=11345"},{"taxonomy":"product_cat","embeddable":true,"href":"https:\/\/jacos.com.tr\/index.php\/wp-json\/wp\/v2\/product_cat?post=11345"},{"taxonomy":"product_tag","embeddable":true,"href":"https:\/\/jacos.com.tr\/index.php\/wp-json\/wp\/v2\/product_tag?post=11345"}],"curies":[{"name":"wp","href":"https:\/\/api.w.org\/{rel}","templated":true}]}}