{"id":11337,"date":"2024-12-02T19:38:36","date_gmt":"2024-12-02T16:38:36","guid":{"rendered":"https:\/\/jacos.com.tr\/?post_type=product&#038;p=11337"},"modified":"2024-12-02T19:57:08","modified_gmt":"2024-12-02T16:57:08","slug":"high-frequency-yuksek-frekans-kokulu-lux-arac-parfumu-araba-kokusu-50ml","status":"publish","type":"product","link":"https:\/\/jacos.com.tr\/index.php\/product\/high-frequency-yuksek-frekans-kokulu-lux-arac-parfumu-araba-kokusu-50ml\/","title":{"rendered":"High Frequency Y\u00fcksek Frekans kokulu L\u00fcx Ara\u00e7 Parf\u00fcm\u00fc araba kokusu 50ml"},"content":{"rendered":"<p><span data-sheets-root=\"1\">High Frequency Kokulu L\u00fcx Ara\u00e7 Parf\u00fcm\u00fc 50ml<br \/>\nEnerjik ve dinamik bir atmosfer i\u00e7in tasarland\u0131! High Frequency\u2019nin taze ve canland\u0131r\u0131c\u0131 notalar\u0131yla her yolculu\u011funuzu e\u015fsiz bir deneyime d\u00f6n\u00fc\u015ft\u00fcr\u00fcn. Kal\u0131c\u0131 form\u00fcl\u00fc sayesinde g\u00fcn boyu ferahl\u0131k sa\u011flar. Modern ve \u015f\u0131k \u015fi\u015fesiyle hem estetik hem de pratik bir kullan\u0131m sunar.<\/span><\/p>\n<p>\u00d6zellikler:<\/p>\n<p>Koku: High Frequency<\/p>\n<p>Miktar: 50ml<\/p>\n<p>Uzun S\u00fcreli Kal\u0131c\u0131l\u0131k<\/p>\n<p>L\u00fcks ve \u015e\u0131k Tasar\u0131m<\/p>\n<p>Kolay Uygulama<\/p>\n<p>Arac\u0131n\u0131zda enerjik bir atmosfer yaratmak i\u00e7in ideal!<\/p>\n","protected":false},"excerpt":{"rendered":"<p>High Frequency Kokulu L\u00fcx Ara\u00e7 Parf\u00fcm\u00fc 50ml Enerjik ve dinamik bir atmosfer i\u00e7in tasarland\u0131! High Frequency\u2019nin taze ve canland\u0131r\u0131c\u0131 notalar\u0131yla<\/p>\n","protected":false},"featured_media":11419,"comment_status":"open","ping_status":"closed","template":"","meta":{"_joinchat":[]},"product_brand":[],"product_cat":[78,79],"product_tag":[],"class_list":{"0":"post-11337","1":"product","2":"type-product","3":"status-publish","4":"has-post-thumbnail","6":"product_cat-araba-kokulari","7":"product_cat-araba-parfumu","8":"_wholesalex wsx-wholesalex-product","10":"first","11":"instock","12":"taxable","13":"shipping-taxable","14":"purchasable","15":"product-type-simple"},"jetpack_sharing_enabled":true,"_links":{"self":[{"href":"https:\/\/jacos.com.tr\/index.php\/wp-json\/wp\/v2\/product\/11337","targetHints":{"allow":["GET"]}}],"collection":[{"href":"https:\/\/jacos.com.tr\/index.php\/wp-json\/wp\/v2\/product"}],"about":[{"href":"https:\/\/jacos.com.tr\/index.php\/wp-json\/wp\/v2\/types\/product"}],"replies":[{"embeddable":true,"href":"https:\/\/jacos.com.tr\/index.php\/wp-json\/wp\/v2\/comments?post=11337"}],"version-history":[{"count":2,"href":"https:\/\/jacos.com.tr\/index.php\/wp-json\/wp\/v2\/product\/11337\/revisions"}],"predecessor-version":[{"id":11422,"href":"https:\/\/jacos.com.tr\/index.php\/wp-json\/wp\/v2\/product\/11337\/revisions\/11422"}],"wp:featuredmedia":[{"embeddable":true,"href":"https:\/\/jacos.com.tr\/index.php\/wp-json\/wp\/v2\/media\/11419"}],"wp:attachment":[{"href":"https:\/\/jacos.com.tr\/index.php\/wp-json\/wp\/v2\/media?parent=11337"}],"wp:term":[{"taxonomy":"product_brand","embeddable":true,"href":"https:\/\/jacos.com.tr\/index.php\/wp-json\/wp\/v2\/product_brand?post=11337"},{"taxonomy":"product_cat","embeddable":true,"href":"https:\/\/jacos.com.tr\/index.php\/wp-json\/wp\/v2\/product_cat?post=11337"},{"taxonomy":"product_tag","embeddable":true,"href":"https:\/\/jacos.com.tr\/index.php\/wp-json\/wp\/v2\/product_tag?post=11337"}],"curies":[{"name":"wp","href":"https:\/\/api.w.org\/{rel}","templated":true}]}}