{"id":11336,"date":"2024-12-02T19:38:36","date_gmt":"2024-12-02T16:38:36","guid":{"rendered":"https:\/\/jacos.com.tr\/?post_type=product&#038;p=11336"},"modified":"2024-12-02T19:58:00","modified_gmt":"2024-12-02T16:58:00","slug":"french-rose-gul-kokulu-lux-arac-parfumu-araba-kokusu-50ml","status":"publish","type":"product","link":"https:\/\/jacos.com.tr\/index.php\/product\/french-rose-gul-kokulu-lux-arac-parfumu-araba-kokusu-50ml\/","title":{"rendered":"French Rose g\u00fcl kokulu L\u00fcx Ara\u00e7 Parf\u00fcm\u00fc araba kokusu 50ml"},"content":{"rendered":"<p><span data-sheets-root=\"1\">French Rose Kokulu L\u00fcx Ara\u00e7 Parf\u00fcm\u00fc 50ml<br \/>\nArac\u0131n\u0131za Frans\u0131z g\u00fcllerinin sofistike dokunu\u015funu getirin! French Rose\u2019un zarif ve romantik kokusuyla tasarlanan bu l\u00fcks ara\u00e7 parf\u00fcm\u00fc, yolculuklar\u0131n\u0131za e\u015fsiz bir ferahl\u0131k katar. Kal\u0131c\u0131 ve yo\u011fun form\u00fcl\u00fc sayesinde uzun s\u00fcre etkili olur. \u015e\u0131k \u015fi\u015fe tasar\u0131m\u0131, estetik ve kullan\u0131m kolayl\u0131\u011f\u0131n\u0131 bir araya getirir.<\/span><\/p>\n<p>\u00d6zellikler:<\/p>\n<p>Koku: French Rose<\/p>\n<p>Miktar: 50ml<\/p>\n<p>Uzun S\u00fcreli Kal\u0131c\u0131l\u0131k<\/p>\n<p>L\u00fcks ve \u015e\u0131k Tasar\u0131m<\/p>\n<p>Kolay Uygulama<\/p>\n<p>Arac\u0131n\u0131zda g\u00fcl bah\u00e7elerinin b\u00fcy\u00fcleyici kokusunu hissedin!<\/p>\n","protected":false},"excerpt":{"rendered":"<p>French Rose Kokulu L\u00fcx Ara\u00e7 Parf\u00fcm\u00fc 50ml Arac\u0131n\u0131za Frans\u0131z g\u00fcllerinin sofistike dokunu\u015funu getirin! French Rose\u2019un zarif ve romantik kokusuyla tasarlanan<\/p>\n","protected":false},"featured_media":11424,"comment_status":"open","ping_status":"closed","template":"","meta":{"_joinchat":[]},"product_brand":[],"product_cat":[78,79],"product_tag":[],"class_list":{"0":"post-11336","1":"product","2":"type-product","3":"status-publish","4":"has-post-thumbnail","6":"product_cat-araba-kokulari","7":"product_cat-araba-parfumu","8":"_wholesalex wsx-wholesalex-product","10":"first","11":"instock","12":"taxable","13":"shipping-taxable","14":"purchasable","15":"product-type-simple"},"jetpack_sharing_enabled":true,"_links":{"self":[{"href":"https:\/\/jacos.com.tr\/index.php\/wp-json\/wp\/v2\/product\/11336","targetHints":{"allow":["GET"]}}],"collection":[{"href":"https:\/\/jacos.com.tr\/index.php\/wp-json\/wp\/v2\/product"}],"about":[{"href":"https:\/\/jacos.com.tr\/index.php\/wp-json\/wp\/v2\/types\/product"}],"replies":[{"embeddable":true,"href":"https:\/\/jacos.com.tr\/index.php\/wp-json\/wp\/v2\/comments?post=11336"}],"version-history":[{"count":2,"href":"https:\/\/jacos.com.tr\/index.php\/wp-json\/wp\/v2\/product\/11336\/revisions"}],"predecessor-version":[{"id":11426,"href":"https:\/\/jacos.com.tr\/index.php\/wp-json\/wp\/v2\/product\/11336\/revisions\/11426"}],"wp:featuredmedia":[{"embeddable":true,"href":"https:\/\/jacos.com.tr\/index.php\/wp-json\/wp\/v2\/media\/11424"}],"wp:attachment":[{"href":"https:\/\/jacos.com.tr\/index.php\/wp-json\/wp\/v2\/media?parent=11336"}],"wp:term":[{"taxonomy":"product_brand","embeddable":true,"href":"https:\/\/jacos.com.tr\/index.php\/wp-json\/wp\/v2\/product_brand?post=11336"},{"taxonomy":"product_cat","embeddable":true,"href":"https:\/\/jacos.com.tr\/index.php\/wp-json\/wp\/v2\/product_cat?post=11336"},{"taxonomy":"product_tag","embeddable":true,"href":"https:\/\/jacos.com.tr\/index.php\/wp-json\/wp\/v2\/product_tag?post=11336"}],"curies":[{"name":"wp","href":"https:\/\/api.w.org\/{rel}","templated":true}]}}