{"id":11326,"date":"2024-12-02T19:08:48","date_gmt":"2024-12-02T16:08:48","guid":{"rendered":"https:\/\/jacos.com.tr\/?post_type=product&#038;p=11326"},"modified":"2024-12-02T19:08:49","modified_gmt":"2024-12-02T16:08:49","slug":"amber-fusion-kokulu-lux-arac-parfumu-araba-kokusu-50ml","status":"publish","type":"product","link":"https:\/\/jacos.com.tr\/index.php\/product\/amber-fusion-kokulu-lux-arac-parfumu-araba-kokusu-50ml\/","title":{"rendered":"Amber Fusion kokulu L\u00fcx Ara\u00e7 Parf\u00fcm\u00fc araba kokusu 50ml"},"content":{"rendered":"<p><span data-sheets-root=\"1\">Amber Kokulu L\u00fcx Ara\u00e7 Parf\u00fcm\u00fc 50ml<br \/>\nArac\u0131n\u0131za \u015f\u0131kl\u0131k ve ferahl\u0131k kat\u0131n! Amber notalar\u0131n\u0131n s\u0131cak ve sofistike kokusuyla tasarlanan bu l\u00fcks ara\u00e7 parf\u00fcm\u00fc, her yolculu\u011fu keyfe d\u00f6n\u00fc\u015ft\u00fcr\u00fcr. Kal\u0131c\u0131 ve yo\u011fun esans\u0131 sayesinde uzun s\u00fcre etkisini korur. \u00d6zel \u015fi\u015fe tasar\u0131m\u0131yla hem \u015f\u0131k bir g\u00f6r\u00fcn\u00fcm sunar hem de pratik kullan\u0131m sa\u011flar.<\/p>\n<p>\u00d6zellikler:<\/p>\n<p>Koku: Amber<br \/>\nMiktar: 50ml<br \/>\nUzun S\u00fcreli Kal\u0131c\u0131l\u0131k<br \/>\nL\u00fcks ve \u015e\u0131k Tasar\u0131m<br \/>\nKolay Uygulama<br \/>\nArac\u0131n\u0131zda ferah ve zarif bir atmosfer yaratmak i\u00e7in ideal!<\/span><\/p>\n","protected":false},"excerpt":{"rendered":"<p>Amber Kokulu L\u00fcx Ara\u00e7 Parf\u00fcm\u00fc 50ml Arac\u0131n\u0131za \u015f\u0131kl\u0131k ve ferahl\u0131k kat\u0131n! Amber notalar\u0131n\u0131n s\u0131cak ve sofistike kokusuyla tasarlanan bu l\u00fcks<\/p>\n","protected":false},"featured_media":11332,"comment_status":"open","ping_status":"closed","template":"","meta":{"_joinchat":[]},"product_brand":[],"product_cat":[78,79],"product_tag":[],"class_list":{"0":"post-11326","1":"product","2":"type-product","3":"status-publish","4":"has-post-thumbnail","6":"product_cat-araba-kokulari","7":"product_cat-araba-parfumu","8":"_wholesalex wsx-wholesalex-product","10":"first","11":"instock","12":"taxable","13":"shipping-taxable","14":"purchasable","15":"product-type-simple"},"jetpack_sharing_enabled":true,"_links":{"self":[{"href":"https:\/\/jacos.com.tr\/index.php\/wp-json\/wp\/v2\/product\/11326","targetHints":{"allow":["GET"]}}],"collection":[{"href":"https:\/\/jacos.com.tr\/index.php\/wp-json\/wp\/v2\/product"}],"about":[{"href":"https:\/\/jacos.com.tr\/index.php\/wp-json\/wp\/v2\/types\/product"}],"replies":[{"embeddable":true,"href":"https:\/\/jacos.com.tr\/index.php\/wp-json\/wp\/v2\/comments?post=11326"}],"version-history":[{"count":1,"href":"https:\/\/jacos.com.tr\/index.php\/wp-json\/wp\/v2\/product\/11326\/revisions"}],"predecessor-version":[{"id":11333,"href":"https:\/\/jacos.com.tr\/index.php\/wp-json\/wp\/v2\/product\/11326\/revisions\/11333"}],"wp:featuredmedia":[{"embeddable":true,"href":"https:\/\/jacos.com.tr\/index.php\/wp-json\/wp\/v2\/media\/11332"}],"wp:attachment":[{"href":"https:\/\/jacos.com.tr\/index.php\/wp-json\/wp\/v2\/media?parent=11326"}],"wp:term":[{"taxonomy":"product_brand","embeddable":true,"href":"https:\/\/jacos.com.tr\/index.php\/wp-json\/wp\/v2\/product_brand?post=11326"},{"taxonomy":"product_cat","embeddable":true,"href":"https:\/\/jacos.com.tr\/index.php\/wp-json\/wp\/v2\/product_cat?post=11326"},{"taxonomy":"product_tag","embeddable":true,"href":"https:\/\/jacos.com.tr\/index.php\/wp-json\/wp\/v2\/product_tag?post=11326"}],"curies":[{"name":"wp","href":"https:\/\/api.w.org\/{rel}","templated":true}]}}