{"id":11316,"date":"2024-11-10T20:45:58","date_gmt":"2024-11-10T17:45:58","guid":{"rendered":"https:\/\/jacos.com.tr\/?post_type=product&#038;p=11316"},"modified":"2024-11-10T20:47:55","modified_gmt":"2024-11-10T17:47:55","slug":"10lu-ekonomik-set-10-adet-8-ml-oto-arac-kokusu-ipli-asma-oto-parfumu-2","status":"publish","type":"product","link":"https:\/\/jacos.com.tr\/index.php\/product\/10lu-ekonomik-set-10-adet-8-ml-oto-arac-kokusu-ipli-asma-oto-parfumu-2\/","title":{"rendered":"10&#8217;lu Ekonomik Set 10 Adet 8 ml Oto Ara\u00e7 Kokusu Ipli Asma Oto Parf\u00fcm\u00fc"},"content":{"rendered":"<h2><span data-sheets-root=\"1\">Ara\u00e7 i\u00e7inde ge\u00e7irilen zaman\u0131n kalitesi ve atmosferi, s\u00fcr\u00fc\u015f deneyimini do\u011frudan etkileyen unsurlardan biridir. Ara\u00e7 sahipleri, yolculuklar\u0131n\u0131 daha keyifli hale getirmek ve arac\u0131n i\u00e7inde ho\u015f bir koku yaratmak i\u00e7in \u00e7e\u015fitli ara\u00e7 kokular\u0131n\u0131 tercih ederler. Bu kokular aras\u0131nda en pop\u00fcler olanlardan biri ise japon kiraz \u00e7i\u00e7e\u011fi, lavanta, leylak, amber, g\u00fclbah\u00e7esi, yasemin, sandal egzotik, bebek pudras\u0131, lotus ve s\u00fcmb\u00fcl kokulu ara\u00e7 kokusu asma ipli se\u00e7enekleridir. Bu etkileyici kokular\u0131n uzun s\u00fcre kal\u0131c\u0131l\u0131\u011f\u0131, arac\u0131n\u0131za adeta do\u011fal bir ferahl\u0131k katarken, ipli asma tasar\u0131m\u0131 ile de pratik bir kullan\u0131m sunar.<\/span><\/h2>\n","protected":false},"excerpt":{"rendered":"<p>Ara\u00e7 i\u00e7inde ge\u00e7irilen zaman\u0131n kalitesi ve atmosferi, s\u00fcr\u00fc\u015f deneyimini do\u011frudan etkileyen unsurlardan biridir. Ara\u00e7 sahipleri, yolculuklar\u0131n\u0131 daha keyifli hale getirmek<\/p>\n","protected":false},"featured_media":11318,"comment_status":"open","ping_status":"closed","template":"","meta":{"_joinchat":[]},"product_brand":[],"product_cat":[78],"product_tag":[],"class_list":{"0":"post-11316","1":"product","2":"type-product","3":"status-publish","4":"has-post-thumbnail","6":"product_cat-araba-kokulari","7":"_wholesalex wsx-wholesalex-product","9":"first","10":"instock","11":"taxable","12":"shipping-taxable","13":"purchasable","14":"product-type-simple"},"jetpack_sharing_enabled":true,"_links":{"self":[{"href":"https:\/\/jacos.com.tr\/index.php\/wp-json\/wp\/v2\/product\/11316","targetHints":{"allow":["GET"]}}],"collection":[{"href":"https:\/\/jacos.com.tr\/index.php\/wp-json\/wp\/v2\/product"}],"about":[{"href":"https:\/\/jacos.com.tr\/index.php\/wp-json\/wp\/v2\/types\/product"}],"replies":[{"embeddable":true,"href":"https:\/\/jacos.com.tr\/index.php\/wp-json\/wp\/v2\/comments?post=11316"}],"version-history":[{"count":1,"href":"https:\/\/jacos.com.tr\/index.php\/wp-json\/wp\/v2\/product\/11316\/revisions"}],"predecessor-version":[{"id":11319,"href":"https:\/\/jacos.com.tr\/index.php\/wp-json\/wp\/v2\/product\/11316\/revisions\/11319"}],"wp:featuredmedia":[{"embeddable":true,"href":"https:\/\/jacos.com.tr\/index.php\/wp-json\/wp\/v2\/media\/11318"}],"wp:attachment":[{"href":"https:\/\/jacos.com.tr\/index.php\/wp-json\/wp\/v2\/media?parent=11316"}],"wp:term":[{"taxonomy":"product_brand","embeddable":true,"href":"https:\/\/jacos.com.tr\/index.php\/wp-json\/wp\/v2\/product_brand?post=11316"},{"taxonomy":"product_cat","embeddable":true,"href":"https:\/\/jacos.com.tr\/index.php\/wp-json\/wp\/v2\/product_cat?post=11316"},{"taxonomy":"product_tag","embeddable":true,"href":"https:\/\/jacos.com.tr\/index.php\/wp-json\/wp\/v2\/product_tag?post=11316"}],"curies":[{"name":"wp","href":"https:\/\/api.w.org\/{rel}","templated":true}]}}