{"id":10980,"date":"2024-10-02T03:37:50","date_gmt":"2024-10-02T00:37:50","guid":{"rendered":"https:\/\/jacos.com.tr\/?post_type=product&#038;p=10980"},"modified":"2024-10-25T23:13:27","modified_gmt":"2024-10-25T20:13:27","slug":"gul-bakcesi-kokulu-bambu-cubuklu-gul-bahcesi-kokulu-cubuklu-oda-kokusu-50ml-reed-diffuser","status":"publish","type":"product","link":"https:\/\/jacos.com.tr\/index.php\/product\/gul-bakcesi-kokulu-bambu-cubuklu-gul-bahcesi-kokulu-cubuklu-oda-kokusu-50ml-reed-diffuser\/","title":{"rendered":"G\u00fcl Bak\u00e7esi Kokulu Bambu \u00c7ubuklu G\u00fcl Bah\u00e7esi Kokulu \u00c7ubuklu Oda Kokusu 50ml Reed Diffuser"},"content":{"rendered":"<p>G\u00fcl Bah\u00e7esi Bambu \u00c7ubuklu Oda Kokusu, 50ml&#8217;lik \u015fi\u015fesiyle ya\u015fam alanlar\u0131n\u0131za zarif bir dokunu\u015f getirir. Y\u00fcksek kaliteli G\u00fcl Bah\u00e7esi \u00f6zleri kullan\u0131larak \u00fcretilen bu reed diffuser, ferahlat\u0131c\u0131 ve sakinle\u015ftirici etkisiyle ortamdaki k\u00f6t\u00fc kokular\u0131 etkili bir \u015fekilde giderir. Bambu \u00e7ubuklar\u0131 sayesinde kokunun yay\u0131l\u0131m\u0131 maksimum seviyede sa\u011flan\u0131rken, estetik tasar\u0131m\u0131 ile de dekorasyonunuza \u015f\u0131kl\u0131k katar. Kalitesiyle dikkat \u00e7eken bu \u00fcr\u00fcn, her an\u0131n\u0131z\u0131 tazelikle doldurur.<\/p>\n","protected":false},"excerpt":{"rendered":"<p>G\u00fcl Bah\u00e7esi Bambu \u00c7ubuklu Oda Kokusu, 50ml&#8217;lik \u015fi\u015fesiyle ya\u015fam alanlar\u0131n\u0131za zarif bir dokunu\u015f getirir. Y\u00fcksek kaliteli G\u00fcl Bah\u00e7esi \u00f6zleri kullan\u0131larak<\/p>\n","protected":false},"featured_media":10835,"comment_status":"open","ping_status":"closed","template":"","meta":{"_joinchat":[]},"product_brand":[],"product_cat":[75,15,74,18],"product_tag":[],"class_list":{"0":"post-10980","1":"product","2":"type-product","3":"status-publish","4":"has-post-thumbnail","6":"product_cat-50ml","7":"product_cat-genel","8":"product_cat-babmbu-cubuklu-oda-kokulari","9":"product_cat-oda-kokusu","10":"_wholesalex wsx-wholesalex-product","12":"first","13":"instock","14":"sale","15":"taxable","16":"shipping-taxable","17":"purchasable","18":"product-type-simple"},"jetpack_sharing_enabled":true,"_links":{"self":[{"href":"https:\/\/jacos.com.tr\/index.php\/wp-json\/wp\/v2\/product\/10980","targetHints":{"allow":["GET"]}}],"collection":[{"href":"https:\/\/jacos.com.tr\/index.php\/wp-json\/wp\/v2\/product"}],"about":[{"href":"https:\/\/jacos.com.tr\/index.php\/wp-json\/wp\/v2\/types\/product"}],"replies":[{"embeddable":true,"href":"https:\/\/jacos.com.tr\/index.php\/wp-json\/wp\/v2\/comments?post=10980"}],"version-history":[{"count":1,"href":"https:\/\/jacos.com.tr\/index.php\/wp-json\/wp\/v2\/product\/10980\/revisions"}],"predecessor-version":[{"id":10981,"href":"https:\/\/jacos.com.tr\/index.php\/wp-json\/wp\/v2\/product\/10980\/revisions\/10981"}],"wp:featuredmedia":[{"embeddable":true,"href":"https:\/\/jacos.com.tr\/index.php\/wp-json\/wp\/v2\/media\/10835"}],"wp:attachment":[{"href":"https:\/\/jacos.com.tr\/index.php\/wp-json\/wp\/v2\/media?parent=10980"}],"wp:term":[{"taxonomy":"product_brand","embeddable":true,"href":"https:\/\/jacos.com.tr\/index.php\/wp-json\/wp\/v2\/product_brand?post=10980"},{"taxonomy":"product_cat","embeddable":true,"href":"https:\/\/jacos.com.tr\/index.php\/wp-json\/wp\/v2\/product_cat?post=10980"},{"taxonomy":"product_tag","embeddable":true,"href":"https:\/\/jacos.com.tr\/index.php\/wp-json\/wp\/v2\/product_tag?post=10980"}],"curies":[{"name":"wp","href":"https:\/\/api.w.org\/{rel}","templated":true}]}}