{"id":10956,"date":"2024-10-02T03:36:54","date_gmt":"2024-10-02T00:36:54","guid":{"rendered":"https:\/\/jacos.com.tr\/?post_type=product&#038;p=10956"},"modified":"2024-10-02T03:36:55","modified_gmt":"2024-10-02T00:36:55","slug":"12li-ekonomi-set-esansiyel-ucucu-yagi-buhardanlik-difuzor-esansi-oda-kokusu-5","status":"publish","type":"product","link":"https:\/\/jacos.com.tr\/index.php\/product\/12li-ekonomi-set-esansiyel-ucucu-yagi-buhardanlik-difuzor-esansi-oda-kokusu-5\/","title":{"rendered":"12&#8217;li Ekonomi SET Esansiyel U\u00e7ucu Ya\u011f\u0131 Buhardanl\u0131k Dif\u00fcz\u00f6r Esans\u0131 Oda Kokusu"},"content":{"rendered":"<p>Lavanta: Rahatlat\u0131c\u0131 etkisiyle bilinen lavanta esans\u0131, bulundu\u011fu ortama huzur ve dinginlik katarken, ferah bir koku sa\u011flar. Bebek Pudras\u0131: Yumu\u015fak ve nostaljik kokusuyla ortamlar\u0131 tatl\u0131 bir \u015fekilde sarar, tazelik hissi verir. S\u00fcmb\u00fcl: Ho\u015f ve zarif kokusuyla mek\u00e2nlara bahar tazeli\u011fi ve \u00e7i\u00e7eksi bir dokunu\u015f katar. Temizlik Ferahl\u0131\u011f\u0131: Temizlik sonras\u0131 tazeli\u011fi yans\u0131tan bu esans, ortama ferah ve temiz bir hava katar Ya\u011fmur Ormanlar\u0131: Do\u011fan\u0131n ferah ve taze kokusunu yans\u0131tan ya\u011fmur ormanlar\u0131 esans\u0131, canl\u0131l\u0131k ve huzur verir. Sandal A\u011fac\u0131: Sandal a\u011fac\u0131n\u0131n odunsu ve s\u0131cak kokusu, mek\u00e2nlara huzur verici bir dokunu\u015f ekler. Lilac Ekstra: Mor \u00e7i\u00e7eklerin hafif ve etkileyici kokusunu sunan lilac ekstra, ortamlar\u0131 zarif\u00e7e sarar. Akdeniz Esintisi: Akdeniz\u2019in ferahlat\u0131c\u0131, taze ve enerjik kokusunu ta\u015f\u0131yan bu esans, ortam\u0131 canland\u0131r\u0131r. Amber Romantik: Amber esans\u0131n\u0131n romantik ve s\u0131cak tonlar\u0131, bulundu\u011fu ortam\u0131 zarif ve ba\u015ftan \u00e7\u0131kar\u0131c\u0131 k\u0131lar. Japon Kiraz \u00c7i\u00e7e\u011fi: Hafif ve tatl\u0131 kokusuyla mek\u00e2nlara bahar\u0131n enerjisini ve zarafetini ta\u015f\u0131r. Beyaz Sabun: Temizlik ve ferahl\u0131k hissi uyand\u0131rarak evinizin her k\u00f6\u015fesine tazelik katar. Anti Stress: Stresi azaltmaya yard\u0131mc\u0131 olan anti-stress esans\u0131, rahatlat\u0131c\u0131 kokusuyla huzur dolu bir ortam yarat\u0131r.<\/p>\n","protected":false},"excerpt":{"rendered":"<p>Lavanta: Rahatlat\u0131c\u0131 etkisiyle bilinen lavanta esans\u0131, bulundu\u011fu ortama huzur ve dinginlik katarken, ferah bir koku sa\u011flar. Bebek Pudras\u0131: Yumu\u015fak ve<\/p>\n","protected":false},"featured_media":10805,"comment_status":"open","ping_status":"closed","template":"","meta":{"_joinchat":[]},"product_brand":[],"product_cat":[15,16,72],"product_tag":[],"class_list":{"0":"post-10956","1":"product","2":"type-product","3":"status-publish","4":"has-post-thumbnail","6":"product_cat-genel","7":"product_cat-essansiel-yag","8":"product_cat-12li-set","9":"_wholesalex wsx-wholesalex-product","11":"first","12":"instock","13":"taxable","14":"shipping-taxable","15":"purchasable","16":"product-type-simple"},"jetpack_sharing_enabled":true,"_links":{"self":[{"href":"https:\/\/jacos.com.tr\/index.php\/wp-json\/wp\/v2\/product\/10956","targetHints":{"allow":["GET"]}}],"collection":[{"href":"https:\/\/jacos.com.tr\/index.php\/wp-json\/wp\/v2\/product"}],"about":[{"href":"https:\/\/jacos.com.tr\/index.php\/wp-json\/wp\/v2\/types\/product"}],"replies":[{"embeddable":true,"href":"https:\/\/jacos.com.tr\/index.php\/wp-json\/wp\/v2\/comments?post=10956"}],"version-history":[{"count":1,"href":"https:\/\/jacos.com.tr\/index.php\/wp-json\/wp\/v2\/product\/10956\/revisions"}],"predecessor-version":[{"id":10957,"href":"https:\/\/jacos.com.tr\/index.php\/wp-json\/wp\/v2\/product\/10956\/revisions\/10957"}],"wp:featuredmedia":[{"embeddable":true,"href":"https:\/\/jacos.com.tr\/index.php\/wp-json\/wp\/v2\/media\/10805"}],"wp:attachment":[{"href":"https:\/\/jacos.com.tr\/index.php\/wp-json\/wp\/v2\/media?parent=10956"}],"wp:term":[{"taxonomy":"product_brand","embeddable":true,"href":"https:\/\/jacos.com.tr\/index.php\/wp-json\/wp\/v2\/product_brand?post=10956"},{"taxonomy":"product_cat","embeddable":true,"href":"https:\/\/jacos.com.tr\/index.php\/wp-json\/wp\/v2\/product_cat?post=10956"},{"taxonomy":"product_tag","embeddable":true,"href":"https:\/\/jacos.com.tr\/index.php\/wp-json\/wp\/v2\/product_tag?post=10956"}],"curies":[{"name":"wp","href":"https:\/\/api.w.org\/{rel}","templated":true}]}}