{"id":10948,"date":"2024-10-02T03:36:34","date_gmt":"2024-10-02T00:36:34","guid":{"rendered":"https:\/\/jacos.com.tr\/?post_type=product&#038;p=10948"},"modified":"2025-03-16T02:54:57","modified_gmt":"2025-03-15T23:54:57","slug":"12li-ekonomi-set-esansiyel-ucucu-yagi-buhardanlik-difuzor-esansi-oda-kokusu","status":"publish","type":"product","link":"https:\/\/jacos.com.tr\/index.php\/product\/12li-ekonomi-set-esansiyel-ucucu-yagi-buhardanlik-difuzor-esansi-oda-kokusu\/","title":{"rendered":"12&#8217;li Ekonomi SET Esansiyel U\u00e7ucu Ya\u011f\u0131 Buhardanl\u0131k Dif\u00fcz\u00f6r Esans\u0131 Oda Kokusu"},"content":{"rendered":"<p>Lavanta: Rahatlat\u0131c\u0131 etkisiyle bilinen lavanta esans\u0131, bulundu\u011fu ortama huzur ve dinginlik katarken, ferah bir koku sa\u011flar. Bebek pudras\u0131: Bebek pudras\u0131 esans\u0131, yumu\u015fak ve nostaljik kokusuyla ortamlar\u0131 tatl\u0131 bir \u015fekilde sarar, tazelik hissi verir. Okyanus esintisi: Denizden gelen ferahlat\u0131c\u0131 bir dokunu\u015f sunan okyanus esintisi, tazelik ve canl\u0131l\u0131k katar. \u00c7ikolata: \u00c7ikolata esans\u0131, tatl\u0131 ve cezbedici kokusuyla bulundu\u011fu ortam\u0131 s\u0131cak ve samimi bir atmosfere d\u00f6n\u00fc\u015ft\u00fcr\u00fcr. Baby mist: Bebeklerin tazeli\u011fini ve safl\u0131\u011f\u0131n\u0131 yans\u0131tan bu koku, hafifli\u011fi ve yumu\u015fakl\u0131\u011f\u0131yla huzur verir. Beyaz sabun: Beyaz sabun esans\u0131, temizlik ve ferahl\u0131k hissi uyand\u0131rarak evinizin her k\u00f6\u015fesine tazelik katar. Sandal egzotik: Sandal a\u011fac\u0131n\u0131n egzotik ve odunsu kokusu, mek\u00e2nlara mistik bir hava ve s\u0131cakl\u0131k getirir. Akdeniz esintisi: Akdeniz\u2019in ferahlat\u0131c\u0131, taze ve enerjik kokusunu ta\u015f\u0131yan bu esans, ortam\u0131 canland\u0131r\u0131r. Amber romantik: Amber esans\u0131n\u0131n romantik ve s\u0131cak tonlar\u0131, bulundu\u011fu ortam\u0131 zarif ve ba\u015ftan \u00e7\u0131kar\u0131c\u0131 k\u0131lar. Frans\u0131z g\u00fcl\u00fc: Frans\u0131z g\u00fcllerinin zarif ve \u015f\u0131k kokusunu ta\u015f\u0131yan bu esans, mek\u00e2nlara romantik bir dokunu\u015f ekler. Y\u00fcksek frekans: Enerji y\u00fckseltici etkisiyle bilinen bu esans, mek\u00e2nlara pozitif bir atmosfer ve canl\u0131l\u0131k kazand\u0131r\u0131r. Anti stress: Stresi azaltmaya yard\u0131mc\u0131 olan anti-stress esans\u0131, rahatlat\u0131c\u0131 kokusuyla huzur dolu bir ortam yarat\u0131r.<\/p>\n","protected":false},"excerpt":{"rendered":"<p>Lavanta: Rahatlat\u0131c\u0131 etkisiyle bilinen lavanta esans\u0131, bulundu\u011fu ortama huzur ve dinginlik katarken, ferah bir koku sa\u011flar. Bebek pudras\u0131: Bebek pudras\u0131<\/p>\n","protected":false},"featured_media":10801,"comment_status":"open","ping_status":"closed","template":"","meta":{"_joinchat":[]},"product_brand":[],"product_cat":[15,16,72],"product_tag":[],"class_list":{"0":"post-10948","1":"product","2":"type-product","3":"status-publish","4":"has-post-thumbnail","6":"product_cat-genel","7":"product_cat-essansiel-yag","8":"product_cat-12li-set","9":"_wholesalex wsx-wholesalex-product","11":"first","12":"instock","13":"taxable","14":"shipping-taxable","15":"purchasable","16":"product-type-simple"},"jetpack_sharing_enabled":true,"_links":{"self":[{"href":"https:\/\/jacos.com.tr\/index.php\/wp-json\/wp\/v2\/product\/10948","targetHints":{"allow":["GET"]}}],"collection":[{"href":"https:\/\/jacos.com.tr\/index.php\/wp-json\/wp\/v2\/product"}],"about":[{"href":"https:\/\/jacos.com.tr\/index.php\/wp-json\/wp\/v2\/types\/product"}],"replies":[{"embeddable":true,"href":"https:\/\/jacos.com.tr\/index.php\/wp-json\/wp\/v2\/comments?post=10948"}],"version-history":[{"count":1,"href":"https:\/\/jacos.com.tr\/index.php\/wp-json\/wp\/v2\/product\/10948\/revisions"}],"predecessor-version":[{"id":10949,"href":"https:\/\/jacos.com.tr\/index.php\/wp-json\/wp\/v2\/product\/10948\/revisions\/10949"}],"wp:featuredmedia":[{"embeddable":true,"href":"https:\/\/jacos.com.tr\/index.php\/wp-json\/wp\/v2\/media\/10801"}],"wp:attachment":[{"href":"https:\/\/jacos.com.tr\/index.php\/wp-json\/wp\/v2\/media?parent=10948"}],"wp:term":[{"taxonomy":"product_brand","embeddable":true,"href":"https:\/\/jacos.com.tr\/index.php\/wp-json\/wp\/v2\/product_brand?post=10948"},{"taxonomy":"product_cat","embeddable":true,"href":"https:\/\/jacos.com.tr\/index.php\/wp-json\/wp\/v2\/product_cat?post=10948"},{"taxonomy":"product_tag","embeddable":true,"href":"https:\/\/jacos.com.tr\/index.php\/wp-json\/wp\/v2\/product_tag?post=10948"}],"curies":[{"name":"wp","href":"https:\/\/api.w.org\/{rel}","templated":true}]}}