{"id":10934,"date":"2024-10-02T03:36:00","date_gmt":"2024-10-02T00:36:00","guid":{"rendered":"https:\/\/jacos.com.tr\/?post_type=product&#038;p=10934"},"modified":"2024-10-02T03:36:01","modified_gmt":"2024-10-02T00:36:01","slug":"6li-ekonomi-set-esansiyel-ucucu-yagi-buhardanlik-difuzor-esansi-oda-kokusu-17","status":"publish","type":"product","link":"https:\/\/jacos.com.tr\/index.php\/product\/6li-ekonomi-set-esansiyel-ucucu-yagi-buhardanlik-difuzor-esansi-oda-kokusu-17\/","title":{"rendered":"6&#8217;l\u0131 Ekonomi SET Esansiyel U\u00e7ucu Ya\u011f\u0131 Buhardanl\u0131k Dif\u00fcz\u00f6r Esans\u0131 Oda Kokusu"},"content":{"rendered":"<p>Sandal A\u011fac\u0131 Esansiyel Ya\u011f\u0131,Y\u00fcksek Frekans Esansiyel Ya\u011f\u0131,\u00c7ikolata Esansiyel Ya\u011f\u0131,Beyaz Sabun Esansiyel Ya\u011f\u0131,Bebek Pudras\u0131 Esansiyel Ya\u011f\u0131,Temizlik Ferahl\u0131\u011f\u0131 Esansiyel Ya\u011f\u0131: Sandal a\u011fac\u0131 esansiyel ya\u011f\u0131, odunsu ve egzotik kokusuyla derin bir huzur sa\u011flar. Meditasyon, masaj ve rahatlama anlar\u0131nda zihni sakinle\u015ftirir ve dengeyi destekler. Ruhunuzu dinlendiren bu ya\u011f, ya\u015fam alan\u0131n\u0131za huzur ve sakinlik katar. Y\u00fcksek frekans esansiyel ya\u011f\u0131, enerjinizi y\u00fckseltir ve ruh halinizi dengeler. Yo\u011fun g\u00fcnlerin ard\u0131ndan zihinsel berrakl\u0131k sa\u011flayarak motivasyonunuzu art\u0131r\u0131r. Zindelik arayanlar i\u00e7in m\u00fckemmel bir se\u00e7imdir. \u00c7ikolata esansiyel ya\u011f\u0131, tatl\u0131 ve yo\u011fun aromas\u0131yla keyifli bir atmosfer yarat\u0131r. \u00d6zellikle rahatlamak ve kendinizi \u015f\u0131martmak istedi\u011finiz anlarda kullanabilece\u011finiz bu ya\u011f, ortam\u0131n\u0131za s\u0131cak ve tatl\u0131 bir dokunu\u015f katar. Beyaz sabun esansiyel ya\u011f\u0131, temiz ve taze kokusuyla nostaljik bir ferahl\u0131k sunar. Evinize temizlik ve tazelik hissi katarak rahatlat\u0131c\u0131 bir atmosfer olu\u015fturur. Saf ve sade bir koku arayanlar i\u00e7in idealdir. Bebek pudras\u0131 esansiyel ya\u011f\u0131, yumu\u015fak ve nostaljik kokusuyla huzur verir. Ferah ve hafif aromas\u0131, ya\u015fam alan\u0131n\u0131za sakinlik ve dinginlik katar. \u00d6zellikle bebek odalar\u0131 i\u00e7in ideal olup, rahatlat\u0131c\u0131 bir etkiye sahiptir. Temizlik ferahl\u0131\u011f\u0131 esansiyel ya\u011f\u0131, evinizi taze ve temiz bir kokuyla doldurur. Ferahlat\u0131c\u0131 ve canland\u0131r\u0131c\u0131 etkisiyle g\u00fcn boyu zindelik sa\u011flar. Temiz ve d\u00fczenli bir atmosfer yaratmak i\u00e7in m\u00fckemmel bir tercihtir.<\/p>\n","protected":false},"excerpt":{"rendered":"<p>Sandal A\u011fac\u0131 Esansiyel Ya\u011f\u0131,Y\u00fcksek Frekans Esansiyel Ya\u011f\u0131,\u00c7ikolata Esansiyel Ya\u011f\u0131,Beyaz Sabun Esansiyel Ya\u011f\u0131,Bebek Pudras\u0131 Esansiyel Ya\u011f\u0131,Temizlik Ferahl\u0131\u011f\u0131 Esansiyel Ya\u011f\u0131: Sandal a\u011fac\u0131<\/p>\n","protected":false},"featured_media":10715,"comment_status":"open","ping_status":"closed","template":"","meta":{"_joinchat":[]},"product_brand":[],"product_cat":[15,16,71],"product_tag":[],"class_list":{"0":"post-10934","1":"product","2":"type-product","3":"status-publish","4":"has-post-thumbnail","6":"product_cat-genel","7":"product_cat-essansiel-yag","8":"product_cat-6li-set","9":"_wholesalex wsx-wholesalex-product","11":"first","12":"instock","13":"taxable","14":"shipping-taxable","15":"purchasable","16":"product-type-simple"},"jetpack_sharing_enabled":true,"_links":{"self":[{"href":"https:\/\/jacos.com.tr\/index.php\/wp-json\/wp\/v2\/product\/10934","targetHints":{"allow":["GET"]}}],"collection":[{"href":"https:\/\/jacos.com.tr\/index.php\/wp-json\/wp\/v2\/product"}],"about":[{"href":"https:\/\/jacos.com.tr\/index.php\/wp-json\/wp\/v2\/types\/product"}],"replies":[{"embeddable":true,"href":"https:\/\/jacos.com.tr\/index.php\/wp-json\/wp\/v2\/comments?post=10934"}],"version-history":[{"count":1,"href":"https:\/\/jacos.com.tr\/index.php\/wp-json\/wp\/v2\/product\/10934\/revisions"}],"predecessor-version":[{"id":10935,"href":"https:\/\/jacos.com.tr\/index.php\/wp-json\/wp\/v2\/product\/10934\/revisions\/10935"}],"wp:featuredmedia":[{"embeddable":true,"href":"https:\/\/jacos.com.tr\/index.php\/wp-json\/wp\/v2\/media\/10715"}],"wp:attachment":[{"href":"https:\/\/jacos.com.tr\/index.php\/wp-json\/wp\/v2\/media?parent=10934"}],"wp:term":[{"taxonomy":"product_brand","embeddable":true,"href":"https:\/\/jacos.com.tr\/index.php\/wp-json\/wp\/v2\/product_brand?post=10934"},{"taxonomy":"product_cat","embeddable":true,"href":"https:\/\/jacos.com.tr\/index.php\/wp-json\/wp\/v2\/product_cat?post=10934"},{"taxonomy":"product_tag","embeddable":true,"href":"https:\/\/jacos.com.tr\/index.php\/wp-json\/wp\/v2\/product_tag?post=10934"}],"curies":[{"name":"wp","href":"https:\/\/api.w.org\/{rel}","templated":true}]}}