{"id":10932,"date":"2024-10-02T03:35:55","date_gmt":"2024-10-02T00:35:55","guid":{"rendered":"https:\/\/jacos.com.tr\/?post_type=product&#038;p=10932"},"modified":"2024-10-02T03:35:56","modified_gmt":"2024-10-02T00:35:56","slug":"6li-ekonomi-set-esansiyel-ucucu-yagi-buhardanlik-difuzor-esansi-oda-kokusu-16","status":"publish","type":"product","link":"https:\/\/jacos.com.tr\/index.php\/product\/6li-ekonomi-set-esansiyel-ucucu-yagi-buhardanlik-difuzor-esansi-oda-kokusu-16\/","title":{"rendered":"6&#8217;l\u0131 Ekonomi SET Esansiyel U\u00e7ucu Ya\u011f\u0131 Buhardanl\u0131k Dif\u00fcz\u00f6r Esans\u0131 Oda Kokusu"},"content":{"rendered":"<p>Sandal A\u011fac\u0131 Esansiyel Ya\u011f\u0131,Y\u00fcksek Frekans Esansiyel Ya\u011f\u0131,Amber Romantik Esansiyel Ya\u011f\u0131,Lotus \u00c7i\u00e7e\u011fi Esansiyel Ya\u011f\u0131,Bebek Pudras\u0131 Esansiyel Ya\u011f\u0131,\u00c7ikolata Esansiyel Ya\u011f\u0131: Sandal a\u011fac\u0131 esansiyel ya\u011f\u0131, odunsu ve s\u0131cak aromas\u0131yla huzur verir ve rahatlama sa\u011flar. Meditasyon ve masaj seanslar\u0131nda kullan\u0131lan bu ya\u011f, zihni sakinle\u015ftirir ve i\u00e7sel dengeyi destekler. Rahatlat\u0131c\u0131 etkisiyle \u00f6zel anlar\u0131n\u0131z\u0131 daha anlaml\u0131 k\u0131lar. Y\u00fcksek frekans esansiyel ya\u011f\u0131, enerjinizi y\u00fckseltmek ve ruh halinizi dengelemek i\u00e7in ideal bir se\u00e7enektir. Zihinsel berrakl\u0131k sa\u011flar ve motivasyonunuzu art\u0131r\u0131r. Yo\u011fun g\u00fcnlerde enerjinizi tazelemek i\u00e7in m\u00fckemmeldir. Amber romantik esansiyel ya\u011f\u0131, s\u0131cak ve tatl\u0131 notalar\u0131yla romantik bir atmosfer yarat\u0131r. Zihni ve bedeni sakinle\u015ftirerek duyusal bir deneyim sunar. Masaj, meditasyon ve \u00f6zel anlar i\u00e7in m\u00fckemmel bir se\u00e7imdir. Lotus \u00e7i\u00e7e\u011fi esansiyel ya\u011f\u0131, mistik ve zarif kokusuyla ruhunuzu dinginle\u015ftirir. Duyusal bir rahatlama sunan bu ya\u011f, meditasyon ve yoga seanslar\u0131 i\u00e7in idealdir. Lotus \u00e7i\u00e7e\u011finin saf ve huzur verici etkisiyle zihin ve bedeni yeniler. Bebek pudras\u0131 esansiyel ya\u011f\u0131, yumu\u015fak ve nostaljik kokusuyla rahatl\u0131k sunar. Temiz ve hafif aromas\u0131yla evinizde taze bir atmosfer yarat\u0131r. \u00d6zellikle bebek odalar\u0131 i\u00e7in uygun olup, sakinlik ve huzur sa\u011flar. \u00c7ikolata esansiyel ya\u011f\u0131, tatl\u0131 ve yo\u011fun kokusuyla duyusal bir deneyim sunar. Kendinizi \u015f\u0131martmak ve rahatlamak istedi\u011finiz anlarda bu ya\u011f\u0131 kullanarak ortam\u0131n\u0131za tatl\u0131 bir dokunu\u015f katabilirsiniz. \u00d6zellikle keyifli anlar i\u00e7in idealdir.<\/p>\n","protected":false},"excerpt":{"rendered":"<p>Sandal A\u011fac\u0131 Esansiyel Ya\u011f\u0131,Y\u00fcksek Frekans Esansiyel Ya\u011f\u0131,Amber Romantik Esansiyel Ya\u011f\u0131,Lotus \u00c7i\u00e7e\u011fi Esansiyel Ya\u011f\u0131,Bebek Pudras\u0131 Esansiyel Ya\u011f\u0131,\u00c7ikolata Esansiyel Ya\u011f\u0131: Sandal a\u011fac\u0131<\/p>\n","protected":false},"featured_media":10714,"comment_status":"open","ping_status":"closed","template":"","meta":{"_joinchat":[]},"product_brand":[],"product_cat":[15,16,71],"product_tag":[],"class_list":{"0":"post-10932","1":"product","2":"type-product","3":"status-publish","4":"has-post-thumbnail","6":"product_cat-genel","7":"product_cat-essansiel-yag","8":"product_cat-6li-set","9":"_wholesalex wsx-wholesalex-product","11":"first","12":"instock","13":"taxable","14":"shipping-taxable","15":"purchasable","16":"product-type-simple"},"jetpack_sharing_enabled":true,"_links":{"self":[{"href":"https:\/\/jacos.com.tr\/index.php\/wp-json\/wp\/v2\/product\/10932","targetHints":{"allow":["GET"]}}],"collection":[{"href":"https:\/\/jacos.com.tr\/index.php\/wp-json\/wp\/v2\/product"}],"about":[{"href":"https:\/\/jacos.com.tr\/index.php\/wp-json\/wp\/v2\/types\/product"}],"replies":[{"embeddable":true,"href":"https:\/\/jacos.com.tr\/index.php\/wp-json\/wp\/v2\/comments?post=10932"}],"version-history":[{"count":1,"href":"https:\/\/jacos.com.tr\/index.php\/wp-json\/wp\/v2\/product\/10932\/revisions"}],"predecessor-version":[{"id":10933,"href":"https:\/\/jacos.com.tr\/index.php\/wp-json\/wp\/v2\/product\/10932\/revisions\/10933"}],"wp:featuredmedia":[{"embeddable":true,"href":"https:\/\/jacos.com.tr\/index.php\/wp-json\/wp\/v2\/media\/10714"}],"wp:attachment":[{"href":"https:\/\/jacos.com.tr\/index.php\/wp-json\/wp\/v2\/media?parent=10932"}],"wp:term":[{"taxonomy":"product_brand","embeddable":true,"href":"https:\/\/jacos.com.tr\/index.php\/wp-json\/wp\/v2\/product_brand?post=10932"},{"taxonomy":"product_cat","embeddable":true,"href":"https:\/\/jacos.com.tr\/index.php\/wp-json\/wp\/v2\/product_cat?post=10932"},{"taxonomy":"product_tag","embeddable":true,"href":"https:\/\/jacos.com.tr\/index.php\/wp-json\/wp\/v2\/product_tag?post=10932"}],"curies":[{"name":"wp","href":"https:\/\/api.w.org\/{rel}","templated":true}]}}