{"id":10930,"date":"2024-10-02T03:35:50","date_gmt":"2024-10-02T00:35:50","guid":{"rendered":"https:\/\/jacos.com.tr\/?post_type=product&#038;p=10930"},"modified":"2024-10-02T03:35:52","modified_gmt":"2024-10-02T00:35:52","slug":"6li-ekonomi-set-esansiyel-ucucu-yagi-buhardanlik-difuzor-esansi-oda-kokusu-15","status":"publish","type":"product","link":"https:\/\/jacos.com.tr\/index.php\/product\/6li-ekonomi-set-esansiyel-ucucu-yagi-buhardanlik-difuzor-esansi-oda-kokusu-15\/","title":{"rendered":"6&#8217;l\u0131 Ekonomi SET Esansiyel U\u00e7ucu Ya\u011f\u0131 Buhardanl\u0131k Dif\u00fcz\u00f6r Esans\u0131 Oda Kokusu"},"content":{"rendered":"<p>Sandal A\u011fac\u0131 Esansiyel Ya\u011f\u0131,Lilac Ekstra Esansiyel Ya\u011f\u0131,Ya\u011fmur Ormanlar\u0131 Esansiyel Ya\u011f\u0131,Japon Kiraz \u00c7i\u00e7e\u011fi Esansiyel Ya\u011f\u0131,Okyanus Esintisi Esansiyel Ya\u011f\u0131,Lavanta Esansiyel Ya\u011f\u0131: Sandal a\u011fac\u0131 esansiyel ya\u011f\u0131, odunsu ve egzotik aromas\u0131yla sakinlik ve huzur sa\u011flar. Meditasyon, masaj ve rahatlama anlar\u0131nda derin bir rahatlama sunar. \u0130\u00e7sel dengeyi destekleyen bu ya\u011f, zihninizi yat\u0131\u015ft\u0131r\u0131r. Lilac ekstra esansiyel ya\u011f\u0131, taze ve zarif \u00e7i\u00e7ek kokusuyla ruhunuzu dinlendirir. Rahatlat\u0131c\u0131 ve ferahlat\u0131c\u0131 etkisiyle ya\u015fam alan\u0131n\u0131za tazelik katar. \u00d6zellikle stresli g\u00fcnlerde dinginlik arayanlar i\u00e7in idealdir. Ya\u011fmur ormanlar\u0131 esansiyel ya\u011f\u0131, do\u011fan\u0131n tazeleyici ve ferahlat\u0131c\u0131 \u00f6zlerini bir araya getirir. Egzotik bitki kokular\u0131yla zenginle\u015ftirilen bu ya\u011f, stresi azalt\u0131r ve huzur verir. Do\u011fan\u0131n sakinle\u015ftirici etkisini evinize ta\u015f\u0131yan bir atmosfer yarat\u0131r. Japon kiraz \u00e7i\u00e7e\u011fi esansiyel ya\u011f\u0131, zarif ve hafif \u00e7i\u00e7eksi kokusuyla sizi dinginli\u011fe davet eder. Meditasyon, yoga ve rahatlama anlar\u0131 i\u00e7in m\u00fckemmel bir se\u00e7imdir. Bu ya\u011f, evinize huzur ve sakinlik katar. Okyanus esintisi esansiyel ya\u011f\u0131, denizlerin tazeleyici ve ferahlat\u0131c\u0131 etkisini evinize getirir. Canland\u0131r\u0131c\u0131 ve yenileyici bu ya\u011f, enerjinizi tazeler ve g\u00fcn boyu zindelik sa\u011flar. Serin bir atmosfer yaratmak i\u00e7in idealdir. Lavanta esansiyel ya\u011f\u0131, rahatlat\u0131c\u0131 ve sakinle\u015ftirici \u00f6zellikleriyle bilinir. Stresi azaltarak huzurlu bir uyku sa\u011flar ve ya\u015fam alan\u0131n\u0131za dinginlik katar. Ho\u015f \u00e7i\u00e7eksi aromas\u0131yla ruhunuzu besler ve yat\u0131\u015ft\u0131r\u0131r.<\/p>\n","protected":false},"excerpt":{"rendered":"<p>Sandal A\u011fac\u0131 Esansiyel Ya\u011f\u0131,Lilac Ekstra Esansiyel Ya\u011f\u0131,Ya\u011fmur Ormanlar\u0131 Esansiyel Ya\u011f\u0131,Japon Kiraz \u00c7i\u00e7e\u011fi Esansiyel Ya\u011f\u0131,Okyanus Esintisi Esansiyel Ya\u011f\u0131,Lavanta Esansiyel Ya\u011f\u0131: Sandal<\/p>\n","protected":false},"featured_media":10713,"comment_status":"open","ping_status":"closed","template":"","meta":{"_joinchat":[]},"product_brand":[],"product_cat":[15,16,71],"product_tag":[],"class_list":{"0":"post-10930","1":"product","2":"type-product","3":"status-publish","4":"has-post-thumbnail","6":"product_cat-genel","7":"product_cat-essansiel-yag","8":"product_cat-6li-set","9":"_wholesalex wsx-wholesalex-product","11":"first","12":"instock","13":"taxable","14":"shipping-taxable","15":"purchasable","16":"product-type-simple"},"jetpack_sharing_enabled":true,"_links":{"self":[{"href":"https:\/\/jacos.com.tr\/index.php\/wp-json\/wp\/v2\/product\/10930","targetHints":{"allow":["GET"]}}],"collection":[{"href":"https:\/\/jacos.com.tr\/index.php\/wp-json\/wp\/v2\/product"}],"about":[{"href":"https:\/\/jacos.com.tr\/index.php\/wp-json\/wp\/v2\/types\/product"}],"replies":[{"embeddable":true,"href":"https:\/\/jacos.com.tr\/index.php\/wp-json\/wp\/v2\/comments?post=10930"}],"version-history":[{"count":1,"href":"https:\/\/jacos.com.tr\/index.php\/wp-json\/wp\/v2\/product\/10930\/revisions"}],"predecessor-version":[{"id":10931,"href":"https:\/\/jacos.com.tr\/index.php\/wp-json\/wp\/v2\/product\/10930\/revisions\/10931"}],"wp:featuredmedia":[{"embeddable":true,"href":"https:\/\/jacos.com.tr\/index.php\/wp-json\/wp\/v2\/media\/10713"}],"wp:attachment":[{"href":"https:\/\/jacos.com.tr\/index.php\/wp-json\/wp\/v2\/media?parent=10930"}],"wp:term":[{"taxonomy":"product_brand","embeddable":true,"href":"https:\/\/jacos.com.tr\/index.php\/wp-json\/wp\/v2\/product_brand?post=10930"},{"taxonomy":"product_cat","embeddable":true,"href":"https:\/\/jacos.com.tr\/index.php\/wp-json\/wp\/v2\/product_cat?post=10930"},{"taxonomy":"product_tag","embeddable":true,"href":"https:\/\/jacos.com.tr\/index.php\/wp-json\/wp\/v2\/product_tag?post=10930"}],"curies":[{"name":"wp","href":"https:\/\/api.w.org\/{rel}","templated":true}]}}