{"id":10928,"date":"2024-10-02T03:35:46","date_gmt":"2024-10-02T00:35:46","guid":{"rendered":"https:\/\/jacos.com.tr\/?post_type=product&#038;p=10928"},"modified":"2024-10-02T03:35:47","modified_gmt":"2024-10-02T00:35:47","slug":"6li-ekonomi-set-esansiyel-ucucu-yagi-buhardanlik-difuzor-esansi-oda-kokusu-14","status":"publish","type":"product","link":"https:\/\/jacos.com.tr\/index.php\/product\/6li-ekonomi-set-esansiyel-ucucu-yagi-buhardanlik-difuzor-esansi-oda-kokusu-14\/","title":{"rendered":"6&#8217;l\u0131 Ekonomi SET Esansiyel U\u00e7ucu Ya\u011f\u0131 Buhardanl\u0131k Dif\u00fcz\u00f6r Esans\u0131 Oda Kokusu"},"content":{"rendered":"<p>Sandal A\u011fac\u0131 Esansiyel Ya\u011f\u0131,Lavanta Esansiyel Ya\u011f\u0131,Ya\u011fmur Ormanlar\u0131 Esansiyel Ya\u011f\u0131,Yasemin \u00c7i\u00e7e\u011fi Esansiyel Ya\u011f\u0131,Okyanus Esintisi Esansiyel Ya\u011f\u0131,Anti-Stress Esansiyel Ya\u011f\u0131: Sandal a\u011fac\u0131 esansiyel ya\u011f\u0131, derin ve odunsu aromas\u0131yla zihni sakinle\u015ftirir ve huzur verir. Meditasyon, masaj ve rahatlama anlar\u0131 i\u00e7in ideal olan bu ya\u011f, ruhunuzu dinlendirir ve i\u00e7sel bir denge sa\u011flar. Lavanta esansiyel ya\u011f\u0131, stresi azaltan ve uyku kalitesini art\u0131ran rahatlat\u0131c\u0131 bir etkiye sahiptir. Hafif ve ho\u015f \u00e7i\u00e7eksi kokusuyla ruhunuzu dinlendirir, ya\u015fam alan\u0131n\u0131za huzur ve dinginlik katar. Ya\u011fmur ormanlar\u0131 esansiyel ya\u011f\u0131, do\u011fan\u0131n tazeleyici ve ferahlat\u0131c\u0131 kokusunu evinize ta\u015f\u0131r. Egzotik bitki \u00f6zleriyle zenginle\u015ftirilmi\u015f bu ya\u011f, stresi azaltarak huzur verir ve do\u011fal bir atmosfer yarat\u0131r. Yasemin \u00e7i\u00e7e\u011fi esansiyel ya\u011f\u0131, ba\u015f d\u00f6nd\u00fcr\u00fcc\u00fc ve yo\u011fun kokusuyla duygusal denge sa\u011flar. Romantik bir atmosfer yaratan bu ya\u011f, sakinle\u015ftirici ve canland\u0131r\u0131c\u0131 etkileriyle \u00f6ne \u00e7\u0131kar. \u00d6zel anlar i\u00e7in idealdir. Okyanus esintisi esansiyel ya\u011f\u0131, deniz havas\u0131n\u0131n ferahlat\u0131c\u0131 etkisini evinize getirir. Canland\u0131r\u0131c\u0131 ve tazeleyici bu ya\u011f, enerjinizi yeniler ve s\u0131cak g\u00fcnlerde serin bir atmosfer sa\u011flar. Anti-stress esansiyel ya\u011f\u0131, stres ve gerginli\u011fi hafifletmek i\u00e7in \u00f6zel olarak form\u00fcle edilmi\u015ftir. Rahatlat\u0131c\u0131 bitki \u00f6zleriyle zenginle\u015ftirilmi\u015f bu ya\u011f, zihinsel ve bedensel rahatlama sa\u011flar. Aromaterapi, masaj ve banyo i\u00e7in m\u00fckemmel bir se\u00e7imdir.<\/p>\n","protected":false},"excerpt":{"rendered":"<p>Sandal A\u011fac\u0131 Esansiyel Ya\u011f\u0131,Lavanta Esansiyel Ya\u011f\u0131,Ya\u011fmur Ormanlar\u0131 Esansiyel Ya\u011f\u0131,Yasemin \u00c7i\u00e7e\u011fi Esansiyel Ya\u011f\u0131,Okyanus Esintisi Esansiyel Ya\u011f\u0131,Anti-Stress Esansiyel Ya\u011f\u0131: Sandal a\u011fac\u0131 esansiyel<\/p>\n","protected":false},"featured_media":10712,"comment_status":"open","ping_status":"closed","template":"","meta":{"_joinchat":[]},"product_brand":[],"product_cat":[15,16,71],"product_tag":[],"class_list":{"0":"post-10928","1":"product","2":"type-product","3":"status-publish","4":"has-post-thumbnail","6":"product_cat-genel","7":"product_cat-essansiel-yag","8":"product_cat-6li-set","9":"_wholesalex wsx-wholesalex-product","11":"first","12":"instock","13":"taxable","14":"shipping-taxable","15":"purchasable","16":"product-type-simple"},"jetpack_sharing_enabled":true,"_links":{"self":[{"href":"https:\/\/jacos.com.tr\/index.php\/wp-json\/wp\/v2\/product\/10928","targetHints":{"allow":["GET"]}}],"collection":[{"href":"https:\/\/jacos.com.tr\/index.php\/wp-json\/wp\/v2\/product"}],"about":[{"href":"https:\/\/jacos.com.tr\/index.php\/wp-json\/wp\/v2\/types\/product"}],"replies":[{"embeddable":true,"href":"https:\/\/jacos.com.tr\/index.php\/wp-json\/wp\/v2\/comments?post=10928"}],"version-history":[{"count":1,"href":"https:\/\/jacos.com.tr\/index.php\/wp-json\/wp\/v2\/product\/10928\/revisions"}],"predecessor-version":[{"id":10929,"href":"https:\/\/jacos.com.tr\/index.php\/wp-json\/wp\/v2\/product\/10928\/revisions\/10929"}],"wp:featuredmedia":[{"embeddable":true,"href":"https:\/\/jacos.com.tr\/index.php\/wp-json\/wp\/v2\/media\/10712"}],"wp:attachment":[{"href":"https:\/\/jacos.com.tr\/index.php\/wp-json\/wp\/v2\/media?parent=10928"}],"wp:term":[{"taxonomy":"product_brand","embeddable":true,"href":"https:\/\/jacos.com.tr\/index.php\/wp-json\/wp\/v2\/product_brand?post=10928"},{"taxonomy":"product_cat","embeddable":true,"href":"https:\/\/jacos.com.tr\/index.php\/wp-json\/wp\/v2\/product_cat?post=10928"},{"taxonomy":"product_tag","embeddable":true,"href":"https:\/\/jacos.com.tr\/index.php\/wp-json\/wp\/v2\/product_tag?post=10928"}],"curies":[{"name":"wp","href":"https:\/\/api.w.org\/{rel}","templated":true}]}}