{"id":10926,"date":"2024-10-02T03:35:40","date_gmt":"2024-10-02T00:35:40","guid":{"rendered":"https:\/\/jacos.com.tr\/?post_type=product&#038;p=10926"},"modified":"2024-10-02T03:35:42","modified_gmt":"2024-10-02T00:35:42","slug":"6li-ekonomi-set-esansiyel-ucucu-yagi-buhardanlik-difuzor-esansi-oda-kokusu-13","status":"publish","type":"product","link":"https:\/\/jacos.com.tr\/index.php\/product\/6li-ekonomi-set-esansiyel-ucucu-yagi-buhardanlik-difuzor-esansi-oda-kokusu-13\/","title":{"rendered":"6&#8217;l\u0131 Ekonomi SET Esansiyel U\u00e7ucu Ya\u011f\u0131 Buhardanl\u0131k Dif\u00fcz\u00f6r Esans\u0131 Oda Kokusu"},"content":{"rendered":"<p>Sandal A\u011fac\u0131 Esansiyel Ya\u011f\u0131,Lavanta Esansiyel Ya\u011f\u0131,Okyanus Esintisi Esansiyel Ya\u011f\u0131,Yasemin \u00c7i\u00e7e\u011fi Esansiyel Ya\u011f\u0131,Ya\u011fmur Ormanlar\u0131 Esansiyel Ya\u011f\u0131,Beyaz Sabun Esansiyel Ya\u011f\u0131: Sandal a\u011fac\u0131 esansiyel ya\u011f\u0131, odunsu ve egzotik kokusuyla sakinlik ve huzur sa\u011flar. Meditasyon ve masaj seanslar\u0131nda derin bir rahatlama sunar. Zihni yat\u0131\u015ft\u0131r\u0131c\u0131 etkisiyle \u00f6ne \u00e7\u0131kan bu ya\u011f, i\u00e7sel denge arayanlar i\u00e7in m\u00fckemmeldir. Lavanta esansiyel ya\u011f\u0131, rahatlat\u0131c\u0131 ve yat\u0131\u015ft\u0131r\u0131c\u0131 \u00f6zellikleriyle stres azalt\u0131c\u0131d\u0131r. Hafif \u00e7i\u00e7eksi kokusu uyku kalitesini art\u0131rmaya yard\u0131mc\u0131 olur. Ya\u015fam alan\u0131n\u0131za dinginlik ve huzur katmak i\u00e7in idealdir. Okyanus esintisi esansiyel ya\u011f\u0131, denizlerin ferahlat\u0131c\u0131 etkisini evinize getirir. Canland\u0131r\u0131c\u0131 ve tazeleyici bu ya\u011f, ruhunuzu yeniler. \u00d6zellikle s\u0131cak yaz g\u00fcnlerinde serin bir atmosfer yaratmak i\u00e7in idealdir. Yasemin \u00e7i\u00e7e\u011fi esansiyel ya\u011f\u0131, yo\u011fun ve ba\u015f d\u00f6nd\u00fcr\u00fcc\u00fc kokusuyla romantik bir atmosfer yarat\u0131r. Duygusal dengeyi sa\u011flar, rahatlat\u0131c\u0131 ve canland\u0131r\u0131c\u0131 etkileriyle \u00f6ne \u00e7\u0131kar. \u00d6zel anlar i\u00e7in m\u00fckemmel bir se\u00e7imdir. Ya\u011fmur ormanlar\u0131 esansiyel ya\u011f\u0131, do\u011fan\u0131n tazeleyici g\u00fcc\u00fcn\u00fc evinize ta\u015f\u0131r. Egzotik bitki \u00f6zleriyle zenginle\u015ftirilmi\u015f bu ya\u011f, stresi azalt\u0131r ve huzur verir. Do\u011fal bir atmosfer olu\u015fturmak i\u00e7in idealdir. Beyaz sabun esansiyel ya\u011f\u0131, temiz ve taze kokusuyla evinize nostaljik bir hava katar. Ferahlat\u0131c\u0131 ve rahatlat\u0131c\u0131 etkisiyle ya\u015fam alan\u0131n\u0131z\u0131 yeniler. Saf ve do\u011fal kokusuyla temizlik hissini art\u0131r\u0131r.<\/p>\n","protected":false},"excerpt":{"rendered":"<p>Sandal A\u011fac\u0131 Esansiyel Ya\u011f\u0131,Lavanta Esansiyel Ya\u011f\u0131,Okyanus Esintisi Esansiyel Ya\u011f\u0131,Yasemin \u00c7i\u00e7e\u011fi Esansiyel Ya\u011f\u0131,Ya\u011fmur Ormanlar\u0131 Esansiyel Ya\u011f\u0131,Beyaz Sabun Esansiyel Ya\u011f\u0131: Sandal a\u011fac\u0131<\/p>\n","protected":false},"featured_media":10711,"comment_status":"open","ping_status":"closed","template":"","meta":{"_joinchat":[]},"product_brand":[],"product_cat":[15,16,71],"product_tag":[],"class_list":{"0":"post-10926","1":"product","2":"type-product","3":"status-publish","4":"has-post-thumbnail","6":"product_cat-genel","7":"product_cat-essansiel-yag","8":"product_cat-6li-set","9":"_wholesalex wsx-wholesalex-product","11":"first","12":"instock","13":"taxable","14":"shipping-taxable","15":"purchasable","16":"product-type-simple"},"jetpack_sharing_enabled":true,"_links":{"self":[{"href":"https:\/\/jacos.com.tr\/index.php\/wp-json\/wp\/v2\/product\/10926","targetHints":{"allow":["GET"]}}],"collection":[{"href":"https:\/\/jacos.com.tr\/index.php\/wp-json\/wp\/v2\/product"}],"about":[{"href":"https:\/\/jacos.com.tr\/index.php\/wp-json\/wp\/v2\/types\/product"}],"replies":[{"embeddable":true,"href":"https:\/\/jacos.com.tr\/index.php\/wp-json\/wp\/v2\/comments?post=10926"}],"version-history":[{"count":1,"href":"https:\/\/jacos.com.tr\/index.php\/wp-json\/wp\/v2\/product\/10926\/revisions"}],"predecessor-version":[{"id":10927,"href":"https:\/\/jacos.com.tr\/index.php\/wp-json\/wp\/v2\/product\/10926\/revisions\/10927"}],"wp:featuredmedia":[{"embeddable":true,"href":"https:\/\/jacos.com.tr\/index.php\/wp-json\/wp\/v2\/media\/10711"}],"wp:attachment":[{"href":"https:\/\/jacos.com.tr\/index.php\/wp-json\/wp\/v2\/media?parent=10926"}],"wp:term":[{"taxonomy":"product_brand","embeddable":true,"href":"https:\/\/jacos.com.tr\/index.php\/wp-json\/wp\/v2\/product_brand?post=10926"},{"taxonomy":"product_cat","embeddable":true,"href":"https:\/\/jacos.com.tr\/index.php\/wp-json\/wp\/v2\/product_cat?post=10926"},{"taxonomy":"product_tag","embeddable":true,"href":"https:\/\/jacos.com.tr\/index.php\/wp-json\/wp\/v2\/product_tag?post=10926"}],"curies":[{"name":"wp","href":"https:\/\/api.w.org\/{rel}","templated":true}]}}