{"id":10924,"date":"2024-10-02T03:35:36","date_gmt":"2024-10-02T00:35:36","guid":{"rendered":"https:\/\/jacos.com.tr\/?post_type=product&#038;p=10924"},"modified":"2024-10-02T03:35:37","modified_gmt":"2024-10-02T00:35:37","slug":"6li-ekonomi-set-esansiyel-ucucu-yagi-buhardanlik-difuzor-esansi-oda-kokusu-12","status":"publish","type":"product","link":"https:\/\/jacos.com.tr\/index.php\/product\/6li-ekonomi-set-esansiyel-ucucu-yagi-buhardanlik-difuzor-esansi-oda-kokusu-12\/","title":{"rendered":"6&#8217;l\u0131 Ekonomi SET Esansiyel U\u00e7ucu Ya\u011f\u0131 Buhardanl\u0131k Dif\u00fcz\u00f6r Esans\u0131 Oda Kokusu"},"content":{"rendered":"<p>Lavanta Esansiyel Ya\u011f\u0131,Okyanus Esintisi Esansiyel Ya\u011f\u0131,Amber Romantik Esansiyel Ya\u011f\u0131,Japon Kiraz \u00c7i\u00e7e\u011fi Esansiyel Ya\u011f\u0131,Ya\u011fmur Ormanlar\u0131 Esansiyel Ya\u011f\u0131,Anti-Stress Esansiyel Ya\u011f\u0131: Lavanta esansiyel ya\u011f\u0131 sakinle\u015ftirici ve huzur verici etkileriyle tan\u0131n\u0131r. Stresi azaltarak rahatlaman\u0131za yard\u0131mc\u0131 olur ve uyku kalitesini art\u0131r\u0131r. Ho\u015f ve hafif \u00e7i\u00e7eksi kokusuyla evinize dinginlik ve huzur katar. Okyanus esintisi esansiyel ya\u011f\u0131, denizlerin ferahl\u0131\u011f\u0131n\u0131 ve tazeli\u011fini ya\u015fam alan\u0131n\u0131za getirir. Canland\u0131r\u0131c\u0131 ve yenileyici etkisiyle enerjinizi tazeler. \u00d6zellikle s\u0131cak g\u00fcnlerde ferah bir atmosfer olu\u015fturmak i\u00e7in idealdir. Amber romantik esansiyel ya\u011f\u0131, s\u0131cak ve tatl\u0131 notalar\u0131yla romantik bir ambiyans yarat\u0131r. Zihin ve bedeninize sakinlik verir, \u00f6zel anlar\u0131n\u0131za duyusal bir dokunu\u015f katar. Masaj ve meditasyon i\u00e7in m\u00fckemmel bir se\u00e7imdir. Japon kiraz \u00e7i\u00e7e\u011fi esansiyel ya\u011f\u0131, zarif ve hafif \u00e7i\u00e7ek kokusuyla ruhunuzu dinlendirir. Dinginlik ve huzur arayanlar i\u00e7in ideal olan bu ya\u011f, meditasyon ve yoga seanslar\u0131 i\u00e7in m\u00fckemmeldir. \u00c7i\u00e7eksi aromas\u0131yla ya\u015fam alan\u0131n\u0131za ferahl\u0131k katar. Ya\u011fmur ormanlar\u0131 esansiyel ya\u011f\u0131, do\u011fan\u0131n ferahlat\u0131c\u0131 ve tazeleyici etkisini evinize ta\u015f\u0131r. Egzotik bitki \u00f6zleri ile zenginle\u015ftirilmi\u015f bu ya\u011f, stresi azalt\u0131r ve huzur verir. Do\u011fan\u0131n sakinle\u015ftirici g\u00fcc\u00fcn\u00fc hissetmek isteyenler i\u00e7in idealdir. Anti-stress esansiyel ya\u011f\u0131, stres ve gerginli\u011fi azaltmaya yard\u0131mc\u0131 olur. Rahatlat\u0131c\u0131 bitki \u00f6zleri sayesinde zihinsel ve bedensel rahatlama sa\u011flar. Banyo, masaj veya aromaterapi seanslar\u0131nda kullanarak g\u00fcn\u00fcn yorgunlu\u011funu \u00fczerinizden atabilirsiniz. <\/p>\n","protected":false},"excerpt":{"rendered":"<p>Lavanta Esansiyel Ya\u011f\u0131,Okyanus Esintisi Esansiyel Ya\u011f\u0131,Amber Romantik Esansiyel Ya\u011f\u0131,Japon Kiraz \u00c7i\u00e7e\u011fi Esansiyel Ya\u011f\u0131,Ya\u011fmur Ormanlar\u0131 Esansiyel Ya\u011f\u0131,Anti-Stress Esansiyel Ya\u011f\u0131: Lavanta esansiyel<\/p>\n","protected":false},"featured_media":10710,"comment_status":"open","ping_status":"closed","template":"","meta":{"_joinchat":[]},"product_brand":[],"product_cat":[15,16,71],"product_tag":[],"class_list":{"0":"post-10924","1":"product","2":"type-product","3":"status-publish","4":"has-post-thumbnail","6":"product_cat-genel","7":"product_cat-essansiel-yag","8":"product_cat-6li-set","9":"_wholesalex wsx-wholesalex-product","11":"first","12":"instock","13":"taxable","14":"shipping-taxable","15":"purchasable","16":"product-type-simple"},"jetpack_sharing_enabled":true,"_links":{"self":[{"href":"https:\/\/jacos.com.tr\/index.php\/wp-json\/wp\/v2\/product\/10924","targetHints":{"allow":["GET"]}}],"collection":[{"href":"https:\/\/jacos.com.tr\/index.php\/wp-json\/wp\/v2\/product"}],"about":[{"href":"https:\/\/jacos.com.tr\/index.php\/wp-json\/wp\/v2\/types\/product"}],"replies":[{"embeddable":true,"href":"https:\/\/jacos.com.tr\/index.php\/wp-json\/wp\/v2\/comments?post=10924"}],"version-history":[{"count":1,"href":"https:\/\/jacos.com.tr\/index.php\/wp-json\/wp\/v2\/product\/10924\/revisions"}],"predecessor-version":[{"id":10925,"href":"https:\/\/jacos.com.tr\/index.php\/wp-json\/wp\/v2\/product\/10924\/revisions\/10925"}],"wp:featuredmedia":[{"embeddable":true,"href":"https:\/\/jacos.com.tr\/index.php\/wp-json\/wp\/v2\/media\/10710"}],"wp:attachment":[{"href":"https:\/\/jacos.com.tr\/index.php\/wp-json\/wp\/v2\/media?parent=10924"}],"wp:term":[{"taxonomy":"product_brand","embeddable":true,"href":"https:\/\/jacos.com.tr\/index.php\/wp-json\/wp\/v2\/product_brand?post=10924"},{"taxonomy":"product_cat","embeddable":true,"href":"https:\/\/jacos.com.tr\/index.php\/wp-json\/wp\/v2\/product_cat?post=10924"},{"taxonomy":"product_tag","embeddable":true,"href":"https:\/\/jacos.com.tr\/index.php\/wp-json\/wp\/v2\/product_tag?post=10924"}],"curies":[{"name":"wp","href":"https:\/\/api.w.org\/{rel}","templated":true}]}}