{"id":10922,"date":"2024-10-02T03:35:31","date_gmt":"2024-10-02T00:35:31","guid":{"rendered":"https:\/\/jacos.com.tr\/?post_type=product&#038;p=10922"},"modified":"2024-10-02T03:35:33","modified_gmt":"2024-10-02T00:35:33","slug":"6li-ekonomi-set-esansiyel-ucucu-yagi-buhardanlik-difuzor-esansi-oda-kokusu-11","status":"publish","type":"product","link":"https:\/\/jacos.com.tr\/index.php\/product\/6li-ekonomi-set-esansiyel-ucucu-yagi-buhardanlik-difuzor-esansi-oda-kokusu-11\/","title":{"rendered":"6&#8217;l\u0131 Ekonomi SET Esansiyel U\u00e7ucu Ya\u011f\u0131 Buhardanl\u0131k Dif\u00fcz\u00f6r Esans\u0131 Oda Kokusu"},"content":{"rendered":"<p>Lavanta Esansiyel Ya\u011f\u0131,Okyanus Esintisi Esansiyel Ya\u011f\u0131,Amber Romantik Esansiyel Ya\u011f\u0131,G\u00fcl Bah\u00e7esi Esansiyel Ya\u011f\u0131,Bebek Pudras\u0131 Esansiyel Ya\u011f\u0131,\u00c7ikolata Esansiyel Ya\u011f\u0131: Lavanta esansiyel ya\u011f\u0131, rahatlat\u0131c\u0131 ve sakinle\u015ftirici \u00f6zellikleriyle bilinir. Stresi azaltarak huzurlu bir ortam yarat\u0131r. Uyku kalitesini art\u0131rmaya yard\u0131mc\u0131 olan bu ya\u011f, do\u011fal ve hafif \u00e7i\u00e7eksi kokusuyla ya\u015fam alan\u0131n\u0131za dinginlik katar. Okyanus esintisi esansiyel ya\u011f\u0131, deniz havas\u0131n\u0131n tazeleyici etkisini evinize getirir. Ferahlat\u0131c\u0131 ve canland\u0131r\u0131c\u0131 bu ya\u011f, g\u00fcn boyu zindelik sa\u011flar. \u00d6zellikle s\u0131cak yaz g\u00fcnlerinde serinletici bir atmosfer olu\u015fturmak i\u00e7in idealdir. Amberin s\u0131cak ve tatl\u0131 notalar\u0131 ile harmanlanan bu esansiyel ya\u011f, romantik bir ambiyans yarat\u0131r. Sakinle\u015ftirici etkisiyle \u00f6zel anlar\u0131n\u0131za duyusal bir boyut katar. Masaj ve meditasyon seanslar\u0131 i\u00e7in m\u00fckemmel bir se\u00e7imdir. G\u00fcl bah\u00e7esi esansiyel ya\u011f\u0131, g\u00fcl yapraklar\u0131n\u0131n yo\u011fun ve ferahlat\u0131c\u0131 kokusunu evinize ta\u015f\u0131r. Kendinizi bir g\u00fcl bah\u00e7esinde hissetmenizi sa\u011flayan bu ya\u011f, romantik ve huzur verici etkisiyle ruhunuzu besler. Bebek pudras\u0131 esansiyel ya\u011f\u0131, yumu\u015fak ve nostaljik kokusuyla sakinlik sunar. Hassas ve hafif aromas\u0131yla evinizde temiz ve rahatlat\u0131c\u0131 bir atmosfer olu\u015fturur. Bebek odalar\u0131 i\u00e7in de uygundur ve huzur dolu bir ortam yarat\u0131r. \u00c7ikolata esansiyel ya\u011f\u0131, tatl\u0131 ve yo\u011fun kokusuyla keyifli bir atmosfer yarat\u0131r. Kendinizi \u015f\u0131martmak istedi\u011finiz anlarda bu ya\u011f\u0131 kullanarak hem ruhunuzu hem de ortam\u0131n\u0131z\u0131 tatl\u0131 bir dokunu\u015fla doldurun. \u00d6zellikle rahatlama ve keyif anlar\u0131n\u0131z i\u00e7in idealdir.<\/p>\n","protected":false},"excerpt":{"rendered":"<p>Lavanta Esansiyel Ya\u011f\u0131,Okyanus Esintisi Esansiyel Ya\u011f\u0131,Amber Romantik Esansiyel Ya\u011f\u0131,G\u00fcl Bah\u00e7esi Esansiyel Ya\u011f\u0131,Bebek Pudras\u0131 Esansiyel Ya\u011f\u0131,\u00c7ikolata Esansiyel Ya\u011f\u0131: Lavanta esansiyel ya\u011f\u0131,<\/p>\n","protected":false},"featured_media":10709,"comment_status":"open","ping_status":"closed","template":"","meta":{"_joinchat":[]},"product_brand":[],"product_cat":[15,16,71],"product_tag":[],"class_list":{"0":"post-10922","1":"product","2":"type-product","3":"status-publish","4":"has-post-thumbnail","6":"product_cat-genel","7":"product_cat-essansiel-yag","8":"product_cat-6li-set","9":"_wholesalex wsx-wholesalex-product","11":"first","12":"instock","13":"taxable","14":"shipping-taxable","15":"purchasable","16":"product-type-simple"},"jetpack_sharing_enabled":true,"_links":{"self":[{"href":"https:\/\/jacos.com.tr\/index.php\/wp-json\/wp\/v2\/product\/10922","targetHints":{"allow":["GET"]}}],"collection":[{"href":"https:\/\/jacos.com.tr\/index.php\/wp-json\/wp\/v2\/product"}],"about":[{"href":"https:\/\/jacos.com.tr\/index.php\/wp-json\/wp\/v2\/types\/product"}],"replies":[{"embeddable":true,"href":"https:\/\/jacos.com.tr\/index.php\/wp-json\/wp\/v2\/comments?post=10922"}],"version-history":[{"count":1,"href":"https:\/\/jacos.com.tr\/index.php\/wp-json\/wp\/v2\/product\/10922\/revisions"}],"predecessor-version":[{"id":10923,"href":"https:\/\/jacos.com.tr\/index.php\/wp-json\/wp\/v2\/product\/10922\/revisions\/10923"}],"wp:featuredmedia":[{"embeddable":true,"href":"https:\/\/jacos.com.tr\/index.php\/wp-json\/wp\/v2\/media\/10709"}],"wp:attachment":[{"href":"https:\/\/jacos.com.tr\/index.php\/wp-json\/wp\/v2\/media?parent=10922"}],"wp:term":[{"taxonomy":"product_brand","embeddable":true,"href":"https:\/\/jacos.com.tr\/index.php\/wp-json\/wp\/v2\/product_brand?post=10922"},{"taxonomy":"product_cat","embeddable":true,"href":"https:\/\/jacos.com.tr\/index.php\/wp-json\/wp\/v2\/product_cat?post=10922"},{"taxonomy":"product_tag","embeddable":true,"href":"https:\/\/jacos.com.tr\/index.php\/wp-json\/wp\/v2\/product_tag?post=10922"}],"curies":[{"name":"wp","href":"https:\/\/api.w.org\/{rel}","templated":true}]}}