{"id":10920,"date":"2024-10-02T03:35:27","date_gmt":"2024-10-02T00:35:27","guid":{"rendered":"https:\/\/jacos.com.tr\/?post_type=product&#038;p=10920"},"modified":"2024-10-02T03:35:28","modified_gmt":"2024-10-02T00:35:28","slug":"6li-ekonomi-set-esansiyel-ucucu-yagi-buhardanlik-difuzor-esansi-oda-kokusu-10","status":"publish","type":"product","link":"https:\/\/jacos.com.tr\/index.php\/product\/6li-ekonomi-set-esansiyel-ucucu-yagi-buhardanlik-difuzor-esansi-oda-kokusu-10\/","title":{"rendered":"6&#8217;l\u0131 Ekonomi SET Esansiyel U\u00e7ucu Ya\u011f\u0131 Buhardanl\u0131k Dif\u00fcz\u00f6r Esans\u0131 Oda Kokusu"},"content":{"rendered":"<p>Lavanta Esansiyel Ya\u011f\u0131,Amber Romantik Esansiyel Ya\u011f\u0131,Frans\u0131z G\u00fcl\u00fc Esansiyel Ya\u011f\u0131,G\u00fcl Bah\u00e7esi Esansiyel Ya\u011f\u0131,Bebek Pudras\u0131 Esansiyel Ya\u011f\u0131,Anti-Stress Esansiyel Ya\u011f\u0131: Lavanta esansiyel ya\u011f\u0131, sakinle\u015ftirici ve rahatlat\u0131c\u0131 etkisiyle bilinir. Stresi azaltmaya yard\u0131mc\u0131 olurken, huzurlu bir uyku i\u00e7in ideal bir ortam yarat\u0131r. Yumu\u015fak ve \u00e7i\u00e7eksi kokusuyla ya\u015fam alan\u0131n\u0131za dinginlik katar. Amberin s\u0131cak ve tatl\u0131 notalar\u0131 ile romantik bir atmosfer yaratan bu esansiyel ya\u011f, \u00f6zel anlar\u0131n\u0131z\u0131 daha da anlaml\u0131 k\u0131lar. Masaj ve meditasyon seanslar\u0131nda duyusal bir deneyim sunar. Sakinle\u015ftirici etkisiyle ruhunuzu dinlendirir. Frans\u0131z g\u00fcl\u00fc esansiyel ya\u011f\u0131, zarif ve etkileyici kokusuyla \u00f6ne \u00e7\u0131kar. Cilt bak\u0131m\u0131nda s\u0131k\u00e7a tercih edilen bu ya\u011f, ferahlat\u0131c\u0131 ve canland\u0131r\u0131c\u0131 etkisiyle bilinir. G\u00fcl\u00fcn saf ve romantik esans\u0131n\u0131 evinize ta\u015f\u0131r. G\u00fcl bah\u00e7esi esansiyel ya\u011f\u0131, g\u00fcl tarlalar\u0131n\u0131n tazeleyici ve yo\u011fun aromas\u0131yla sizi sarmalar. Kendinizi bir g\u00fcl bah\u00e7esinde y\u00fcr\u00fcyormu\u015f gibi hissetmek istiyorsan\u0131z, bu ya\u011f tam size g\u00f6re. Romantik ve huzur verici etkisiyle ruhunuzu besler. Bebek pudras\u0131 esansiyel ya\u011f\u0131, yumu\u015fak ve rahatlat\u0131c\u0131 kokusuyla \u00e7ocukluk an\u0131lar\u0131n\u0131 canland\u0131r\u0131r. Hassas ve hafif aromas\u0131yla evinizde temiz, taze ve dingin bir atmosfer yarat\u0131r. Bebek odalar\u0131 i\u00e7in de ideal bir se\u00e7enektir. Anti-stress esansiyel ya\u011f\u0131, g\u00fcnl\u00fck stres ve gerginli\u011fi hafifletmek i\u00e7in \u00f6zel olarak form\u00fcle edilmi\u015ftir. Rahatlat\u0131c\u0131 bitki \u00f6zleri sayesinde zihinsel ve bedensel rahatlama sa\u011flar. Aromaterapi, banyo veya masajda kullanarak huzuru hissedin.<\/p>\n","protected":false},"excerpt":{"rendered":"<p>Lavanta Esansiyel Ya\u011f\u0131,Amber Romantik Esansiyel Ya\u011f\u0131,Frans\u0131z G\u00fcl\u00fc Esansiyel Ya\u011f\u0131,G\u00fcl Bah\u00e7esi Esansiyel Ya\u011f\u0131,Bebek Pudras\u0131 Esansiyel Ya\u011f\u0131,Anti-Stress Esansiyel Ya\u011f\u0131: Lavanta esansiyel ya\u011f\u0131,<\/p>\n","protected":false},"featured_media":10708,"comment_status":"open","ping_status":"closed","template":"","meta":{"_joinchat":[]},"product_brand":[],"product_cat":[15,16,71],"product_tag":[],"class_list":{"0":"post-10920","1":"product","2":"type-product","3":"status-publish","4":"has-post-thumbnail","6":"product_cat-genel","7":"product_cat-essansiel-yag","8":"product_cat-6li-set","9":"_wholesalex wsx-wholesalex-product","11":"first","12":"instock","13":"taxable","14":"shipping-taxable","15":"purchasable","16":"product-type-simple"},"jetpack_sharing_enabled":true,"_links":{"self":[{"href":"https:\/\/jacos.com.tr\/index.php\/wp-json\/wp\/v2\/product\/10920","targetHints":{"allow":["GET"]}}],"collection":[{"href":"https:\/\/jacos.com.tr\/index.php\/wp-json\/wp\/v2\/product"}],"about":[{"href":"https:\/\/jacos.com.tr\/index.php\/wp-json\/wp\/v2\/types\/product"}],"replies":[{"embeddable":true,"href":"https:\/\/jacos.com.tr\/index.php\/wp-json\/wp\/v2\/comments?post=10920"}],"version-history":[{"count":1,"href":"https:\/\/jacos.com.tr\/index.php\/wp-json\/wp\/v2\/product\/10920\/revisions"}],"predecessor-version":[{"id":10921,"href":"https:\/\/jacos.com.tr\/index.php\/wp-json\/wp\/v2\/product\/10920\/revisions\/10921"}],"wp:featuredmedia":[{"embeddable":true,"href":"https:\/\/jacos.com.tr\/index.php\/wp-json\/wp\/v2\/media\/10708"}],"wp:attachment":[{"href":"https:\/\/jacos.com.tr\/index.php\/wp-json\/wp\/v2\/media?parent=10920"}],"wp:term":[{"taxonomy":"product_brand","embeddable":true,"href":"https:\/\/jacos.com.tr\/index.php\/wp-json\/wp\/v2\/product_brand?post=10920"},{"taxonomy":"product_cat","embeddable":true,"href":"https:\/\/jacos.com.tr\/index.php\/wp-json\/wp\/v2\/product_cat?post=10920"},{"taxonomy":"product_tag","embeddable":true,"href":"https:\/\/jacos.com.tr\/index.php\/wp-json\/wp\/v2\/product_tag?post=10920"}],"curies":[{"name":"wp","href":"https:\/\/api.w.org\/{rel}","templated":true}]}}