{"id":10916,"date":"2024-10-02T03:35:19","date_gmt":"2024-10-02T00:35:19","guid":{"rendered":"https:\/\/jacos.com.tr\/?post_type=product&#038;p=10916"},"modified":"2024-10-02T03:35:20","modified_gmt":"2024-10-02T00:35:20","slug":"6li-ekonomi-set-esansiyel-ucucu-yagi-buhardanlik-difuzor-esansi-oda-kokusu-8","status":"publish","type":"product","link":"https:\/\/jacos.com.tr\/index.php\/product\/6li-ekonomi-set-esansiyel-ucucu-yagi-buhardanlik-difuzor-esansi-oda-kokusu-8\/","title":{"rendered":"6&#8217;l\u0131 Ekonomi SET Esansiyel U\u00e7ucu Ya\u011f\u0131 Buhardanl\u0131k Dif\u00fcz\u00f6r Esans\u0131 Oda Kokusu"},"content":{"rendered":"<p>Japon kiraz \u00e7i\u00e7e\u011fi, vadi zamba\u011f\u0131, g\u00fcl bah\u00e7esi, bergamot \u00e7i\u00e7e\u011fi, s\u00fcmb\u00fcl ve lilac ekstra esansiyel ya\u011f kar\u0131\u015f\u0131m\u0131. Bu e\u015fsiz esansiyel ya\u011f kar\u0131\u015f\u0131m\u0131yla evinizi bahar\u0131n en g\u00fczel kokular\u0131yla doldurun. Japon kiraz \u00e7i\u00e7e\u011finin tazeli\u011fi, vadi zamba\u011f\u0131n\u0131n zarafeti, g\u00fcl bah\u00e7esinin romantizmi, bergamot \u00e7i\u00e7e\u011finin enerjisi, s\u00fcmb\u00fcl\u00fcn tatl\u0131l\u0131\u011f\u0131 ve lilac ekstras\u0131n\u0131n zarif kokusu bir araya gelerek benzersiz bir aromatik deneyim sunar. Japon kiraz \u00e7i\u00e7e\u011fi: Bahar\u0131n enerjisini ve ne\u015fesini evinizde hissedin. Vadi zamba\u011f\u0131: Safl\u0131k ve zarafet dolu bir atmosfer yarat\u0131n. G\u00fcl bah\u00e7esi: Romantik ve huzurlu bir ortam olu\u015fturun. Bergamot \u00e7i\u00e7e\u011fi: Enerjinizi y\u00fckseltin ve zihninizi canland\u0131r\u0131n. S\u00fcmb\u00fcl: Mutluluk ve ne\u015fe dolu bir ortam yarat\u0131n. Lilac ekstra: Zarif ve romantik bir koku ile evinizi \u015f\u0131mart\u0131n. Kullan\u0131m Alanlar\u0131: Aromaterapi dif\u00fcz\u00f6rleri: Evde, ofiste veya spa gibi mekanlarda kullanarak ho\u015f bir atmosfer yarat\u0131n. Oda spreyleri: H\u0131zl\u0131 ve etkili bir \u015fekilde ortam\u0131 kokuland\u0131rmak i\u00e7in. Mumlar: Romantik ak\u015fam yemekleri veya \u00f6zel g\u00fcnler i\u00e7in. Dikkat: Do\u011frudan cilde uygulamay\u0131n\u0131z. \u00c7ocuklar\u0131n ula\u015famayaca\u011f\u0131 yerlerde saklay\u0131n\u0131z.<\/p>\n","protected":false},"excerpt":{"rendered":"<p>Japon kiraz \u00e7i\u00e7e\u011fi, vadi zamba\u011f\u0131, g\u00fcl bah\u00e7esi, bergamot \u00e7i\u00e7e\u011fi, s\u00fcmb\u00fcl ve lilac ekstra esansiyel ya\u011f kar\u0131\u015f\u0131m\u0131. Bu e\u015fsiz esansiyel ya\u011f<\/p>\n","protected":false},"featured_media":10706,"comment_status":"open","ping_status":"closed","template":"","meta":{"_joinchat":[]},"product_brand":[],"product_cat":[15,16,71],"product_tag":[],"class_list":{"0":"post-10916","1":"product","2":"type-product","3":"status-publish","4":"has-post-thumbnail","6":"product_cat-genel","7":"product_cat-essansiel-yag","8":"product_cat-6li-set","9":"_wholesalex wsx-wholesalex-product","11":"first","12":"instock","13":"taxable","14":"shipping-taxable","15":"purchasable","16":"product-type-simple"},"jetpack_sharing_enabled":true,"_links":{"self":[{"href":"https:\/\/jacos.com.tr\/index.php\/wp-json\/wp\/v2\/product\/10916","targetHints":{"allow":["GET"]}}],"collection":[{"href":"https:\/\/jacos.com.tr\/index.php\/wp-json\/wp\/v2\/product"}],"about":[{"href":"https:\/\/jacos.com.tr\/index.php\/wp-json\/wp\/v2\/types\/product"}],"replies":[{"embeddable":true,"href":"https:\/\/jacos.com.tr\/index.php\/wp-json\/wp\/v2\/comments?post=10916"}],"version-history":[{"count":1,"href":"https:\/\/jacos.com.tr\/index.php\/wp-json\/wp\/v2\/product\/10916\/revisions"}],"predecessor-version":[{"id":10917,"href":"https:\/\/jacos.com.tr\/index.php\/wp-json\/wp\/v2\/product\/10916\/revisions\/10917"}],"wp:featuredmedia":[{"embeddable":true,"href":"https:\/\/jacos.com.tr\/index.php\/wp-json\/wp\/v2\/media\/10706"}],"wp:attachment":[{"href":"https:\/\/jacos.com.tr\/index.php\/wp-json\/wp\/v2\/media?parent=10916"}],"wp:term":[{"taxonomy":"product_brand","embeddable":true,"href":"https:\/\/jacos.com.tr\/index.php\/wp-json\/wp\/v2\/product_brand?post=10916"},{"taxonomy":"product_cat","embeddable":true,"href":"https:\/\/jacos.com.tr\/index.php\/wp-json\/wp\/v2\/product_cat?post=10916"},{"taxonomy":"product_tag","embeddable":true,"href":"https:\/\/jacos.com.tr\/index.php\/wp-json\/wp\/v2\/product_tag?post=10916"}],"curies":[{"name":"wp","href":"https:\/\/api.w.org\/{rel}","templated":true}]}}