{"id":10914,"date":"2024-10-02T03:35:14","date_gmt":"2024-10-02T00:35:14","guid":{"rendered":"https:\/\/jacos.com.tr\/?post_type=product&#038;p=10914"},"modified":"2024-10-02T03:35:16","modified_gmt":"2024-10-02T00:35:16","slug":"6li-ekonomi-set-esansiyel-ucucu-yagi-buhardanlik-difuzor-esansi-oda-kokusu-7","status":"publish","type":"product","link":"https:\/\/jacos.com.tr\/index.php\/product\/6li-ekonomi-set-esansiyel-ucucu-yagi-buhardanlik-difuzor-esansi-oda-kokusu-7\/","title":{"rendered":"6&#8217;l\u0131 Ekonomi SET Esansiyel U\u00e7ucu Ya\u011f\u0131 Buhardanl\u0131k Dif\u00fcz\u00f6r Esans\u0131 Oda Kokusu"},"content":{"rendered":"<p>Japon kiraz \u00e7i\u00e7e\u011fi, lavanta, sandal a\u011fac\u0131, yasemin \u00e7i\u00e7e\u011fi, ya\u011fmur orman\u0131 ve beyaz sabun esansiyel ya\u011f kar\u0131\u015f\u0131m\u0131. Bu e\u015fsiz esansiyel ya\u011f kar\u0131\u015f\u0131m\u0131yla evinizi do\u011fan\u0131n en taze ve en romantik kokular\u0131yla doldurun. Japon kiraz \u00e7i\u00e7e\u011finin bahar\u0131 \u00e7a\u011fr\u0131\u015ft\u0131ran enerjisi, lavantan\u0131n sakinle\u015ftirici etkisi, sandal a\u011fac\u0131n\u0131n s\u0131cakl\u0131\u011f\u0131, yasemin \u00e7i\u00e7e\u011finin tutkusu, ya\u011fmur ormanlar\u0131n\u0131n ferahl\u0131\u011f\u0131 ve beyaz sabun kokusunun temizli\u011fi bir araya gelerek benzersiz bir aromatik deneyim sunar.  Japon Kiraz \u00c7i\u00e7e\u011fi: Bahar\u0131n enerjisini ve ne\u015fesini evinizde hissedin. Lavanta: Stresinizi azalt\u0131n ve huzurlu bir ortam yarat\u0131n. Sandal A\u011fac\u0131: Evde s\u0131cak ve rahatlat\u0131c\u0131 bir atmosfer olu\u015fturun. Yasemin \u00c7i\u00e7e\u011fi: Romantik bir ambiyans yarat\u0131n ve duygular\u0131n\u0131z\u0131 canland\u0131r\u0131n. Ya\u011fmur Orman\u0131: Evde ferahl\u0131k ve tazelik hissi yarat\u0131n. Beyaz Sabun: Temizlik ve ferahl\u0131k hissi veren klasik bir koku. Kullan\u0131m Alanlar\u0131: Aromaterapi dif\u00fcz\u00f6rleri: Evde, ofiste veya spa gibi mekanlarda kullanarak ho\u015f bir atmosfer yarat\u0131n. Oda spreyleri: H\u0131zl\u0131 ve etkili bir \u015fekilde ortam\u0131 kokuland\u0131rmak i\u00e7in. Mumlar: Romantik ak\u015fam yemekleri veya \u00f6zel g\u00fcnler i\u00e7in.<\/p>\n","protected":false},"excerpt":{"rendered":"<p>Japon kiraz \u00e7i\u00e7e\u011fi, lavanta, sandal a\u011fac\u0131, yasemin \u00e7i\u00e7e\u011fi, ya\u011fmur orman\u0131 ve beyaz sabun esansiyel ya\u011f kar\u0131\u015f\u0131m\u0131. Bu e\u015fsiz esansiyel ya\u011f<\/p>\n","protected":false},"featured_media":10705,"comment_status":"open","ping_status":"closed","template":"","meta":{"_joinchat":[]},"product_brand":[],"product_cat":[15,16,71],"product_tag":[],"class_list":{"0":"post-10914","1":"product","2":"type-product","3":"status-publish","4":"has-post-thumbnail","6":"product_cat-genel","7":"product_cat-essansiel-yag","8":"product_cat-6li-set","9":"_wholesalex wsx-wholesalex-product","11":"first","12":"instock","13":"taxable","14":"shipping-taxable","15":"purchasable","16":"product-type-simple"},"jetpack_sharing_enabled":true,"_links":{"self":[{"href":"https:\/\/jacos.com.tr\/index.php\/wp-json\/wp\/v2\/product\/10914","targetHints":{"allow":["GET"]}}],"collection":[{"href":"https:\/\/jacos.com.tr\/index.php\/wp-json\/wp\/v2\/product"}],"about":[{"href":"https:\/\/jacos.com.tr\/index.php\/wp-json\/wp\/v2\/types\/product"}],"replies":[{"embeddable":true,"href":"https:\/\/jacos.com.tr\/index.php\/wp-json\/wp\/v2\/comments?post=10914"}],"version-history":[{"count":1,"href":"https:\/\/jacos.com.tr\/index.php\/wp-json\/wp\/v2\/product\/10914\/revisions"}],"predecessor-version":[{"id":10915,"href":"https:\/\/jacos.com.tr\/index.php\/wp-json\/wp\/v2\/product\/10914\/revisions\/10915"}],"wp:featuredmedia":[{"embeddable":true,"href":"https:\/\/jacos.com.tr\/index.php\/wp-json\/wp\/v2\/media\/10705"}],"wp:attachment":[{"href":"https:\/\/jacos.com.tr\/index.php\/wp-json\/wp\/v2\/media?parent=10914"}],"wp:term":[{"taxonomy":"product_brand","embeddable":true,"href":"https:\/\/jacos.com.tr\/index.php\/wp-json\/wp\/v2\/product_brand?post=10914"},{"taxonomy":"product_cat","embeddable":true,"href":"https:\/\/jacos.com.tr\/index.php\/wp-json\/wp\/v2\/product_cat?post=10914"},{"taxonomy":"product_tag","embeddable":true,"href":"https:\/\/jacos.com.tr\/index.php\/wp-json\/wp\/v2\/product_tag?post=10914"}],"curies":[{"name":"wp","href":"https:\/\/api.w.org\/{rel}","templated":true}]}}