{"id":10910,"date":"2024-10-02T03:35:06","date_gmt":"2024-10-02T00:35:06","guid":{"rendered":"https:\/\/jacos.com.tr\/?post_type=product&#038;p=10910"},"modified":"2025-08-13T15:49:32","modified_gmt":"2025-08-13T12:49:32","slug":"6li-ekonomi-set-esansiyel-ucucu-yagi-buhardanlik-difuzor-esansi-oda-kokusu-5","status":"publish","type":"product","link":"https:\/\/jacos.com.tr\/index.php\/product\/6li-ekonomi-set-esansiyel-ucucu-yagi-buhardanlik-difuzor-esansi-oda-kokusu-5\/","title":{"rendered":"6&#8217;l\u0131 Ekonomi SET Esansiyel U\u00e7ucu Ya\u011f\u0131 Buhardanl\u0131k Dif\u00fcz\u00f6r Esans\u0131 Oda Kokusu"},"content":{"rendered":"<p>Japon Kiraz \u00c7i\u00e7e\u011fi: Bahar\u0131n enerjisini ve zindeli\u011fini i\u00e7inize \u00e7ekin. Lavanta: Stresinizi azalt\u0131n ve huzurlu bir uykuya dal\u0131n. Frans\u0131z G\u00fcl\u00fc: Romantik bir atmosfer yarat\u0131n ve kendinizi \u00f6zel hissedin. Yasemin \u00c7i\u00e7e\u011fi: Duygular\u0131n\u0131z\u0131 canland\u0131r\u0131n ve unutulmaz an\u0131lar biriktirin. Lotus \u00c7i\u00e7e\u011fi: Zihninizi  temizleyin ve ruhunuzu besleyin. Amber Romantik: L\u00fcks ve \u015f\u0131k bir dokunu\u015fla kendinizi \u00f6d\u00fcllendirin. Kullan\u0131m Alanlar\u0131: Aromaterapi: Diff\u00fcz\u00f6rlerde kullanarak evinizi ferahlat\u0131n. Banyo: Banyo suyuna birka\u00e7 damla ekleyerek rahatlay\u0131n. Masaj: Masaj ya\u011flar\u0131na ekleyerek cildinizi besleyin. Kozmetik: Kendi do\u011fal kozmetik \u00fcr\u00fcnlerinizi haz\u0131rlay\u0131n.<\/p>\n","protected":false},"excerpt":{"rendered":"<p>Japon Kiraz \u00c7i\u00e7e\u011fi: Bahar\u0131n enerjisini ve zindeli\u011fini i\u00e7inize \u00e7ekin. Lavanta: Stresinizi azalt\u0131n ve huzurlu bir uykuya dal\u0131n. Frans\u0131z G\u00fcl\u00fc: Romantik<\/p>\n","protected":false},"featured_media":10703,"comment_status":"open","ping_status":"closed","template":"","meta":{"_joinchat":[]},"product_brand":[],"product_cat":[15,16,71],"product_tag":[],"class_list":{"0":"post-10910","1":"product","2":"type-product","3":"status-publish","4":"has-post-thumbnail","6":"product_cat-genel","7":"product_cat-essansiel-yag","8":"product_cat-6li-set","9":"_wholesalex wsx-wholesalex-product","11":"first","12":"instock","13":"taxable","14":"shipping-taxable","15":"purchasable","16":"product-type-simple"},"jetpack_sharing_enabled":true,"_links":{"self":[{"href":"https:\/\/jacos.com.tr\/index.php\/wp-json\/wp\/v2\/product\/10910","targetHints":{"allow":["GET"]}}],"collection":[{"href":"https:\/\/jacos.com.tr\/index.php\/wp-json\/wp\/v2\/product"}],"about":[{"href":"https:\/\/jacos.com.tr\/index.php\/wp-json\/wp\/v2\/types\/product"}],"replies":[{"embeddable":true,"href":"https:\/\/jacos.com.tr\/index.php\/wp-json\/wp\/v2\/comments?post=10910"}],"version-history":[{"count":1,"href":"https:\/\/jacos.com.tr\/index.php\/wp-json\/wp\/v2\/product\/10910\/revisions"}],"predecessor-version":[{"id":10911,"href":"https:\/\/jacos.com.tr\/index.php\/wp-json\/wp\/v2\/product\/10910\/revisions\/10911"}],"wp:featuredmedia":[{"embeddable":true,"href":"https:\/\/jacos.com.tr\/index.php\/wp-json\/wp\/v2\/media\/10703"}],"wp:attachment":[{"href":"https:\/\/jacos.com.tr\/index.php\/wp-json\/wp\/v2\/media?parent=10910"}],"wp:term":[{"taxonomy":"product_brand","embeddable":true,"href":"https:\/\/jacos.com.tr\/index.php\/wp-json\/wp\/v2\/product_brand?post=10910"},{"taxonomy":"product_cat","embeddable":true,"href":"https:\/\/jacos.com.tr\/index.php\/wp-json\/wp\/v2\/product_cat?post=10910"},{"taxonomy":"product_tag","embeddable":true,"href":"https:\/\/jacos.com.tr\/index.php\/wp-json\/wp\/v2\/product_tag?post=10910"}],"curies":[{"name":"wp","href":"https:\/\/api.w.org\/{rel}","templated":true}]}}