{"id":10906,"date":"2024-10-02T03:34:58","date_gmt":"2024-10-02T00:34:58","guid":{"rendered":"https:\/\/jacos.com.tr\/?post_type=product&#038;p=10906"},"modified":"2025-07-08T15:55:07","modified_gmt":"2025-07-08T12:55:07","slug":"6li-ekonomi-set-esansiyel-ucucu-yagi-buhardanlik-difuzor-esansi-oda-kokusu-3","status":"publish","type":"product","link":"https:\/\/jacos.com.tr\/index.php\/product\/6li-ekonomi-set-esansiyel-ucucu-yagi-buhardanlik-difuzor-esansi-oda-kokusu-3\/","title":{"rendered":"6&#8217;l\u0131 Ekonomi SET Esansiyel U\u00e7ucu Ya\u011f\u0131 Buhardanl\u0131k Dif\u00fcz\u00f6r Esans\u0131 Oda Kokusu"},"content":{"rendered":"<p>Japon Kiraz \u00c7i\u00e7e\u011fi: Hafif ve tatl\u0131 aromas\u0131yla enerji verir, cildi ayd\u0131nlat\u0131r ve bahar\u0131n enerjisini ta\u015f\u0131r. Romantik ve gen\u00e7le\u015ftirici bir aura yarat\u0131r. Lavanta: Sakinle\u015ftirici ve rahatlat\u0131c\u0131 etkisiyle tan\u0131n\u0131r. Uyku sorunlar\u0131n\u0131 giderir, stresi azalt\u0131r ve sinir sistemini dengeler. Romantik bir atmosferde huzur verici bir dokunu\u015f sa\u011flar. Amber Romantik: S\u0131cak, tatl\u0131 ve odunsu notalar\u0131yla l\u00fcks ve romantik bir atmosfer yarat\u0131r. Cazibeyi art\u0131r\u0131r ve \u00f6z g\u00fcven verir. G\u00fcl Bah\u00e7esi: Romantizmin sembol\u00fc olan g\u00fcl, tatl\u0131 ve \u00e7i\u00e7eksi aromas\u0131yla kalpleri fetheder. Cildi canland\u0131r\u0131r ve duygusal dengeyi sa\u011flar. Sandal Egzotik: S\u0131cak ve odunsu aromas\u0131yla zihinsel berrakl\u0131k sa\u011flar, cildi nemlendirir ve stresi azalt\u0131r. Romantik bir atmosferde derinlik ve gizem katar. Anti-stres: Bu asl\u0131nda tek bir koku de\u011fil, stres kar\u015f\u0131t\u0131 etkisi olan bir kar\u0131\u015f\u0131m. Genellikle lavanta, bergamot, ylang ylang gibi ya\u011flar bu kar\u0131\u015f\u0131mlarda bulunur.<\/p>\n","protected":false},"excerpt":{"rendered":"<p>Japon Kiraz \u00c7i\u00e7e\u011fi: Hafif ve tatl\u0131 aromas\u0131yla enerji verir, cildi ayd\u0131nlat\u0131r ve bahar\u0131n enerjisini ta\u015f\u0131r. Romantik ve gen\u00e7le\u015ftirici bir aura<\/p>\n","protected":false},"featured_media":10701,"comment_status":"open","ping_status":"closed","template":"","meta":{"_joinchat":[]},"product_brand":[],"product_cat":[15,16,71],"product_tag":[],"class_list":{"0":"post-10906","1":"product","2":"type-product","3":"status-publish","4":"has-post-thumbnail","6":"product_cat-genel","7":"product_cat-essansiel-yag","8":"product_cat-6li-set","9":"_wholesalex wsx-wholesalex-product","11":"first","12":"instock","13":"taxable","14":"shipping-taxable","15":"purchasable","16":"product-type-simple"},"jetpack_sharing_enabled":true,"_links":{"self":[{"href":"https:\/\/jacos.com.tr\/index.php\/wp-json\/wp\/v2\/product\/10906","targetHints":{"allow":["GET"]}}],"collection":[{"href":"https:\/\/jacos.com.tr\/index.php\/wp-json\/wp\/v2\/product"}],"about":[{"href":"https:\/\/jacos.com.tr\/index.php\/wp-json\/wp\/v2\/types\/product"}],"replies":[{"embeddable":true,"href":"https:\/\/jacos.com.tr\/index.php\/wp-json\/wp\/v2\/comments?post=10906"}],"version-history":[{"count":1,"href":"https:\/\/jacos.com.tr\/index.php\/wp-json\/wp\/v2\/product\/10906\/revisions"}],"predecessor-version":[{"id":10907,"href":"https:\/\/jacos.com.tr\/index.php\/wp-json\/wp\/v2\/product\/10906\/revisions\/10907"}],"wp:featuredmedia":[{"embeddable":true,"href":"https:\/\/jacos.com.tr\/index.php\/wp-json\/wp\/v2\/media\/10701"}],"wp:attachment":[{"href":"https:\/\/jacos.com.tr\/index.php\/wp-json\/wp\/v2\/media?parent=10906"}],"wp:term":[{"taxonomy":"product_brand","embeddable":true,"href":"https:\/\/jacos.com.tr\/index.php\/wp-json\/wp\/v2\/product_brand?post=10906"},{"taxonomy":"product_cat","embeddable":true,"href":"https:\/\/jacos.com.tr\/index.php\/wp-json\/wp\/v2\/product_cat?post=10906"},{"taxonomy":"product_tag","embeddable":true,"href":"https:\/\/jacos.com.tr\/index.php\/wp-json\/wp\/v2\/product_tag?post=10906"}],"curies":[{"name":"wp","href":"https:\/\/api.w.org\/{rel}","templated":true}]}}