{"id":10904,"date":"2024-10-02T03:34:54","date_gmt":"2024-10-02T00:34:54","guid":{"rendered":"https:\/\/jacos.com.tr\/?post_type=product&#038;p=10904"},"modified":"2024-10-06T20:51:44","modified_gmt":"2024-10-06T17:51:44","slug":"6li-ekonomi-set-esansiyel-ucucu-yagi-buhardanlik-difuzor-esansi-oda-kokusu-2","status":"publish","type":"product","link":"https:\/\/jacos.com.tr\/index.php\/product\/6li-ekonomi-set-esansiyel-ucucu-yagi-buhardanlik-difuzor-esansi-oda-kokusu-2\/","title":{"rendered":"6&#8217;l\u0131 Ekonomi SET Esansiyel U\u00e7ucu Ya\u011f\u0131 Buhardanl\u0131k Dif\u00fcz\u00f6r Esans\u0131 Oda Kokusu"},"content":{"rendered":"<p>Bergamot \u00c7i\u00e7e\u011fi: Narenciye ve \u00e7i\u00e7eksi notalar\u0131yla zindelik verir, cildi temizler ve stresi azalt\u0131r. Bergamot, s\u0131kl\u0131kla aromaterapi ya\u011flar\u0131nda ve parf\u00fcmlerde kullan\u0131l\u0131r. Lilac (Leylak): Tatl\u0131 ve \u00e7i\u00e7eksi aromas\u0131yla ruh halini iyile\u015ftirir, uykuyu d\u00fczenler ve romantik bir atmosfer yarat\u0131r. Vadi Zambak\u0131: Saf ve zarif kokusu ile huzur ve mutluluk verir. Cildi yat\u0131\u015ft\u0131r\u0131r ve hassas ciltler i\u00e7in uygundur. Japon Kiraz \u00c7i\u00e7e\u011fi: Hafif ve tatl\u0131 aromas\u0131yla enerji verir, cildi ayd\u0131nlat\u0131r ve bahar\u0131n enerjisini ta\u015f\u0131r. S\u00fcmb\u00fcl: Tatl\u0131 ve \u00e7i\u00e7eksi kokusuyla ba\u015f a\u011fr\u0131s\u0131n\u0131 dindirir, stresi azalt\u0131r ve huzur verir. Ya\u011fmur Ormanlar\u0131: Bu asl\u0131nda tek bir \u00e7i\u00e7ek de\u011fil, ya\u011fmur ormanlar\u0131n\u0131n genel kokusu. Genellikle ye\u015fil, odunsu ve toprak kokular\u0131 ile ifade edilir. Bu koku, do\u011fayla ba\u011flant\u0131 kurmak ve rahatlamak i\u00e7in kullan\u0131l\u0131r. <\/p>\n","protected":false},"excerpt":{"rendered":"<p>Bergamot \u00c7i\u00e7e\u011fi: Narenciye ve \u00e7i\u00e7eksi notalar\u0131yla zindelik verir, cildi temizler ve stresi azalt\u0131r. Bergamot, s\u0131kl\u0131kla aromaterapi ya\u011flar\u0131nda ve parf\u00fcmlerde kullan\u0131l\u0131r.<\/p>\n","protected":false},"featured_media":10700,"comment_status":"open","ping_status":"closed","template":"","meta":{"_joinchat":[]},"product_brand":[],"product_cat":[15,16,71],"product_tag":[],"class_list":{"0":"post-10904","1":"product","2":"type-product","3":"status-publish","4":"has-post-thumbnail","6":"product_cat-genel","7":"product_cat-essansiel-yag","8":"product_cat-6li-set","9":"_wholesalex wsx-wholesalex-product","11":"first","12":"instock","13":"taxable","14":"shipping-taxable","15":"purchasable","16":"product-type-simple"},"jetpack_sharing_enabled":true,"_links":{"self":[{"href":"https:\/\/jacos.com.tr\/index.php\/wp-json\/wp\/v2\/product\/10904","targetHints":{"allow":["GET"]}}],"collection":[{"href":"https:\/\/jacos.com.tr\/index.php\/wp-json\/wp\/v2\/product"}],"about":[{"href":"https:\/\/jacos.com.tr\/index.php\/wp-json\/wp\/v2\/types\/product"}],"replies":[{"embeddable":true,"href":"https:\/\/jacos.com.tr\/index.php\/wp-json\/wp\/v2\/comments?post=10904"}],"version-history":[{"count":1,"href":"https:\/\/jacos.com.tr\/index.php\/wp-json\/wp\/v2\/product\/10904\/revisions"}],"predecessor-version":[{"id":10905,"href":"https:\/\/jacos.com.tr\/index.php\/wp-json\/wp\/v2\/product\/10904\/revisions\/10905"}],"wp:featuredmedia":[{"embeddable":true,"href":"https:\/\/jacos.com.tr\/index.php\/wp-json\/wp\/v2\/media\/10700"}],"wp:attachment":[{"href":"https:\/\/jacos.com.tr\/index.php\/wp-json\/wp\/v2\/media?parent=10904"}],"wp:term":[{"taxonomy":"product_brand","embeddable":true,"href":"https:\/\/jacos.com.tr\/index.php\/wp-json\/wp\/v2\/product_brand?post=10904"},{"taxonomy":"product_cat","embeddable":true,"href":"https:\/\/jacos.com.tr\/index.php\/wp-json\/wp\/v2\/product_cat?post=10904"},{"taxonomy":"product_tag","embeddable":true,"href":"https:\/\/jacos.com.tr\/index.php\/wp-json\/wp\/v2\/product_tag?post=10904"}],"curies":[{"name":"wp","href":"https:\/\/api.w.org\/{rel}","templated":true}]}}