{"id":10902,"date":"2024-10-02T03:34:49","date_gmt":"2024-10-02T00:34:49","guid":{"rendered":"https:\/\/jacos.com.tr\/?post_type=product&#038;p=10902"},"modified":"2024-10-02T03:34:51","modified_gmt":"2024-10-02T00:34:51","slug":"6li-ekonomi-set-esansiyel-ucucu-yagi-buhardanlik-difuzor-esansi-oda-kokusu","status":"publish","type":"product","link":"https:\/\/jacos.com.tr\/index.php\/product\/6li-ekonomi-set-esansiyel-ucucu-yagi-buhardanlik-difuzor-esansi-oda-kokusu\/","title":{"rendered":"6&#8217;l\u0131 Ekonomi SET Esansiyel U\u00e7ucu Ya\u011f\u0131 Buhardanl\u0131k Dif\u00fcz\u00f6r Esans\u0131 Oda Kokusu"},"content":{"rendered":"<p>Bergamot \u00c7i\u00e7e\u011fi Esansiyel Ya\u011f\u0131: Narenciye ve \u00e7i\u00e7eksi notalar\u0131yla zindelik verir, cildi temizler ve stresi azalt\u0131r. Lilac Ekstra Esansiyel Ya\u011f\u0131: Tatl\u0131 ve \u00e7i\u00e7eksi aromas\u0131yla ruh halini iyile\u015ftirir, uykuyu d\u00fczenler ve romantik bir atmosfer yarat\u0131r. Frans\u0131z G\u00fcl\u00fc Esansiyel Ya\u011f\u0131: Zengin ve romantik kokusuyla cildi yeniler, duygusal dengeyi sa\u011flar ve stresi azalt\u0131r. Japon Kiraz \u00c7i\u00e7e\u011fi Esansiyel Ya\u011f\u0131: Hafif ve tatl\u0131 aromas\u0131yla enerji verir, cildi ayd\u0131nlat\u0131r ve bahar\u0131n enerjisini ta\u015f\u0131r. S\u00fcmb\u00fcl Esansiyel Ya\u011f\u0131: Tatl\u0131 ve \u00e7i\u00e7eksi kokusuyla ba\u015f a\u011fr\u0131s\u0131n\u0131 dindirir, stresi azalt\u0131r ve huzur verir. Sandal Egzotik Esansiyel Ya\u011f\u0131: S\u0131cak ve odunsu aromas\u0131yla zihinsel berrakl\u0131k sa\u011flar, cildi nemlendirir ve stresi azalt\u0131r.<\/p>\n","protected":false},"excerpt":{"rendered":"<p>Bergamot \u00c7i\u00e7e\u011fi Esansiyel Ya\u011f\u0131: Narenciye ve \u00e7i\u00e7eksi notalar\u0131yla zindelik verir, cildi temizler ve stresi azalt\u0131r. Lilac Ekstra Esansiyel Ya\u011f\u0131: Tatl\u0131<\/p>\n","protected":false},"featured_media":10699,"comment_status":"open","ping_status":"closed","template":"","meta":{"_joinchat":[]},"product_brand":[],"product_cat":[15,16,71],"product_tag":[],"class_list":{"0":"post-10902","1":"product","2":"type-product","3":"status-publish","4":"has-post-thumbnail","6":"product_cat-genel","7":"product_cat-essansiel-yag","8":"product_cat-6li-set","9":"_wholesalex wsx-wholesalex-product","11":"first","12":"instock","13":"taxable","14":"shipping-taxable","15":"purchasable","16":"product-type-simple"},"jetpack_sharing_enabled":true,"_links":{"self":[{"href":"https:\/\/jacos.com.tr\/index.php\/wp-json\/wp\/v2\/product\/10902","targetHints":{"allow":["GET"]}}],"collection":[{"href":"https:\/\/jacos.com.tr\/index.php\/wp-json\/wp\/v2\/product"}],"about":[{"href":"https:\/\/jacos.com.tr\/index.php\/wp-json\/wp\/v2\/types\/product"}],"replies":[{"embeddable":true,"href":"https:\/\/jacos.com.tr\/index.php\/wp-json\/wp\/v2\/comments?post=10902"}],"version-history":[{"count":1,"href":"https:\/\/jacos.com.tr\/index.php\/wp-json\/wp\/v2\/product\/10902\/revisions"}],"predecessor-version":[{"id":10903,"href":"https:\/\/jacos.com.tr\/index.php\/wp-json\/wp\/v2\/product\/10902\/revisions\/10903"}],"wp:featuredmedia":[{"embeddable":true,"href":"https:\/\/jacos.com.tr\/index.php\/wp-json\/wp\/v2\/media\/10699"}],"wp:attachment":[{"href":"https:\/\/jacos.com.tr\/index.php\/wp-json\/wp\/v2\/media?parent=10902"}],"wp:term":[{"taxonomy":"product_brand","embeddable":true,"href":"https:\/\/jacos.com.tr\/index.php\/wp-json\/wp\/v2\/product_brand?post=10902"},{"taxonomy":"product_cat","embeddable":true,"href":"https:\/\/jacos.com.tr\/index.php\/wp-json\/wp\/v2\/product_cat?post=10902"},{"taxonomy":"product_tag","embeddable":true,"href":"https:\/\/jacos.com.tr\/index.php\/wp-json\/wp\/v2\/product_tag?post=10902"}],"curies":[{"name":"wp","href":"https:\/\/api.w.org\/{rel}","templated":true}]}}