{"id":10616,"date":"2024-10-01T00:31:59","date_gmt":"2024-09-30T21:31:59","guid":{"rendered":"https:\/\/jacos.com.tr\/?post_type=product&#038;p=10616"},"modified":"2024-10-01T18:45:38","modified_gmt":"2024-10-01T15:45:38","slug":"vadi-zambagisandal-egzotikyasemin-esansiyel-ucucu-yagi-difuzor-esansi-oda-kokusu-3lu-set","status":"publish","type":"product","link":"https:\/\/jacos.com.tr\/index.php\/product\/vadi-zambagisandal-egzotikyasemin-esansiyel-ucucu-yagi-difuzor-esansi-oda-kokusu-3lu-set\/","title":{"rendered":"Vadi Zamba\u011f\u0131, Sandal Egzotik, Yasemin Esansiyel U\u00e7ucu Ya\u011f\u0131 Dif\u00fcz\u00f6r Esans\u0131 Oda Kokusu 3&#8217;l\u00fc SET"},"content":{"rendered":"<p>Vadi Zamba\u011f\u0131: Zarafetin ve safl\u0131\u011f\u0131n kokusu&#8230; Vadi Zambak\u0131, zarif ve romantik vadi zamba\u011f\u0131 notalar\u0131yla birlikte, yasemin ve beyaz misk notalar\u0131yla harmanlanm\u0131\u015ft\u0131r. \u00d6zel g\u00fcnler ve romantik anlar i\u00e7in idealdir. Sandal Egzotik: Uzak diyarlar\u0131n b\u00fcy\u00fcs\u00fc&#8230; Sandal Egzotik, egzotik sandal a\u011fac\u0131 ve ylang ylang notalar\u0131yla harmanlanm\u0131\u015f, mistik ve ba\u015ftan \u00e7\u0131kar\u0131c\u0131 bir kokudur. Kendinizi macera dolu bir yolculu\u011fa \u00e7\u0131karmak i\u00e7in idealdir.<\/p>\n","protected":false},"excerpt":{"rendered":"<p>Vadi Zamba\u011f\u0131: Zarafetin ve safl\u0131\u011f\u0131n kokusu&#8230; Vadi Zambak\u0131, zarif ve romantik vadi zamba\u011f\u0131 notalar\u0131yla birlikte, yasemin ve beyaz misk notalar\u0131yla<\/p>\n","protected":false},"featured_media":10509,"comment_status":"open","ping_status":"closed","template":"","meta":{"_joinchat":[]},"product_brand":[],"product_cat":[15,16,70],"product_tag":[],"class_list":{"0":"post-10616","1":"product","2":"type-product","3":"status-publish","4":"has-post-thumbnail","6":"product_cat-genel","7":"product_cat-essansiel-yag","8":"product_cat-3lu-set","9":"_wholesalex wsx-wholesalex-product","11":"first","12":"instock","13":"taxable","14":"shipping-taxable","15":"purchasable","16":"product-type-simple"},"jetpack_sharing_enabled":true,"_links":{"self":[{"href":"https:\/\/jacos.com.tr\/index.php\/wp-json\/wp\/v2\/product\/10616","targetHints":{"allow":["GET"]}}],"collection":[{"href":"https:\/\/jacos.com.tr\/index.php\/wp-json\/wp\/v2\/product"}],"about":[{"href":"https:\/\/jacos.com.tr\/index.php\/wp-json\/wp\/v2\/types\/product"}],"replies":[{"embeddable":true,"href":"https:\/\/jacos.com.tr\/index.php\/wp-json\/wp\/v2\/comments?post=10616"}],"version-history":[{"count":3,"href":"https:\/\/jacos.com.tr\/index.php\/wp-json\/wp\/v2\/product\/10616\/revisions"}],"predecessor-version":[{"id":10628,"href":"https:\/\/jacos.com.tr\/index.php\/wp-json\/wp\/v2\/product\/10616\/revisions\/10628"}],"wp:featuredmedia":[{"embeddable":true,"href":"https:\/\/jacos.com.tr\/index.php\/wp-json\/wp\/v2\/media\/10509"}],"wp:attachment":[{"href":"https:\/\/jacos.com.tr\/index.php\/wp-json\/wp\/v2\/media?parent=10616"}],"wp:term":[{"taxonomy":"product_brand","embeddable":true,"href":"https:\/\/jacos.com.tr\/index.php\/wp-json\/wp\/v2\/product_brand?post=10616"},{"taxonomy":"product_cat","embeddable":true,"href":"https:\/\/jacos.com.tr\/index.php\/wp-json\/wp\/v2\/product_cat?post=10616"},{"taxonomy":"product_tag","embeddable":true,"href":"https:\/\/jacos.com.tr\/index.php\/wp-json\/wp\/v2\/product_tag?post=10616"}],"curies":[{"name":"wp","href":"https:\/\/api.w.org\/{rel}","templated":true}]}}