{"id":10602,"date":"2024-10-01T00:31:24","date_gmt":"2024-09-30T21:31:24","guid":{"rendered":"https:\/\/jacos.com.tr\/?post_type=product&#038;p=10602"},"modified":"2024-10-01T18:57:38","modified_gmt":"2024-10-01T15:57:38","slug":"okyanus-esintisipudraamber-romantik-esansiyel-ucucu-yagi-difuzor-esansi-oda-kokusu-3lu-set","status":"publish","type":"product","link":"https:\/\/jacos.com.tr\/index.php\/product\/okyanus-esintisipudraamber-romantik-esansiyel-ucucu-yagi-difuzor-esansi-oda-kokusu-3lu-set\/","title":{"rendered":"Okyanus Esintisi, Pudra, Amber Romantik Esansiyel U\u00e7ucu Ya\u011f\u0131 Dif\u00fcz\u00f6r Esans\u0131 Oda Kokusu 3&#8217;l\u00fc SET"},"content":{"rendered":"<p>Okyanus Esintisi: Sonsuzlu\u011fun kokusu&#8230; Okyanus Esintisi, ferahlat\u0131c\u0131 deniz tuzu ve ozon notalar\u0131yla harmanlanm\u0131\u015f, enerji verici ve canland\u0131r\u0131c\u0131 bir kokudur. Stresli g\u00fcnlerin ard\u0131ndan kendinizi dinlendirmek i\u00e7in idealdir. Bebek Pudras\u0131: Nostaljik bir dokunu\u015fla g\u00fcn\u00fcn\u00fcze ferahl\u0131k kat\u0131n. Bebek Pudras\u0131, taze pudra ve vanilya notalar\u0131yla harmanlanm\u0131\u015f, temiz ve samimi bir kokudur. Sizi \u00e7ocuklu\u011funuzun g\u00fczel g\u00fcnlerine g\u00f6t\u00fcrerek, g\u00fcn boyu i\u00e7inize sinen bir mutluluk ya\u015fat\u0131r. Amber Romantik: Zaman\u0131n durdu\u011fu anlar\u0131n b\u00fcy\u00fcl\u00fc kokusu&#8230; Amber Romantik, s\u0131cak ve mistik amber notalar\u0131yla bergamotun ferahlat\u0131c\u0131 dokunu\u015funu bir araya getirerek, romantik anlar\u0131n\u0131z\u0131 \u00f6l\u00fcms\u00fcz k\u0131lacak bir deneyim sunar. Pa\u00e7uli&#8217;nin derin ve topraks\u0131 kokusu, vanilyan\u0131n tatl\u0131 ve sarmalayan etkisiyle birle\u015ferek, kalbinizi fethedecek unutulmaz bir koku imzas\u0131 olu\u015fturur. Romantik ak\u015fam yemekleri, \u00f6zel g\u00fcnler ve samimi anlar i\u00e7in idealdir.<\/p>\n","protected":false},"excerpt":{"rendered":"<p>Okyanus Esintisi: Sonsuzlu\u011fun kokusu&#8230; Okyanus Esintisi, ferahlat\u0131c\u0131 deniz tuzu ve ozon notalar\u0131yla harmanlanm\u0131\u015f, enerji verici ve canland\u0131r\u0131c\u0131 bir kokudur. Stresli<\/p>\n","protected":false},"featured_media":10502,"comment_status":"open","ping_status":"closed","template":"","meta":{"_joinchat":[]},"product_brand":[],"product_cat":[15,16,70],"product_tag":[],"class_list":{"0":"post-10602","1":"product","2":"type-product","3":"status-publish","4":"has-post-thumbnail","6":"product_cat-genel","7":"product_cat-essansiel-yag","8":"product_cat-3lu-set","9":"_wholesalex wsx-wholesalex-product","11":"first","12":"instock","13":"taxable","14":"shipping-taxable","15":"purchasable","16":"product-type-simple"},"jetpack_sharing_enabled":true,"_links":{"self":[{"href":"https:\/\/jacos.com.tr\/index.php\/wp-json\/wp\/v2\/product\/10602","targetHints":{"allow":["GET"]}}],"collection":[{"href":"https:\/\/jacos.com.tr\/index.php\/wp-json\/wp\/v2\/product"}],"about":[{"href":"https:\/\/jacos.com.tr\/index.php\/wp-json\/wp\/v2\/types\/product"}],"replies":[{"embeddable":true,"href":"https:\/\/jacos.com.tr\/index.php\/wp-json\/wp\/v2\/comments?post=10602"}],"version-history":[{"count":3,"href":"https:\/\/jacos.com.tr\/index.php\/wp-json\/wp\/v2\/product\/10602\/revisions"}],"predecessor-version":[{"id":10639,"href":"https:\/\/jacos.com.tr\/index.php\/wp-json\/wp\/v2\/product\/10602\/revisions\/10639"}],"wp:featuredmedia":[{"embeddable":true,"href":"https:\/\/jacos.com.tr\/index.php\/wp-json\/wp\/v2\/media\/10502"}],"wp:attachment":[{"href":"https:\/\/jacos.com.tr\/index.php\/wp-json\/wp\/v2\/media?parent=10602"}],"wp:term":[{"taxonomy":"product_brand","embeddable":true,"href":"https:\/\/jacos.com.tr\/index.php\/wp-json\/wp\/v2\/product_brand?post=10602"},{"taxonomy":"product_cat","embeddable":true,"href":"https:\/\/jacos.com.tr\/index.php\/wp-json\/wp\/v2\/product_cat?post=10602"},{"taxonomy":"product_tag","embeddable":true,"href":"https:\/\/jacos.com.tr\/index.php\/wp-json\/wp\/v2\/product_tag?post=10602"}],"curies":[{"name":"wp","href":"https:\/\/api.w.org\/{rel}","templated":true}]}}