{"id":10582,"date":"2024-10-01T00:30:39","date_gmt":"2024-09-30T21:30:39","guid":{"rendered":"https:\/\/jacos.com.tr\/?post_type=product&#038;p=10582"},"modified":"2024-10-01T19:03:01","modified_gmt":"2024-10-01T16:03:01","slug":"lavantalilacyasemin-esansiyel-ucucu-yagi-buhardanlik-difuzor-esansi-oda-kokusu-3lu-set","status":"publish","type":"product","link":"https:\/\/jacos.com.tr\/index.php\/product\/lavantalilacyasemin-esansiyel-ucucu-yagi-buhardanlik-difuzor-esansi-oda-kokusu-3lu-set\/","title":{"rendered":"Lavanta, Lilac, Yasemin Esansiyel U\u00e7ucu Ya\u011f\u0131 Buhardanl\u0131k Dif\u00fcz\u00f6r Esans\u0131 Oda Kokusu 3&#8217;l\u00fc SET"},"content":{"rendered":"<p>Lavanta U\u00e7ucu Ya\u011f\u0131: Do\u011fan\u0131n sakinle\u015ftirici g\u00fcc\u00fcn\u00fc evine ta\u015f\u0131! Lavanta u\u00e7ucu ya\u011f\u0131, stresi azalt\u0131rken ruhunu dinlendirerek huzurlu bir atmosfer yarat\u0131r. Ba\u015f a\u011fr\u0131lar\u0131n\u0131 hafifletir, uyku kalitesini art\u0131r\u0131r ve antiseptik \u00f6zelli\u011fiyle ortam\u0131 temizler. Buhurdanl\u0131k, nemlendirici veya \u00e7ama\u015f\u0131r dolaplar\u0131nda kullan\u0131labilir. Do\u011fal temizlik \u00fcr\u00fcnlerinde ve mum yap\u0131m\u0131nda da tercih edilen lavanta ya\u011f\u0131, sinek ve b\u00f6cekleri uzak tutarak evini ferah bir ortama d\u00f6n\u00fc\u015ft\u00fcr\u00fcr. Lilac Ekstra: Bahar\u0131n m\u00fcjdecisi&#8230; Lilac Ekstra, tatl\u0131 ve \u00e7i\u00e7eksi leylak notalar\u0131yla birlikte, yasemin ve vanilyan\u0131n romantik etkisiyle harmanlanm\u0131\u015ft\u0131r. Bahar\u0131n tazeli\u011fini evinize ta\u015f\u0131mak i\u00e7in idealdir.<\/p>\n","protected":false},"excerpt":{"rendered":"<p>Lavanta U\u00e7ucu Ya\u011f\u0131: Do\u011fan\u0131n sakinle\u015ftirici g\u00fcc\u00fcn\u00fc evine ta\u015f\u0131! Lavanta u\u00e7ucu ya\u011f\u0131, stresi azalt\u0131rken ruhunu dinlendirerek huzurlu bir atmosfer yarat\u0131r. Ba\u015f<\/p>\n","protected":false},"featured_media":10492,"comment_status":"open","ping_status":"closed","template":"","meta":{"_joinchat":[]},"product_brand":[],"product_cat":[15,16,70],"product_tag":[],"class_list":{"0":"post-10582","1":"product","2":"type-product","3":"status-publish","4":"has-post-thumbnail","6":"product_cat-genel","7":"product_cat-essansiel-yag","8":"product_cat-3lu-set","9":"_wholesalex wsx-wholesalex-product","11":"first","12":"instock","13":"taxable","14":"shipping-taxable","15":"purchasable","16":"product-type-simple"},"jetpack_sharing_enabled":true,"_links":{"self":[{"href":"https:\/\/jacos.com.tr\/index.php\/wp-json\/wp\/v2\/product\/10582","targetHints":{"allow":["GET"]}}],"collection":[{"href":"https:\/\/jacos.com.tr\/index.php\/wp-json\/wp\/v2\/product"}],"about":[{"href":"https:\/\/jacos.com.tr\/index.php\/wp-json\/wp\/v2\/types\/product"}],"replies":[{"embeddable":true,"href":"https:\/\/jacos.com.tr\/index.php\/wp-json\/wp\/v2\/comments?post=10582"}],"version-history":[{"count":3,"href":"https:\/\/jacos.com.tr\/index.php\/wp-json\/wp\/v2\/product\/10582\/revisions"}],"predecessor-version":[{"id":10658,"href":"https:\/\/jacos.com.tr\/index.php\/wp-json\/wp\/v2\/product\/10582\/revisions\/10658"}],"wp:featuredmedia":[{"embeddable":true,"href":"https:\/\/jacos.com.tr\/index.php\/wp-json\/wp\/v2\/media\/10492"}],"wp:attachment":[{"href":"https:\/\/jacos.com.tr\/index.php\/wp-json\/wp\/v2\/media?parent=10582"}],"wp:term":[{"taxonomy":"product_brand","embeddable":true,"href":"https:\/\/jacos.com.tr\/index.php\/wp-json\/wp\/v2\/product_brand?post=10582"},{"taxonomy":"product_cat","embeddable":true,"href":"https:\/\/jacos.com.tr\/index.php\/wp-json\/wp\/v2\/product_cat?post=10582"},{"taxonomy":"product_tag","embeddable":true,"href":"https:\/\/jacos.com.tr\/index.php\/wp-json\/wp\/v2\/product_tag?post=10582"}],"curies":[{"name":"wp","href":"https:\/\/api.w.org\/{rel}","templated":true}]}}