{"id":10576,"date":"2024-10-01T00:30:26","date_gmt":"2024-09-30T21:30:26","guid":{"rendered":"https:\/\/jacos.com.tr\/?post_type=product&#038;p=10576"},"modified":"2024-10-07T00:56:49","modified_gmt":"2024-10-06T21:56:49","slug":"lavantabergamot-ve-yasemin-esansiyel-ucucu-yagi-difuzor-esansi-oda-kokusu-3lu-set","status":"publish","type":"product","link":"https:\/\/jacos.com.tr\/index.php\/product\/lavantabergamot-ve-yasemin-esansiyel-ucucu-yagi-difuzor-esansi-oda-kokusu-3lu-set\/","title":{"rendered":"Lavanta,Bergamot ve Yasemin Esansiyel U\u00e7ucu Ya\u011f\u0131 Dif\u00fcz\u00f6r Esans\u0131 Oda Kokusu 3&#8217;l\u00fc SET"},"content":{"rendered":"<p>Lavanta U\u00e7ucu Ya\u011f\u0131: Do\u011fan\u0131n sakinle\u015ftirici g\u00fcc\u00fcn\u00fc evine ta\u015f\u0131! Lavanta u\u00e7ucu ya\u011f\u0131, stresi azalt\u0131rken ruhunu dinlendirerek huzurlu bir atmosfer yarat\u0131r. Ba\u015f a\u011fr\u0131lar\u0131n\u0131 hafifletir, uyku kalitesini art\u0131r\u0131r ve antiseptik \u00f6zelli\u011fiyle ortam\u0131 temizler. Buhurdanl\u0131k, nemlendirici veya \u00e7ama\u015f\u0131r dolaplar\u0131nda kullan\u0131labilir. Do\u011fal temizlik \u00fcr\u00fcnlerinde ve mum yap\u0131m\u0131nda da tercih edilen lavanta ya\u011f\u0131, sinek ve b\u00f6cekleri uzak tutarak evini ferah bir ortama d\u00f6n\u00fc\u015ft\u00fcr\u00fcr. Amber Romantik: Zaman\u0131n durdu\u011fu anlar\u0131n b\u00fcy\u00fcl\u00fc kokusu&#8230; Amber Romantik, s\u0131cak ve mistik amber notalar\u0131yla bergamotun ferahlat\u0131c\u0131 dokunu\u015funu bir araya getirerek, romantik anlar\u0131n\u0131z\u0131 \u00f6l\u00fcms\u00fcz k\u0131lacak bir deneyim sunar. Pa\u00e7uli&#8217;nin derin ve topraks\u0131 kokusu, vanilyan\u0131n tatl\u0131 ve sarmalayan etkisiyle birle\u015ferek, kalbinizi fethedecek unutulmaz bir koku imzas\u0131 olu\u015fturur. Romantik ak\u015fam yemekleri, \u00f6zel g\u00fcnler ve samimi anlar i\u00e7in idealdir.<\/p>\n","protected":false},"excerpt":{"rendered":"<p>Lavanta U\u00e7ucu Ya\u011f\u0131: Do\u011fan\u0131n sakinle\u015ftirici g\u00fcc\u00fcn\u00fc evine ta\u015f\u0131! Lavanta u\u00e7ucu ya\u011f\u0131, stresi azalt\u0131rken ruhunu dinlendirerek huzurlu bir atmosfer yarat\u0131r. Ba\u015f<\/p>\n","protected":false},"featured_media":10489,"comment_status":"open","ping_status":"closed","template":"","meta":{"_joinchat":[]},"product_brand":[],"product_cat":[15,16,70],"product_tag":[],"class_list":{"0":"post-10576","1":"product","2":"type-product","3":"status-publish","4":"has-post-thumbnail","6":"product_cat-genel","7":"product_cat-essansiel-yag","8":"product_cat-3lu-set","9":"_wholesalex wsx-wholesalex-product","11":"first","12":"instock","13":"taxable","14":"shipping-taxable","15":"purchasable","16":"product-type-simple"},"jetpack_sharing_enabled":true,"_links":{"self":[{"href":"https:\/\/jacos.com.tr\/index.php\/wp-json\/wp\/v2\/product\/10576","targetHints":{"allow":["GET"]}}],"collection":[{"href":"https:\/\/jacos.com.tr\/index.php\/wp-json\/wp\/v2\/product"}],"about":[{"href":"https:\/\/jacos.com.tr\/index.php\/wp-json\/wp\/v2\/types\/product"}],"replies":[{"embeddable":true,"href":"https:\/\/jacos.com.tr\/index.php\/wp-json\/wp\/v2\/comments?post=10576"}],"version-history":[{"count":1,"href":"https:\/\/jacos.com.tr\/index.php\/wp-json\/wp\/v2\/product\/10576\/revisions"}],"predecessor-version":[{"id":10577,"href":"https:\/\/jacos.com.tr\/index.php\/wp-json\/wp\/v2\/product\/10576\/revisions\/10577"}],"wp:featuredmedia":[{"embeddable":true,"href":"https:\/\/jacos.com.tr\/index.php\/wp-json\/wp\/v2\/media\/10489"}],"wp:attachment":[{"href":"https:\/\/jacos.com.tr\/index.php\/wp-json\/wp\/v2\/media?parent=10576"}],"wp:term":[{"taxonomy":"product_brand","embeddable":true,"href":"https:\/\/jacos.com.tr\/index.php\/wp-json\/wp\/v2\/product_brand?post=10576"},{"taxonomy":"product_cat","embeddable":true,"href":"https:\/\/jacos.com.tr\/index.php\/wp-json\/wp\/v2\/product_cat?post=10576"},{"taxonomy":"product_tag","embeddable":true,"href":"https:\/\/jacos.com.tr\/index.php\/wp-json\/wp\/v2\/product_tag?post=10576"}],"curies":[{"name":"wp","href":"https:\/\/api.w.org\/{rel}","templated":true}]}}