{"id":10574,"date":"2024-10-01T00:30:22","date_gmt":"2024-09-30T21:30:22","guid":{"rendered":"https:\/\/jacos.com.tr\/?post_type=product&#038;p=10574"},"modified":"2024-10-01T19:05:12","modified_gmt":"2024-10-01T16:05:12","slug":"lavantaanti-stressbeyaz-sabun-esansiyel-ucucu-yagi-difuzor-esansi-oda-kokusu-3lu-set","status":"publish","type":"product","link":"https:\/\/jacos.com.tr\/index.php\/product\/lavantaanti-stressbeyaz-sabun-esansiyel-ucucu-yagi-difuzor-esansi-oda-kokusu-3lu-set\/","title":{"rendered":"Lavanta, Anti Stres, Beyaz sabun Esansiyel U\u00e7ucu Ya\u011f\u0131 Dif\u00fcz\u00f6r Esans\u0131 Oda Kokusu 3&#8217;l\u00fc SET"},"content":{"rendered":"<p>Lavanta U\u00e7ucu Ya\u011f\u0131: Do\u011fan\u0131n sakinle\u015ftirici g\u00fcc\u00fcn\u00fc evine ta\u015f\u0131! Lavanta u\u00e7ucu ya\u011f\u0131, stresi azalt\u0131rken ruhunu dinlendirerek huzurlu bir atmosfer yarat\u0131r. Ba\u015f a\u011fr\u0131lar\u0131n\u0131 hafifletir, uyku kalitesini art\u0131r\u0131r ve antiseptik \u00f6zelli\u011fiyle ortam\u0131 temizler. Buhurdanl\u0131k, nemlendirici veya \u00e7ama\u015f\u0131r dolaplar\u0131nda kullan\u0131labilir. Do\u011fal temizlik \u00fcr\u00fcnlerinde ve mum yap\u0131m\u0131nda da tercih edilen lavanta ya\u011f\u0131, sinek ve b\u00f6cekleri uzak tutarak evini ferah bir ortama d\u00f6n\u00fc\u015ft\u00fcr\u00fcr. Antistress: Stresin eridi\u011fi, huzurun y\u00fckseldi\u011fi bir d\u00fcnyaya ad\u0131m at\u0131n. Antistress, lavanta ve ylang ylang gibi rahatlat\u0131c\u0131 bitki \u00f6zleriyle harmanlanm\u0131\u015f, zihni dinlendiren ve bedeni gev\u015feten bir form\u00fcld\u00fcr. Beyaz Sabun: Klasiklerin en g\u00fczeli&#8230; Beyaz Sabun, temizlik ve safl\u0131\u011f\u0131n simgesi olan klasik bir kokudur. Taze sabun ve misk notalar\u0131yla harmanlanm\u0131\u015f, g\u00fcnl\u00fck kullan\u0131m i\u00e7in idealdir.<\/p>\n","protected":false},"excerpt":{"rendered":"<p>Lavanta U\u00e7ucu Ya\u011f\u0131: Do\u011fan\u0131n sakinle\u015ftirici g\u00fcc\u00fcn\u00fc evine ta\u015f\u0131! Lavanta u\u00e7ucu ya\u011f\u0131, stresi azalt\u0131rken ruhunu dinlendirerek huzurlu bir atmosfer yarat\u0131r. Ba\u015f<\/p>\n","protected":false},"featured_media":10487,"comment_status":"open","ping_status":"closed","template":"","meta":{"_joinchat":[]},"product_brand":[],"product_cat":[15,16,70],"product_tag":[],"class_list":{"0":"post-10574","1":"product","2":"type-product","3":"status-publish","4":"has-post-thumbnail","6":"product_cat-genel","7":"product_cat-essansiel-yag","8":"product_cat-3lu-set","9":"_wholesalex wsx-wholesalex-product","11":"first","12":"instock","13":"taxable","14":"shipping-taxable","15":"purchasable","16":"product-type-simple"},"jetpack_sharing_enabled":true,"_links":{"self":[{"href":"https:\/\/jacos.com.tr\/index.php\/wp-json\/wp\/v2\/product\/10574","targetHints":{"allow":["GET"]}}],"collection":[{"href":"https:\/\/jacos.com.tr\/index.php\/wp-json\/wp\/v2\/product"}],"about":[{"href":"https:\/\/jacos.com.tr\/index.php\/wp-json\/wp\/v2\/types\/product"}],"replies":[{"embeddable":true,"href":"https:\/\/jacos.com.tr\/index.php\/wp-json\/wp\/v2\/comments?post=10574"}],"version-history":[{"count":3,"href":"https:\/\/jacos.com.tr\/index.php\/wp-json\/wp\/v2\/product\/10574\/revisions"}],"predecessor-version":[{"id":10664,"href":"https:\/\/jacos.com.tr\/index.php\/wp-json\/wp\/v2\/product\/10574\/revisions\/10664"}],"wp:featuredmedia":[{"embeddable":true,"href":"https:\/\/jacos.com.tr\/index.php\/wp-json\/wp\/v2\/media\/10487"}],"wp:attachment":[{"href":"https:\/\/jacos.com.tr\/index.php\/wp-json\/wp\/v2\/media?parent=10574"}],"wp:term":[{"taxonomy":"product_brand","embeddable":true,"href":"https:\/\/jacos.com.tr\/index.php\/wp-json\/wp\/v2\/product_brand?post=10574"},{"taxonomy":"product_cat","embeddable":true,"href":"https:\/\/jacos.com.tr\/index.php\/wp-json\/wp\/v2\/product_cat?post=10574"},{"taxonomy":"product_tag","embeddable":true,"href":"https:\/\/jacos.com.tr\/index.php\/wp-json\/wp\/v2\/product_tag?post=10574"}],"curies":[{"name":"wp","href":"https:\/\/api.w.org\/{rel}","templated":true}]}}