{"id":10568,"date":"2024-10-01T00:30:07","date_gmt":"2024-09-30T21:30:07","guid":{"rendered":"https:\/\/jacos.com.tr\/?post_type=product&#038;p=10568"},"modified":"2024-10-01T19:06:03","modified_gmt":"2024-10-01T16:06:03","slug":"japon-kirazsumbulbergamot-esansiyel-ucucu-yagi-difuzor-esansi-oda-kokusu-3lu-set","status":"publish","type":"product","link":"https:\/\/jacos.com.tr\/index.php\/product\/japon-kirazsumbulbergamot-esansiyel-ucucu-yagi-difuzor-esansi-oda-kokusu-3lu-set\/","title":{"rendered":"Japon Kiraz, S\u00fcmb\u00fcl, Bergamot Esansiyel U\u00e7ucu Ya\u011f\u0131 Dif\u00fcz\u00f6r Esans\u0131 Oda Kokusu 3&#8217;l\u00fc SET"},"content":{"rendered":"<p>Japon Kiraz \u00c7i\u00e7e\u011fi: Do\u011fu&#8217;nun mistik kokusu&#8230; Japon Kiraz \u00c7i\u00e7e\u011fi, zarif kiraz \u00e7i\u00e7e\u011fi ve bambu notalar\u0131yla harmanlanm\u0131\u015f, dingin ve meditatif bir kokudur. \u0130\u00e7 huzurunuzu bulmak ve stresten uzakla\u015fmak i\u00e7in idealdir. S\u00fcmb\u00fcl: Bahar\u0131n ilk m\u00fcjdecisi&#8230; S\u00fcmb\u00fcl, tatl\u0131 ve \u00e7i\u00e7eksi s\u00fcmb\u00fcl notalar\u0131yla birlikte, yasemin ve bergamotun ferahlat\u0131c\u0131 etkisiyle harmanlanm\u0131\u015ft\u0131r. Bahar\u0131n tazeli\u011fini evinize ta\u015f\u0131mak i\u00e7in idealdir. Bergamot \u00c7i\u00e7e\u011fi: Canland\u0131r\u0131c\u0131 ve enerji verici bir ba\u015flang\u0131\u00e7 i\u00e7in&#8230; Bergamot \u00c7i\u00e7e\u011fi, ferahlat\u0131c\u0131 bergamot notalar\u0131yla birlikte, greyfurtun canl\u0131 ve enerji veren etkisiyle harmanlanm\u0131\u015ft\u0131r. Yo\u011fun ge\u00e7en g\u00fcnlere zindelik katmak ve yarat\u0131c\u0131l\u0131\u011f\u0131n\u0131z\u0131 desteklemek i\u00e7in idealdir.<\/p>\n","protected":false},"excerpt":{"rendered":"<p>Japon Kiraz \u00c7i\u00e7e\u011fi: Do\u011fu&#8217;nun mistik kokusu&#8230; Japon Kiraz \u00c7i\u00e7e\u011fi, zarif kiraz \u00e7i\u00e7e\u011fi ve bambu notalar\u0131yla harmanlanm\u0131\u015f, dingin ve meditatif bir<\/p>\n","protected":false},"featured_media":10483,"comment_status":"open","ping_status":"closed","template":"","meta":{"_joinchat":[]},"product_brand":[],"product_cat":[15,16,70],"product_tag":[],"class_list":{"0":"post-10568","1":"product","2":"type-product","3":"status-publish","4":"has-post-thumbnail","6":"product_cat-genel","7":"product_cat-essansiel-yag","8":"product_cat-3lu-set","9":"_wholesalex wsx-wholesalex-product","11":"first","12":"instock","13":"taxable","14":"shipping-taxable","15":"purchasable","16":"product-type-simple"},"jetpack_sharing_enabled":true,"_links":{"self":[{"href":"https:\/\/jacos.com.tr\/index.php\/wp-json\/wp\/v2\/product\/10568","targetHints":{"allow":["GET"]}}],"collection":[{"href":"https:\/\/jacos.com.tr\/index.php\/wp-json\/wp\/v2\/product"}],"about":[{"href":"https:\/\/jacos.com.tr\/index.php\/wp-json\/wp\/v2\/types\/product"}],"replies":[{"embeddable":true,"href":"https:\/\/jacos.com.tr\/index.php\/wp-json\/wp\/v2\/comments?post=10568"}],"version-history":[{"count":3,"href":"https:\/\/jacos.com.tr\/index.php\/wp-json\/wp\/v2\/product\/10568\/revisions"}],"predecessor-version":[{"id":10667,"href":"https:\/\/jacos.com.tr\/index.php\/wp-json\/wp\/v2\/product\/10568\/revisions\/10667"}],"wp:featuredmedia":[{"embeddable":true,"href":"https:\/\/jacos.com.tr\/index.php\/wp-json\/wp\/v2\/media\/10483"}],"wp:attachment":[{"href":"https:\/\/jacos.com.tr\/index.php\/wp-json\/wp\/v2\/media?parent=10568"}],"wp:term":[{"taxonomy":"product_brand","embeddable":true,"href":"https:\/\/jacos.com.tr\/index.php\/wp-json\/wp\/v2\/product_brand?post=10568"},{"taxonomy":"product_cat","embeddable":true,"href":"https:\/\/jacos.com.tr\/index.php\/wp-json\/wp\/v2\/product_cat?post=10568"},{"taxonomy":"product_tag","embeddable":true,"href":"https:\/\/jacos.com.tr\/index.php\/wp-json\/wp\/v2\/product_tag?post=10568"}],"curies":[{"name":"wp","href":"https:\/\/api.w.org\/{rel}","templated":true}]}}