{"id":10548,"date":"2024-10-01T00:29:21","date_gmt":"2024-09-30T21:29:21","guid":{"rendered":"https:\/\/jacos.com.tr\/?post_type=product&#038;p=10548"},"modified":"2024-10-01T19:09:48","modified_gmt":"2024-10-01T16:09:48","slug":"japon-kirazgul-bahcesiyasemin-esansiyel-ucucu-yagi-difuzor-esansi-oda-kokusu-3lu-set","status":"publish","type":"product","link":"https:\/\/jacos.com.tr\/index.php\/product\/japon-kirazgul-bahcesiyasemin-esansiyel-ucucu-yagi-difuzor-esansi-oda-kokusu-3lu-set\/","title":{"rendered":"Japon Kiraz \u00c7i\u00e7e\u011fi, G\u00fcl Bah\u00e7esi, Yasemin Esansiyel U\u00e7ucu Ya\u011f\u0131 Dif\u00fcz\u00f6r Esans\u0131 Oda Kokusu 3&#8217;l\u00fc SET"},"content":{"rendered":"<p>Japon Kiraz \u00c7i\u00e7e\u011fi: Do\u011fu&#8217;nun mistik kokusu&#8230; Japon Kiraz \u00c7i\u00e7e\u011fi, zarif kiraz \u00e7i\u00e7e\u011fi ve bambu notalar\u0131yla harmanlanm\u0131\u015f, dingin ve meditatif bir kokudur. \u0130\u00e7 huzurunuzu bulmak ve stresten uzakla\u015fmak i\u00e7in idealdir. G\u00fcl Bah\u00e7esi: Romantizmin ve g\u00fczelli\u011fin kokusu&#8230; G\u00fcl Bah\u00e7esi, taze g\u00fcl yapraklar\u0131 ve beyaz misk notalar\u0131yla harmanlanm\u0131\u015f, romantik ve kad\u0131ns\u0131 bir kokudur. \u00d6zel g\u00fcnler ve romantik anlar i\u00e7in idealdir.<\/p>\n","protected":false},"excerpt":{"rendered":"<p>Japon Kiraz \u00c7i\u00e7e\u011fi: Do\u011fu&#8217;nun mistik kokusu&#8230; Japon Kiraz \u00c7i\u00e7e\u011fi, zarif kiraz \u00e7i\u00e7e\u011fi ve bambu notalar\u0131yla harmanlanm\u0131\u015f, dingin ve meditatif bir<\/p>\n","protected":false},"featured_media":10473,"comment_status":"open","ping_status":"closed","template":"","meta":{"_joinchat":[]},"product_brand":[],"product_cat":[15,16,70],"product_tag":[],"class_list":{"0":"post-10548","1":"product","2":"type-product","3":"status-publish","4":"has-post-thumbnail","6":"product_cat-genel","7":"product_cat-essansiel-yag","8":"product_cat-3lu-set","9":"_wholesalex wsx-wholesalex-product","11":"first","12":"instock","13":"taxable","14":"shipping-taxable","15":"purchasable","16":"product-type-simple"},"jetpack_sharing_enabled":true,"_links":{"self":[{"href":"https:\/\/jacos.com.tr\/index.php\/wp-json\/wp\/v2\/product\/10548","targetHints":{"allow":["GET"]}}],"collection":[{"href":"https:\/\/jacos.com.tr\/index.php\/wp-json\/wp\/v2\/product"}],"about":[{"href":"https:\/\/jacos.com.tr\/index.php\/wp-json\/wp\/v2\/types\/product"}],"replies":[{"embeddable":true,"href":"https:\/\/jacos.com.tr\/index.php\/wp-json\/wp\/v2\/comments?post=10548"}],"version-history":[{"count":3,"href":"https:\/\/jacos.com.tr\/index.php\/wp-json\/wp\/v2\/product\/10548\/revisions"}],"predecessor-version":[{"id":10684,"href":"https:\/\/jacos.com.tr\/index.php\/wp-json\/wp\/v2\/product\/10548\/revisions\/10684"}],"wp:featuredmedia":[{"embeddable":true,"href":"https:\/\/jacos.com.tr\/index.php\/wp-json\/wp\/v2\/media\/10473"}],"wp:attachment":[{"href":"https:\/\/jacos.com.tr\/index.php\/wp-json\/wp\/v2\/media?parent=10548"}],"wp:term":[{"taxonomy":"product_brand","embeddable":true,"href":"https:\/\/jacos.com.tr\/index.php\/wp-json\/wp\/v2\/product_brand?post=10548"},{"taxonomy":"product_cat","embeddable":true,"href":"https:\/\/jacos.com.tr\/index.php\/wp-json\/wp\/v2\/product_cat?post=10548"},{"taxonomy":"product_tag","embeddable":true,"href":"https:\/\/jacos.com.tr\/index.php\/wp-json\/wp\/v2\/product_tag?post=10548"}],"curies":[{"name":"wp","href":"https:\/\/api.w.org\/{rel}","templated":true}]}}