{"id":10546,"date":"2024-10-01T00:29:17","date_gmt":"2024-09-30T21:29:17","guid":{"rendered":"https:\/\/jacos.com.tr\/?post_type=product&#038;p=10546"},"modified":"2024-10-01T19:10:09","modified_gmt":"2024-10-01T16:10:09","slug":"fransiz-gulufrekansamber-romanik-esansiyel-ucucu-yagi-difuzor-esansi-oda-kokusu-3lu-set","status":"publish","type":"product","link":"https:\/\/jacos.com.tr\/index.php\/product\/fransiz-gulufrekansamber-romanik-esansiyel-ucucu-yagi-difuzor-esansi-oda-kokusu-3lu-set\/","title":{"rendered":"Frans\u0131z G\u00fcl\u00fc, Frekans, Amber Romanik Esansiyel U\u00e7ucu Ya\u011f\u0131 Dif\u00fcz\u00f6r Esans\u0131 Oda Kokusu 3&#8217;l\u00fc SET"},"content":{"rendered":"<p>Frans\u0131z G\u00fcl\u00fc U\u00e7ucu Ya\u011f\u0131: \u015e\u0131kl\u0131\u011f\u0131n ve zarafetin sembol\u00fc Frans\u0131z g\u00fcl\u00fc, u\u00e7ucu ya\u011f formunda evinde \u00f6zel bir yer bulacak. Romantik bir atmosfer yarat\u0131r, stresi azalt\u0131r ve duygusal dengeyi sa\u011flar. Cilt bak\u0131m\u0131nda da s\u0131kl\u0131kla kullan\u0131lan Frans\u0131z g\u00fcl\u00fc ya\u011f\u0131, cildi besler ve canland\u0131r\u0131r. \u00d6zel g\u00fcnlerde ve romantik anlarda kullanmak i\u00e7in m\u00fckemmel bir tercihtir. Y\u00fcksek Frekans: Enerjinin titre\u015fimi&#8230; Y\u00fcksek Frekans, enerji verici bergamot, greyfurt ve narenciye notalar\u0131yla harmanlanm\u0131\u015f, zindelik veren ve motive edici bir kokudur. Spor yaparken veya yo\u011fun bir g\u00fcn\u00fcn ba\u015f\u0131nda kullanmak i\u00e7in idealdir. Amber Romantik: Zaman\u0131n durdu\u011fu anlar\u0131n b\u00fcy\u00fcl\u00fc kokusu&#8230; Amber Romantik, s\u0131cak ve mistik notalar\u0131yla kalbinizi fetheder. Romantik anlara \u00f6zel olarak tasarlanan bu koku, tutkulu ve unutulmaz bir deneyim sunar.<\/p>\n","protected":false},"excerpt":{"rendered":"<p>Frans\u0131z G\u00fcl\u00fc U\u00e7ucu Ya\u011f\u0131: \u015e\u0131kl\u0131\u011f\u0131n ve zarafetin sembol\u00fc Frans\u0131z g\u00fcl\u00fc, u\u00e7ucu ya\u011f formunda evinde \u00f6zel bir yer bulacak. Romantik bir<\/p>\n","protected":false},"featured_media":10472,"comment_status":"open","ping_status":"closed","template":"","meta":{"_joinchat":[]},"product_brand":[],"product_cat":[15,16,70],"product_tag":[],"class_list":{"0":"post-10546","1":"product","2":"type-product","3":"status-publish","4":"has-post-thumbnail","6":"product_cat-genel","7":"product_cat-essansiel-yag","8":"product_cat-3lu-set","9":"_wholesalex wsx-wholesalex-product","11":"first","12":"instock","13":"taxable","14":"shipping-taxable","15":"purchasable","16":"product-type-simple"},"jetpack_sharing_enabled":true,"_links":{"self":[{"href":"https:\/\/jacos.com.tr\/index.php\/wp-json\/wp\/v2\/product\/10546","targetHints":{"allow":["GET"]}}],"collection":[{"href":"https:\/\/jacos.com.tr\/index.php\/wp-json\/wp\/v2\/product"}],"about":[{"href":"https:\/\/jacos.com.tr\/index.php\/wp-json\/wp\/v2\/types\/product"}],"replies":[{"embeddable":true,"href":"https:\/\/jacos.com.tr\/index.php\/wp-json\/wp\/v2\/comments?post=10546"}],"version-history":[{"count":3,"href":"https:\/\/jacos.com.tr\/index.php\/wp-json\/wp\/v2\/product\/10546\/revisions"}],"predecessor-version":[{"id":10686,"href":"https:\/\/jacos.com.tr\/index.php\/wp-json\/wp\/v2\/product\/10546\/revisions\/10686"}],"wp:featuredmedia":[{"embeddable":true,"href":"https:\/\/jacos.com.tr\/index.php\/wp-json\/wp\/v2\/media\/10472"}],"wp:attachment":[{"href":"https:\/\/jacos.com.tr\/index.php\/wp-json\/wp\/v2\/media?parent=10546"}],"wp:term":[{"taxonomy":"product_brand","embeddable":true,"href":"https:\/\/jacos.com.tr\/index.php\/wp-json\/wp\/v2\/product_brand?post=10546"},{"taxonomy":"product_cat","embeddable":true,"href":"https:\/\/jacos.com.tr\/index.php\/wp-json\/wp\/v2\/product_cat?post=10546"},{"taxonomy":"product_tag","embeddable":true,"href":"https:\/\/jacos.com.tr\/index.php\/wp-json\/wp\/v2\/product_tag?post=10546"}],"curies":[{"name":"wp","href":"https:\/\/api.w.org\/{rel}","templated":true}]}}