{"id":10542,"date":"2024-10-01T00:29:09","date_gmt":"2024-09-30T21:29:09","guid":{"rendered":"https:\/\/jacos.com.tr\/?post_type=product&#038;p=10542"},"modified":"2024-10-01T19:10:55","modified_gmt":"2024-10-01T16:10:55","slug":"frekansanti-stresssandal-agaci-esansiyel-ucucu-yagi-difuzor-esansi-oda-kokusu-3lu-set","status":"publish","type":"product","link":"https:\/\/jacos.com.tr\/index.php\/product\/frekansanti-stresssandal-agaci-esansiyel-ucucu-yagi-difuzor-esansi-oda-kokusu-3lu-set\/","title":{"rendered":"Frekans, Anti Stres, Sandal A\u011fac\u0131 Esansiyel U\u00e7ucu Ya\u011f\u0131 Dif\u00fcz\u00f6r Esans\u0131 Oda Kokusu 3&#8217;l\u00fc SET"},"content":{"rendered":"<p>Y\u00fcksek Frekans:Enerjinin titre\u015fimi&#8230; Y\u00fcksek Frekans, enerji verici ve canland\u0131r\u0131c\u0131 notalar\u0131yla g\u00fcn\u00fcn\u00fcze zindelik katar. Antistress: Stresin eridi\u011fi, huzurun y\u00fckseldi\u011fi bir d\u00fcnyaya ad\u0131m at\u0131n. Antistress, lavanta ve ylang ylang gibi rahatlat\u0131c\u0131 bitki \u00f6zleriyle harmanlanm\u0131\u015f, zihni dinlendiren ve bedeni gev\u015feten bir form\u00fcld\u00fcr. Sandal A\u011fac\u0131: Do\u011fan\u0131n s\u0131cakl\u0131\u011f\u0131&#8230; Sandal A\u011fac\u0131, s\u0131cak ve odunsu sandal a\u011fac\u0131 notalar\u0131yla birlikte, vanilyan\u0131n tatl\u0131 ve sarmalayan etkisiyle harmanlanm\u0131\u015ft\u0131r. Huzurlu bir atmosfer yaratmak ve rahatlamak i\u00e7in idealdir.<\/p>\n","protected":false},"excerpt":{"rendered":"<p>Y\u00fcksek Frekans:Enerjinin titre\u015fimi&#8230; Y\u00fcksek Frekans, enerji verici ve canland\u0131r\u0131c\u0131 notalar\u0131yla g\u00fcn\u00fcn\u00fcze zindelik katar. Antistress: Stresin eridi\u011fi, huzurun y\u00fckseldi\u011fi bir d\u00fcnyaya<\/p>\n","protected":false},"featured_media":10470,"comment_status":"open","ping_status":"closed","template":"","meta":{"_joinchat":[]},"product_brand":[],"product_cat":[15,16,70],"product_tag":[],"class_list":{"0":"post-10542","1":"product","2":"type-product","3":"status-publish","4":"has-post-thumbnail","6":"product_cat-genel","7":"product_cat-essansiel-yag","8":"product_cat-3lu-set","9":"_wholesalex wsx-wholesalex-product","11":"first","12":"instock","13":"taxable","14":"shipping-taxable","15":"purchasable","16":"product-type-simple"},"jetpack_sharing_enabled":true,"_links":{"self":[{"href":"https:\/\/jacos.com.tr\/index.php\/wp-json\/wp\/v2\/product\/10542","targetHints":{"allow":["GET"]}}],"collection":[{"href":"https:\/\/jacos.com.tr\/index.php\/wp-json\/wp\/v2\/product"}],"about":[{"href":"https:\/\/jacos.com.tr\/index.php\/wp-json\/wp\/v2\/types\/product"}],"replies":[{"embeddable":true,"href":"https:\/\/jacos.com.tr\/index.php\/wp-json\/wp\/v2\/comments?post=10542"}],"version-history":[{"count":3,"href":"https:\/\/jacos.com.tr\/index.php\/wp-json\/wp\/v2\/product\/10542\/revisions"}],"predecessor-version":[{"id":10690,"href":"https:\/\/jacos.com.tr\/index.php\/wp-json\/wp\/v2\/product\/10542\/revisions\/10690"}],"wp:featuredmedia":[{"embeddable":true,"href":"https:\/\/jacos.com.tr\/index.php\/wp-json\/wp\/v2\/media\/10470"}],"wp:attachment":[{"href":"https:\/\/jacos.com.tr\/index.php\/wp-json\/wp\/v2\/media?parent=10542"}],"wp:term":[{"taxonomy":"product_brand","embeddable":true,"href":"https:\/\/jacos.com.tr\/index.php\/wp-json\/wp\/v2\/product_brand?post=10542"},{"taxonomy":"product_cat","embeddable":true,"href":"https:\/\/jacos.com.tr\/index.php\/wp-json\/wp\/v2\/product_cat?post=10542"},{"taxonomy":"product_tag","embeddable":true,"href":"https:\/\/jacos.com.tr\/index.php\/wp-json\/wp\/v2\/product_tag?post=10542"}],"curies":[{"name":"wp","href":"https:\/\/api.w.org\/{rel}","templated":true}]}}