{"id":10540,"date":"2024-10-01T00:29:05","date_gmt":"2024-09-30T21:29:05","guid":{"rendered":"https:\/\/jacos.com.tr\/?post_type=product&#038;p=10540"},"modified":"2024-10-01T19:11:15","modified_gmt":"2024-10-01T16:11:15","slug":"fransiz-guluyagmur-ormanlari-yasemin-esansiyel-ucucu-yagi-difuzor-esansi-oda-kokusu-3lu-set","status":"publish","type":"product","link":"https:\/\/jacos.com.tr\/index.php\/product\/fransiz-guluyagmur-ormanlari-yasemin-esansiyel-ucucu-yagi-difuzor-esansi-oda-kokusu-3lu-set\/","title":{"rendered":"Frans\u0131z G\u00fcl\u00fc, Ya\u011fmur Ormanlar\u0131, Yasemin Esansiyel U\u00e7ucu Ya\u011f\u0131 Dif\u00fcz\u00f6r Esans\u0131 Oda Kokusu 3&#8217;l\u00fc SET"},"content":{"rendered":"<p>Frans\u0131z G\u00fcl\u00fc U\u00e7ucu Ya\u011f\u0131: \u015e\u0131kl\u0131\u011f\u0131n ve zarafetin sembol\u00fc Frans\u0131z g\u00fcl\u00fc, u\u00e7ucu ya\u011f formunda evinde \u00f6zel bir yer bulacak. Romantik bir atmosfer yarat\u0131r, stresi azalt\u0131r ve duygusal dengeyi sa\u011flar. Cilt bak\u0131m\u0131nda da s\u0131kl\u0131kla kullan\u0131lan Frans\u0131z g\u00fcl\u00fc ya\u011f\u0131, cildi besler ve canland\u0131r\u0131r. \u00d6zel g\u00fcnlerde ve romantik anlarda kullanmak i\u00e7in m\u00fckemmel bir tercihtir. Do\u011fan\u0131n kalbinin at\u0131\u015f\u0131&#8230; Ya\u011fmur Ormanlar\u0131, nemli ve yemye\u015fil ya\u011fmur orman\u0131 notalar\u0131yla birlikte, pa\u00e7uli ve sedir a\u011fac\u0131n\u0131n odunsu etkisiyle harmanlanm\u0131\u015ft\u0131r. Do\u011fan\u0131n huzurunu evinizde ya\u015famak i\u00e7in idealdir.<\/p>\n","protected":false},"excerpt":{"rendered":"<p>Frans\u0131z G\u00fcl\u00fc U\u00e7ucu Ya\u011f\u0131: \u015e\u0131kl\u0131\u011f\u0131n ve zarafetin sembol\u00fc Frans\u0131z g\u00fcl\u00fc, u\u00e7ucu ya\u011f formunda evinde \u00f6zel bir yer bulacak. Romantik bir<\/p>\n","protected":false},"featured_media":10469,"comment_status":"open","ping_status":"closed","template":"","meta":{"_joinchat":[]},"product_brand":[],"product_cat":[15,16,70],"product_tag":[],"class_list":{"0":"post-10540","1":"product","2":"type-product","3":"status-publish","4":"has-post-thumbnail","6":"product_cat-genel","7":"product_cat-essansiel-yag","8":"product_cat-3lu-set","9":"_wholesalex wsx-wholesalex-product","11":"first","12":"instock","13":"taxable","14":"shipping-taxable","15":"purchasable","16":"product-type-simple"},"jetpack_sharing_enabled":true,"_links":{"self":[{"href":"https:\/\/jacos.com.tr\/index.php\/wp-json\/wp\/v2\/product\/10540","targetHints":{"allow":["GET"]}}],"collection":[{"href":"https:\/\/jacos.com.tr\/index.php\/wp-json\/wp\/v2\/product"}],"about":[{"href":"https:\/\/jacos.com.tr\/index.php\/wp-json\/wp\/v2\/types\/product"}],"replies":[{"embeddable":true,"href":"https:\/\/jacos.com.tr\/index.php\/wp-json\/wp\/v2\/comments?post=10540"}],"version-history":[{"count":3,"href":"https:\/\/jacos.com.tr\/index.php\/wp-json\/wp\/v2\/product\/10540\/revisions"}],"predecessor-version":[{"id":10692,"href":"https:\/\/jacos.com.tr\/index.php\/wp-json\/wp\/v2\/product\/10540\/revisions\/10692"}],"wp:featuredmedia":[{"embeddable":true,"href":"https:\/\/jacos.com.tr\/index.php\/wp-json\/wp\/v2\/media\/10469"}],"wp:attachment":[{"href":"https:\/\/jacos.com.tr\/index.php\/wp-json\/wp\/v2\/media?parent=10540"}],"wp:term":[{"taxonomy":"product_brand","embeddable":true,"href":"https:\/\/jacos.com.tr\/index.php\/wp-json\/wp\/v2\/product_brand?post=10540"},{"taxonomy":"product_cat","embeddable":true,"href":"https:\/\/jacos.com.tr\/index.php\/wp-json\/wp\/v2\/product_cat?post=10540"},{"taxonomy":"product_tag","embeddable":true,"href":"https:\/\/jacos.com.tr\/index.php\/wp-json\/wp\/v2\/product_tag?post=10540"}],"curies":[{"name":"wp","href":"https:\/\/api.w.org\/{rel}","templated":true}]}}