{"id":10538,"date":"2024-10-01T00:29:00","date_gmt":"2024-09-30T21:29:00","guid":{"rendered":"https:\/\/jacos.com.tr\/?post_type=product&#038;p=10538"},"modified":"2024-10-01T19:11:45","modified_gmt":"2024-10-01T16:11:45","slug":"bergamot-yagmur-ormanlari-lotus-esansiyel-ucucu-yagi-difuzor-esansi-oda-kokusu-3lu-set","status":"publish","type":"product","link":"https:\/\/jacos.com.tr\/index.php\/product\/bergamot-yagmur-ormanlari-lotus-esansiyel-ucucu-yagi-difuzor-esansi-oda-kokusu-3lu-set\/","title":{"rendered":"Bergamot, Ya\u011fmur Ormanlar\u0131, Lotus Esansiyel U\u00e7ucu Ya\u011f\u0131 Dif\u00fcz\u00f6r Esans\u0131 Oda Kokusu 3&#8217;l\u00fc SET"},"content":{"rendered":"<p>Bergamot \u00c7i\u00e7e\u011fi: Canland\u0131r\u0131c\u0131 ve enerji verici bir ba\u015flang\u0131\u00e7 i\u00e7in&#8230; Bergamot \u00c7i\u00e7e\u011fi, ferahlat\u0131c\u0131 narenciye notalar\u0131yla g\u00fcne zinde ba\u015flaman\u0131z\u0131 sa\u011flar. Ya\u011fmur Ormanlar\u0131: Do\u011fan\u0131n kalbinin at\u0131\u015f\u0131&#8230; Ya\u011fmur Ormanlar\u0131, nemli ve yemye\u015fil notalar\u0131yla sizi do\u011fan\u0131n kalbine ta\u015f\u0131r. Lotus \u00c7i\u00e7e\u011fi: Safl\u0131k ve dinginli\u011fin sembol\u00fc&#8230; Lotus \u00c7i\u00e7e\u011fi, mistik lotus \u00e7i\u00e7e\u011fi ve sandal a\u011fac\u0131 notalar\u0131yla harmanlanm\u0131\u015f, zihni ar\u0131nd\u0131r\u0131c\u0131 ve dengeleyici bir kokudur. Meditasyon ve yoga prati\u011fi i\u00e7in idealdir.<\/p>\n","protected":false},"excerpt":{"rendered":"<p>Bergamot \u00c7i\u00e7e\u011fi: Canland\u0131r\u0131c\u0131 ve enerji verici bir ba\u015flang\u0131\u00e7 i\u00e7in&#8230; Bergamot \u00c7i\u00e7e\u011fi, ferahlat\u0131c\u0131 narenciye notalar\u0131yla g\u00fcne zinde ba\u015flaman\u0131z\u0131 sa\u011flar. Ya\u011fmur Ormanlar\u0131:<\/p>\n","protected":false},"featured_media":10468,"comment_status":"open","ping_status":"closed","template":"","meta":{"_joinchat":[]},"product_brand":[],"product_cat":[15,16,70],"product_tag":[],"class_list":{"0":"post-10538","1":"product","2":"type-product","3":"status-publish","4":"has-post-thumbnail","6":"product_cat-genel","7":"product_cat-essansiel-yag","8":"product_cat-3lu-set","9":"_wholesalex wsx-wholesalex-product","11":"first","12":"instock","13":"taxable","14":"shipping-taxable","15":"purchasable","16":"product-type-simple"},"jetpack_sharing_enabled":true,"_links":{"self":[{"href":"https:\/\/jacos.com.tr\/index.php\/wp-json\/wp\/v2\/product\/10538","targetHints":{"allow":["GET"]}}],"collection":[{"href":"https:\/\/jacos.com.tr\/index.php\/wp-json\/wp\/v2\/product"}],"about":[{"href":"https:\/\/jacos.com.tr\/index.php\/wp-json\/wp\/v2\/types\/product"}],"replies":[{"embeddable":true,"href":"https:\/\/jacos.com.tr\/index.php\/wp-json\/wp\/v2\/comments?post=10538"}],"version-history":[{"count":1,"href":"https:\/\/jacos.com.tr\/index.php\/wp-json\/wp\/v2\/product\/10538\/revisions"}],"predecessor-version":[{"id":10539,"href":"https:\/\/jacos.com.tr\/index.php\/wp-json\/wp\/v2\/product\/10538\/revisions\/10539"}],"wp:featuredmedia":[{"embeddable":true,"href":"https:\/\/jacos.com.tr\/index.php\/wp-json\/wp\/v2\/media\/10468"}],"wp:attachment":[{"href":"https:\/\/jacos.com.tr\/index.php\/wp-json\/wp\/v2\/media?parent=10538"}],"wp:term":[{"taxonomy":"product_brand","embeddable":true,"href":"https:\/\/jacos.com.tr\/index.php\/wp-json\/wp\/v2\/product_brand?post=10538"},{"taxonomy":"product_cat","embeddable":true,"href":"https:\/\/jacos.com.tr\/index.php\/wp-json\/wp\/v2\/product_cat?post=10538"},{"taxonomy":"product_tag","embeddable":true,"href":"https:\/\/jacos.com.tr\/index.php\/wp-json\/wp\/v2\/product_tag?post=10538"}],"curies":[{"name":"wp","href":"https:\/\/api.w.org\/{rel}","templated":true}]}}