{"id":10536,"date":"2024-10-01T00:28:56","date_gmt":"2024-09-30T21:28:56","guid":{"rendered":"https:\/\/jacos.com.tr\/?post_type=product&#038;p=10536"},"modified":"2024-10-01T19:12:08","modified_gmt":"2024-10-01T16:12:08","slug":"amberpudra-ve-lavanta-esansiyel-ucucu-yagi-buhardanlik-difuzor-esansi-oda-kokusu-3lu-set","status":"publish","type":"product","link":"https:\/\/jacos.com.tr\/index.php\/product\/amberpudra-ve-lavanta-esansiyel-ucucu-yagi-buhardanlik-difuzor-esansi-oda-kokusu-3lu-set\/","title":{"rendered":"Amber, Pudra ve Lavanta Esansiyel U\u00e7ucu Ya\u011f\u0131 Buhardanl\u0131k Dif\u00fcz\u00f6r Esans\u0131 Oda Kokusu 3&#8217;l\u00fc SET"},"content":{"rendered":"<p>Amber u\u00e7ucu ya\u011f\u0131, do\u011fal ve etkileyici bir aroma sunarak bir\u00e7ok alanda kullan\u0131labilir. Stresi azaltmak, ruh halini dengelemek, ba\u015f a\u011fr\u0131lar\u0131n\u0131 hafifletmek ve daha iyi bir uyku sa\u011flamak gibi faydalar\u0131 olan amber ya\u011f\u0131, antiseptik \u00f6zelliklere de sahiptir. Bu ya\u011f\u0131 buhurdanl\u0131k, hava nemlendirici cihazlar ve \u00e7ama\u015f\u0131r dolaplar\u0131 gibi alanlarda rahatl\u0131kla kullanabilirsiniz. Ayr\u0131ca, mum yap\u0131m\u0131nda ve do\u011fal temizlik \u00e7\u00f6z\u00fcmleri olu\u015fturmak i\u00e7in de m\u00fckemmel bir tercihtir. Amber ya\u011f\u0131, ortam\u0131n\u0131za romantik ve s\u0131cak bir atmosfer katarken, sinek ve b\u00f6cekleri uzakla\u015ft\u0131rmak i\u00e7in de ideal bir \u00e7\u00f6z\u00fcm sunar. Evinizde do\u011fal bir ferahl\u0131k ve ho\u015f bir koku yaratmak istiyorsan\u0131z, amber u\u00e7ucu ya\u011f\u0131 harika bir se\u00e7im olacakt\u0131r.Nostaljik bir dokunu\u015fla g\u00fcn\u00fcn\u00fcze ferahl\u0131k kat\u0131n. Bebek Pudras\u0131, temiz ve taze kokusuyla sizi \u00e7ocuklu\u011funuzun g\u00fczel g\u00fcnlerine g\u00f6t\u00fcr\u00fcr.Do\u011fan\u0131n sakinle\u015ftirici g\u00fcc\u00fcn\u00fc evine ta\u015f\u0131! Lavanta u\u00e7ucu ya\u011f\u0131, stresi azalt\u0131rken ruhunu dinlendirerek huzurlu bir atmosfer yarat\u0131r. Ba\u015f a\u011fr\u0131lar\u0131n\u0131 hafifletir, uyku kalitesini art\u0131r\u0131r ve antiseptik \u00f6zelli\u011fiyle ortam\u0131 temizler. Buhurdanl\u0131k, nemlendirici veya \u00e7ama\u015f\u0131r dolaplar\u0131nda kullan\u0131labilir. Do\u011fal temizlik \u00fcr\u00fcnlerinde ve mum yap\u0131m\u0131nda da tercih edilen lavanta ya\u011f\u0131, sinek ve b\u00f6cekleri uzak tutarak evini ferah bir ortama d\u00f6n\u00fc\u015ft\u00fcr\u00fcr.<\/p>\n","protected":false},"excerpt":{"rendered":"<p>Amber u\u00e7ucu ya\u011f\u0131, do\u011fal ve etkileyici bir aroma sunarak bir\u00e7ok alanda kullan\u0131labilir. Stresi azaltmak, ruh halini dengelemek, ba\u015f a\u011fr\u0131lar\u0131n\u0131 hafifletmek<\/p>\n","protected":false},"featured_media":10466,"comment_status":"open","ping_status":"closed","template":"","meta":{"_joinchat":[]},"product_brand":[],"product_cat":[15,16,70],"product_tag":[],"class_list":{"0":"post-10536","1":"product","2":"type-product","3":"status-publish","4":"has-post-thumbnail","6":"product_cat-genel","7":"product_cat-essansiel-yag","8":"product_cat-3lu-set","9":"_wholesalex wsx-wholesalex-product","11":"first","12":"instock","13":"taxable","14":"shipping-taxable","15":"purchasable","16":"product-type-simple"},"jetpack_sharing_enabled":true,"_links":{"self":[{"href":"https:\/\/jacos.com.tr\/index.php\/wp-json\/wp\/v2\/product\/10536","targetHints":{"allow":["GET"]}}],"collection":[{"href":"https:\/\/jacos.com.tr\/index.php\/wp-json\/wp\/v2\/product"}],"about":[{"href":"https:\/\/jacos.com.tr\/index.php\/wp-json\/wp\/v2\/types\/product"}],"replies":[{"embeddable":true,"href":"https:\/\/jacos.com.tr\/index.php\/wp-json\/wp\/v2\/comments?post=10536"}],"version-history":[{"count":3,"href":"https:\/\/jacos.com.tr\/index.php\/wp-json\/wp\/v2\/product\/10536\/revisions"}],"predecessor-version":[{"id":10694,"href":"https:\/\/jacos.com.tr\/index.php\/wp-json\/wp\/v2\/product\/10536\/revisions\/10694"}],"wp:featuredmedia":[{"embeddable":true,"href":"https:\/\/jacos.com.tr\/index.php\/wp-json\/wp\/v2\/media\/10466"}],"wp:attachment":[{"href":"https:\/\/jacos.com.tr\/index.php\/wp-json\/wp\/v2\/media?parent=10536"}],"wp:term":[{"taxonomy":"product_brand","embeddable":true,"href":"https:\/\/jacos.com.tr\/index.php\/wp-json\/wp\/v2\/product_brand?post=10536"},{"taxonomy":"product_cat","embeddable":true,"href":"https:\/\/jacos.com.tr\/index.php\/wp-json\/wp\/v2\/product_cat?post=10536"},{"taxonomy":"product_tag","embeddable":true,"href":"https:\/\/jacos.com.tr\/index.php\/wp-json\/wp\/v2\/product_tag?post=10536"}],"curies":[{"name":"wp","href":"https:\/\/api.w.org\/{rel}","templated":true}]}}