{"id":10534,"date":"2024-10-01T00:28:52","date_gmt":"2024-09-30T21:28:52","guid":{"rendered":"https:\/\/jacos.com.tr\/?post_type=product&#038;p=10534"},"modified":"2024-10-01T19:13:19","modified_gmt":"2024-10-01T16:13:19","slug":"akdenizfransiz-gulu-ve-yasemin-esansiyel-ucucu-yagi-difuzor-esansi-oda-kokusu-3lu-set","status":"publish","type":"product","link":"https:\/\/jacos.com.tr\/index.php\/product\/akdenizfransiz-gulu-ve-yasemin-esansiyel-ucucu-yagi-difuzor-esansi-oda-kokusu-3lu-set\/","title":{"rendered":"Akdeniz Esintisi, Frans\u0131z G\u00fcl\u00fc ve Yasemin Esansiyel U\u00e7ucu Ya\u011f\u0131 Dif\u00fcz\u00f6r Esans\u0131 Oda Kokusu 3&#8217;l\u00fc SET"},"content":{"rendered":"<p>G\u00fcne\u015fin teninde, denizin kokusunda&#8230; Akdeniz esintisi u\u00e7ucu ya\u011f\u0131, seni s\u0131cak yaz g\u00fcnlerinin ferahlat\u0131c\u0131 r\u00fczgar\u0131na g\u00f6t\u00fcr\u00fcr. Enerjini y\u00fckseltir, zihnini a\u00e7ar ve keyifli bir atmosfer olu\u015fturur. Evini mis gibi kokutmak i\u00e7in buhurdanl\u0131k veya oda spreylerinde kullanabilirsin. Aromaterapi seanslar\u0131nda da tercih edilen Akdeniz esintisi, g\u00fcn\u00fcn yorgunlu\u011funu atmana yard\u0131mc\u0131 olur.Romantikli\u011fin ve zarafetin simgesi jasemin \u00e7i\u00e7e\u011fi, u\u00e7ucu ya\u011f formunda evine mis kokusunu ta\u015f\u0131yor. Ruh halini iyile\u015ftirir, stresi azalt\u0131r ve duygusal dengeyi sa\u011flar. Ayn\u0131 zamanda cilt ve sa\u00e7 bak\u0131m\u0131 i\u00e7in de kullan\u0131labilir. \u00d6zellikle ak\u015famlar\u0131 kullan\u0131ld\u0131\u011f\u0131nda rahatlat\u0131c\u0131 bir etki yarat\u0131r. Romantik bir atmosfer yaratmak isteyenler i\u00e7in ideal bir se\u00e7enektir.\u015e\u0131kl\u0131\u011f\u0131n ve zarafetin sembol\u00fc Frans\u0131z g\u00fcl\u00fc, u\u00e7ucu ya\u011f formunda evinde \u00f6zel bir yer bulacak. Romantik bir atmosfer yarat\u0131r, stresi azalt\u0131r ve duygusal dengeyi sa\u011flar. Cilt bak\u0131m\u0131nda da s\u0131kl\u0131kla kullan\u0131lan Frans\u0131z g\u00fcl\u00fc ya\u011f\u0131, cildi besler ve canland\u0131r\u0131r. \u00d6zel g\u00fcnlerde ve romantik anlarda kullanmak i\u00e7in m\u00fckemmel bir tercihtir.<\/p>\n","protected":false},"excerpt":{"rendered":"<p>G\u00fcne\u015fin teninde, denizin kokusunda&#8230; Akdeniz esintisi u\u00e7ucu ya\u011f\u0131, seni s\u0131cak yaz g\u00fcnlerinin ferahlat\u0131c\u0131 r\u00fczgar\u0131na g\u00f6t\u00fcr\u00fcr. Enerjini y\u00fckseltir, zihnini a\u00e7ar ve<\/p>\n","protected":false},"featured_media":10465,"comment_status":"open","ping_status":"closed","template":"","meta":{"_joinchat":[]},"product_brand":[],"product_cat":[15,16,70],"product_tag":[],"class_list":{"0":"post-10534","1":"product","2":"type-product","3":"status-publish","4":"has-post-thumbnail","6":"product_cat-genel","7":"product_cat-essansiel-yag","8":"product_cat-3lu-set","9":"_wholesalex wsx-wholesalex-product","11":"first","12":"instock","13":"taxable","14":"shipping-taxable","15":"purchasable","16":"product-type-simple"},"jetpack_sharing_enabled":true,"_links":{"self":[{"href":"https:\/\/jacos.com.tr\/index.php\/wp-json\/wp\/v2\/product\/10534","targetHints":{"allow":["GET"]}}],"collection":[{"href":"https:\/\/jacos.com.tr\/index.php\/wp-json\/wp\/v2\/product"}],"about":[{"href":"https:\/\/jacos.com.tr\/index.php\/wp-json\/wp\/v2\/types\/product"}],"replies":[{"embeddable":true,"href":"https:\/\/jacos.com.tr\/index.php\/wp-json\/wp\/v2\/comments?post=10534"}],"version-history":[{"count":2,"href":"https:\/\/jacos.com.tr\/index.php\/wp-json\/wp\/v2\/product\/10534\/revisions"}],"predecessor-version":[{"id":10696,"href":"https:\/\/jacos.com.tr\/index.php\/wp-json\/wp\/v2\/product\/10534\/revisions\/10696"}],"wp:featuredmedia":[{"embeddable":true,"href":"https:\/\/jacos.com.tr\/index.php\/wp-json\/wp\/v2\/media\/10465"}],"wp:attachment":[{"href":"https:\/\/jacos.com.tr\/index.php\/wp-json\/wp\/v2\/media?parent=10534"}],"wp:term":[{"taxonomy":"product_brand","embeddable":true,"href":"https:\/\/jacos.com.tr\/index.php\/wp-json\/wp\/v2\/product_brand?post=10534"},{"taxonomy":"product_cat","embeddable":true,"href":"https:\/\/jacos.com.tr\/index.php\/wp-json\/wp\/v2\/product_cat?post=10534"},{"taxonomy":"product_tag","embeddable":true,"href":"https:\/\/jacos.com.tr\/index.php\/wp-json\/wp\/v2\/product_tag?post=10534"}],"curies":[{"name":"wp","href":"https:\/\/api.w.org\/{rel}","templated":true}]}}