{"id":10327,"date":"2024-09-26T20:01:51","date_gmt":"2024-09-26T17:01:51","guid":{"rendered":"https:\/\/jacos.com.tr\/?post_type=product&#038;p=10327"},"modified":"2024-10-09T03:17:00","modified_gmt":"2024-10-09T00:17:00","slug":"yuksek-frekans-ucucu-yagi-buhardanlik-difuzor-esansi-oda-kokusu-esansiyel-10-ml","status":"publish","type":"product","link":"https:\/\/jacos.com.tr\/index.php\/product\/yuksek-frekans-ucucu-yagi-buhardanlik-difuzor-esansi-oda-kokusu-esansiyel-10-ml\/","title":{"rendered":"Y\u00fcksek Frekans U\u00e7ucu Ya\u011f\u0131 Buhardanl\u0131k Dif\u00fcz\u00f6r Esans\u0131 Oda Kokusu Esansiyel 10 ml"},"content":{"rendered":"<p>Y\u00fcksek Frekans u\u00e7ucu ya\u011f\u0131, do\u011fal ve ferahlat\u0131c\u0131 bir aroma sunarak bir\u00e7ok alanda kullan\u0131labilir. Stresi azaltmak, ruh halini iyile\u015ftirmek, ba\u015f a\u011fr\u0131lar\u0131n\u0131 hafifletmek ve daha huzurlu bir uyku sa\u011flamak gibi faydalar\u0131 olan ya\u011fmur ormanlar\u0131 ya\u011f\u0131, antiseptik \u00f6zelliklere de sahiptir. Buhurdanl\u0131k, hava nemlendirici cihazlar ve \u00e7ama\u015f\u0131r dolaplar\u0131 gibi alanlarda kullan\u0131m\u0131 olduk\u00e7a uygundur. Ayr\u0131ca, mum yap\u0131m\u0131nda ve do\u011fal temizlik \u00e7\u00f6z\u00fcmleri olu\u015fturmak i\u00e7in de ideal bir tercihtir. Ya\u011fmur ormanlar\u0131 ya\u011f\u0131, ortam\u0131n\u0131za do\u011fal ve taze bir atmosfer katarken, sinek ve b\u00f6cekleri uzakla\u015ft\u0131rmak i\u00e7in de etkili bir \u00e7\u00f6z\u00fcmd\u00fcr. Evinizde do\u011fal bir ferahl\u0131k ve ho\u015f bir koku yaratmak istiyorsan\u0131z, ya\u011fmur ormanlar\u0131 u\u00e7ucu ya\u011f\u0131 m\u00fckemmel bir se\u00e7im olacakt\u0131r.<\/p>\n","protected":false},"excerpt":{"rendered":"<p>Y\u00fcksek Frekans u\u00e7ucu ya\u011f\u0131, do\u011fal ve ferahlat\u0131c\u0131 bir aroma sunarak bir\u00e7ok alanda kullan\u0131labilir. Stresi azaltmak, ruh halini iyile\u015ftirmek, ba\u015f a\u011fr\u0131lar\u0131n\u0131<\/p>\n","protected":false},"featured_media":10328,"comment_status":"open","ping_status":"closed","template":"","meta":{"_joinchat":[]},"product_brand":[],"product_cat":[15,16,73,17],"product_tag":[],"class_list":{"0":"post-10327","1":"product","2":"type-product","3":"status-publish","4":"has-post-thumbnail","6":"product_cat-genel","7":"product_cat-essansiel-yag","8":"product_cat-tekli","9":"product_cat-organik-yag","10":"_wholesalex wsx-wholesalex-product","12":"first","13":"instock","14":"taxable","15":"shipping-taxable","16":"purchasable","17":"product-type-simple"},"jetpack_sharing_enabled":true,"_links":{"self":[{"href":"https:\/\/jacos.com.tr\/index.php\/wp-json\/wp\/v2\/product\/10327","targetHints":{"allow":["GET"]}}],"collection":[{"href":"https:\/\/jacos.com.tr\/index.php\/wp-json\/wp\/v2\/product"}],"about":[{"href":"https:\/\/jacos.com.tr\/index.php\/wp-json\/wp\/v2\/types\/product"}],"replies":[{"embeddable":true,"href":"https:\/\/jacos.com.tr\/index.php\/wp-json\/wp\/v2\/comments?post=10327"}],"version-history":[{"count":1,"href":"https:\/\/jacos.com.tr\/index.php\/wp-json\/wp\/v2\/product\/10327\/revisions"}],"predecessor-version":[{"id":10329,"href":"https:\/\/jacos.com.tr\/index.php\/wp-json\/wp\/v2\/product\/10327\/revisions\/10329"}],"wp:featuredmedia":[{"embeddable":true,"href":"https:\/\/jacos.com.tr\/index.php\/wp-json\/wp\/v2\/media\/10328"}],"wp:attachment":[{"href":"https:\/\/jacos.com.tr\/index.php\/wp-json\/wp\/v2\/media?parent=10327"}],"wp:term":[{"taxonomy":"product_brand","embeddable":true,"href":"https:\/\/jacos.com.tr\/index.php\/wp-json\/wp\/v2\/product_brand?post=10327"},{"taxonomy":"product_cat","embeddable":true,"href":"https:\/\/jacos.com.tr\/index.php\/wp-json\/wp\/v2\/product_cat?post=10327"},{"taxonomy":"product_tag","embeddable":true,"href":"https:\/\/jacos.com.tr\/index.php\/wp-json\/wp\/v2\/product_tag?post=10327"}],"curies":[{"name":"wp","href":"https:\/\/api.w.org\/{rel}","templated":true}]}}