{"id":10309,"date":"2024-09-26T20:01:03","date_gmt":"2024-09-26T17:01:03","guid":{"rendered":"https:\/\/jacos.com.tr\/?post_type=product&#038;p=10309"},"modified":"2024-10-09T03:18:55","modified_gmt":"2024-10-09T00:18:55","slug":"sandal-agaci-ucucu-yagi-buhardanlik-difuzor-esansi-oda-kokusu-esansiyel-10-ml","status":"publish","type":"product","link":"https:\/\/jacos.com.tr\/index.php\/product\/sandal-agaci-ucucu-yagi-buhardanlik-difuzor-esansi-oda-kokusu-esansiyel-10-ml\/","title":{"rendered":"Sandal A\u011fac\u0131 U\u00e7ucu Ya\u011f\u0131 Buhardanl\u0131k Dif\u00fcz\u00f6r Esans\u0131 Oda Kokusu Esansiyel 10 ml"},"content":{"rendered":"<p>Sandal a\u011fac\u0131 u\u00e7ucu ya\u011f\u0131, egzotik ve zengin bir aroma sunarak bir\u00e7ok alanda kullan\u0131labilir. Stresi azaltmak, ruh halini dengelemek, ba\u015f a\u011fr\u0131lar\u0131n\u0131 hafifletmek ve daha derin bir uyku sa\u011flamak gibi faydalar\u0131 olan sandal a\u011fac\u0131 ya\u011f\u0131, antiseptik \u00f6zelliklere de sahiptir. Buhurdanl\u0131k, hava nemlendirici cihazlar ve \u00e7ama\u015f\u0131r dolaplar\u0131 gibi alanlarda kullan\u0131m\u0131 olduk\u00e7a uygundur. Ayr\u0131ca, mum yap\u0131m\u0131nda ve do\u011fal temizlik \u00e7\u00f6z\u00fcmleri olu\u015fturmak i\u00e7in de m\u00fckemmel bir tercihtir. Sandal a\u011fac\u0131 ya\u011f\u0131, ortam\u0131n\u0131za egzotik ve huzur verici bir atmosfer katarken, sinek ve b\u00f6cekleri uzakla\u015ft\u0131rmak i\u00e7in de etkili bir \u00e7\u00f6z\u00fcmd\u00fcr. Evinizde do\u011fal bir ferahl\u0131k ve ho\u015f bir koku yaratmak istiyorsan\u0131z, sandal a\u011fac\u0131 u\u00e7ucu ya\u011f\u0131 harika bir se\u00e7im olacakt\u0131r.<\/p>\n","protected":false},"excerpt":{"rendered":"<p>Sandal a\u011fac\u0131 u\u00e7ucu ya\u011f\u0131, egzotik ve zengin bir aroma sunarak bir\u00e7ok alanda kullan\u0131labilir. Stresi azaltmak, ruh halini dengelemek, ba\u015f a\u011fr\u0131lar\u0131n\u0131<\/p>\n","protected":false},"featured_media":10310,"comment_status":"open","ping_status":"closed","template":"","meta":{"_joinchat":[]},"product_brand":[],"product_cat":[15,16,73,17],"product_tag":[],"class_list":{"0":"post-10309","1":"product","2":"type-product","3":"status-publish","4":"has-post-thumbnail","6":"product_cat-genel","7":"product_cat-essansiel-yag","8":"product_cat-tekli","9":"product_cat-organik-yag","10":"_wholesalex wsx-wholesalex-product","12":"first","13":"instock","14":"taxable","15":"shipping-taxable","16":"purchasable","17":"product-type-simple"},"jetpack_sharing_enabled":true,"_links":{"self":[{"href":"https:\/\/jacos.com.tr\/index.php\/wp-json\/wp\/v2\/product\/10309","targetHints":{"allow":["GET"]}}],"collection":[{"href":"https:\/\/jacos.com.tr\/index.php\/wp-json\/wp\/v2\/product"}],"about":[{"href":"https:\/\/jacos.com.tr\/index.php\/wp-json\/wp\/v2\/types\/product"}],"replies":[{"embeddable":true,"href":"https:\/\/jacos.com.tr\/index.php\/wp-json\/wp\/v2\/comments?post=10309"}],"version-history":[{"count":1,"href":"https:\/\/jacos.com.tr\/index.php\/wp-json\/wp\/v2\/product\/10309\/revisions"}],"predecessor-version":[{"id":10311,"href":"https:\/\/jacos.com.tr\/index.php\/wp-json\/wp\/v2\/product\/10309\/revisions\/10311"}],"wp:featuredmedia":[{"embeddable":true,"href":"https:\/\/jacos.com.tr\/index.php\/wp-json\/wp\/v2\/media\/10310"}],"wp:attachment":[{"href":"https:\/\/jacos.com.tr\/index.php\/wp-json\/wp\/v2\/media?parent=10309"}],"wp:term":[{"taxonomy":"product_brand","embeddable":true,"href":"https:\/\/jacos.com.tr\/index.php\/wp-json\/wp\/v2\/product_brand?post=10309"},{"taxonomy":"product_cat","embeddable":true,"href":"https:\/\/jacos.com.tr\/index.php\/wp-json\/wp\/v2\/product_cat?post=10309"},{"taxonomy":"product_tag","embeddable":true,"href":"https:\/\/jacos.com.tr\/index.php\/wp-json\/wp\/v2\/product_tag?post=10309"}],"curies":[{"name":"wp","href":"https:\/\/api.w.org\/{rel}","templated":true}]}}