{"id":10397,"date":"2024-09-29T19:13:51","date_gmt":"2024-09-29T16:13:51","guid":{"rendered":"https:\/\/jacos.com.tr\/?page_id=10397"},"modified":"2024-09-30T02:13:50","modified_gmt":"2024-09-29T23:13:50","slug":"kurumsal-genel-aydinlatma-metni","status":"publish","type":"page","link":"https:\/\/jacos.com.tr\/index.php\/kurumsal-genel-aydinlatma-metni\/","title":{"rendered":"Kurumsal Genel Ayd\u0131nlatma Metni"},"content":{"rendered":"\n<p>K\u0130\u015e\u0130SEL VER\u0130LER\u0130N \u0130\u015eLENMES\u0130NE \u0130L\u0130\u015eK\u0130N<br>KURUMSAL GENEL AYDINLATMA METN\u0130<br>G\u00f6rkem Can Jacos E Ticaret olarak; 6698 say\u0131l\u0131 Ki\u015fisel Verilerin Korunmas\u0131<br>Kanunu (\u201cKVKK\u201d) ve ilgili mevzuat ve yasal d\u00fczenlemelerden kaynaklanan faaliyetleri<br>\u00e7er\u00e7evesinde ki\u015fisel verilerinizin i\u015flenmesi, saklanmas\u0131 ve aktar\u0131lmas\u0131na ili\u015fkin siz<br>M\u00fc\u015fterilimizi \u00c7evrimi\u00e7i Ziyaret\u00e7ilerimizi, Tedarik\u00e7i \u00c7al\u0131\u015fanlar\u0131m\u0131z\u0131, Tedarik\u00e7i<br>Yetkililerimizi bilgilendirmek amac\u0131yla i\u015fbu ayd\u0131nlatma metnini haz\u0131rlad\u0131k.<br>1) \u0130\u015fledi\u011fimiz Ki\u015fisel Veri Kategorileriniz Nelerdir ve Bunlar\u0131 Hangi Ama\u00e7larla<br>\u0130\u015fliyoruz? www.akkasgroup.com<br>Ki\u015fisel bilgileriniz G\u00f6rkem Can Jacos E Ticaret taraf\u0131ndan KVKK\u2019n\u0131n 4.2.<br>maddesinde \u00f6ng\u00f6r\u00fclen;<br>(i) Hukuka ve d\u00fcr\u00fcstl\u00fck kurallar\u0131na uygun olma,<br>(ii) Do\u011fru ve gerekti\u011finde g\u00fcncel olma,<br>(iii) Belirli, a\u00e7\u0131k ve me\u015fru ama\u00e7lar i\u00e7in i\u015flenme,<br>(iv) i\u015flendikleri ama\u00e7la ba\u011flant\u0131l\u0131, s\u0131n\u0131rl\u0131 ve \u00f6l\u00e7\u00fcl\u00fc olma,<br>(v) \u0130lgili mevzuatta \u00f6ng\u00f6r\u00fclen veya i\u015flendikleri ama\u00e7 i\u00e7in gerekli olan s\u00fcre kadar muhafaza<br>edilme,<br>ilkelerine uygun olarak, i\u015f ortaklar\u0131m\u0131zla kurdu\u011fumuz ve devam eden i\u015f ili\u015fkilerimiz<br>kapsam\u0131nda (bir ki\u015finin birden \u00e7ok kategoriye girmesi m\u00fcmk\u00fcnd\u00fcr) a\u015fa\u011f\u0131da belirtilen ama\u00e7lar<br>do\u011frultusunda i\u015flenebilecektir.<br>A. \u00c7evrimi\u00e7i Ziyaret\u00e7i<br>Web sitemizi kullanan \u00e7evirim i\u00e7i ziyaret\u00e7ilerimizin i\u015flem g\u00fcvenli\u011fi bilgileri (\u00f6r. IP adresi<br>bilginiz)(\u00f6r.\u00e7erez kay\u0131tlar\u0131) ve (bizlere bunlar\u0131 bildirdi\u011finiz takdirde*)<br>a) faaliyetlerin mevzuata uygun y\u00fcr\u00fct\u00fclmesi,<br>b) bilgi g\u00fcvenli\u011fi s\u00fcre\u00e7lerinin y\u00fcr\u00fct\u00fclmesi,<br>c) yetkili ki\u015fi, kurum ve kurulu\u015flara bilgi verilmesi,<br>d) internet arac\u0131l\u0131\u011f\u0131yla web sitemize eri\u015fiminizi sa\u011flayabilmek amac\u0131yla i\u015flenecektir.<br>B. M\u00fc\u015fterilerimiz<br>M\u00fc\u015fterilerimiz ki\u015fisel bilgileri, ileti\u015fim bilgileri, hukuki i\u015flem bilgileri,<br>a) faaliyetlerin mevzuata uygun y\u00fcr\u00fct\u00fclmesi,<br>b) finans ve muhasebe i\u015flerinin y\u00fcr\u00fct\u00fclmesi,<br>c) i\u015f faaliyetlerinin y\u00fcr\u00fct\u00fclmesi\/denetimi,<br>e) yetkili ki\u015fi, kurum ve kurulu\u015flara bilgi verilmesi,<br>f) fiziksel mekan g\u00fcvenli\u011finin temini,<br>g) hukuki uyu\u015fmazl\u0131klar\u0131n giderilmesi,<br>2<br>h) saklama ve ar\u015fiv faaliyetlerinin y\u00fcr\u00fct\u00fclmesi,<br>i) firma\/\u00fcr\u00fcn\/hizmetlere ba\u011fl\u0131l\u0131k s\u00fcre\u00e7lerinin y\u00fcr\u00fct\u00fclmesi,<br>j) ileti\u015fim faaliyetlerinin y\u00fcr\u00fct\u00fclmesi ama\u00e7lar\u0131 ile i\u015flenecektir.<br>C. Tedarik\u00e7i \u00c7al\u0131\u015fan\u0131m\u0131z<br>Tedarik\u00e7i \u00e7al\u0131\u015fan\u0131m\u0131z\u0131n Ki\u015fisel bilgileri, ileti\u015fim bilgileri, fiziksel mekan g\u00fcvenli\u011fi bilgileri,<br>a) ileti\u015fim faaliyetlerinin y\u00fcr\u00fct\u00fclmesi,<br>b) i\u015f faaliyetlerinin y\u00fcr\u00fct\u00fclmesi\/denetimi,<br>c) fiziksel mekan g\u00fcvenli\u011finin temini,<br>d) tedarik zinciri y\u00f6netimi s\u00fcre\u00e7lerinin y\u00fcr\u00fct\u00fclmesi,<br>e) lojistik faaliyetlerinin y\u00fcr\u00fct\u00fclmesi,<br>f) faaliyetlerin mevzuata uygun y\u00fcr\u00fct\u00fclmesi,<br>g) i\u015f sa\u011fl\u0131\u011f\u0131\/g\u00fcvenli\u011fi faaliyetlerinin y\u00fcr\u00fct\u00fclmesi ama\u00e7lar\u0131 ile i\u015flenecektir.<br>Ger\u00e7ek ki\u015fi tedarik\u00e7ilerimizin veya t\u00fczel ki\u015fi tedarik\u00e7i yetkililerimizin Ki\u015fisel bilgileri,<br>ileti\u015fim bilgileri, fiziksel mekan g\u00fcvenli\u011fi bilgileri, m\u00fc\u015fteri i\u015flemi bilgileri, finans bilgileri,<br>pazarlama bilgileri, hukuki i\u015flem bilgileri;<br>a) i\u015f faaliyetlerinin y\u00fcr\u00fct\u00fclmesi\/denetimi,<br>b) mal\/hizmet sat\u0131n al\u0131m s\u00fcre\u00e7lerinin y\u00fcr\u00fct\u00fclmesi,<br>c) finans ve muhasebe i\u015flerinin y\u00fcr\u00fct\u00fclmesi,<br>d) s\u00f6zle\u015fme s\u00fcre\u00e7lerinin y\u00fcr\u00fct\u00fclmesi,<br>e) yat\u0131r\u0131m s\u00fcre\u00e7lerinin y\u00fcr\u00fct\u00fclmesi,<br>f) fiziksel mekan g\u00fcvenli\u011finin temini,<br>g) hukuk i\u015flerinin takibi ve y\u00fcr\u00fct\u00fclmesi ama\u00e7lar\u0131 ile i\u015flenecektir.<br>2) Ki\u015fisel Verilerinizin Toplanma Y\u00f6ntemleri Nelerdir?<br>Yukar\u0131da kategoriler halinde belirtilen ki\u015fisel verileriniz; m\u00fc\u015fteri kay\u0131t formu<br>ile fiziki yollarla veya bilgi sistemleri ve elektronik cihazlar (\u00f6r. telekom\u00fcnikasyon altyap\u0131s\u0131,<br>bilgisayar ve telefonlar), web sitemiz ve ilgili ki\u015fi taraf\u0131ndan beyan edilen di\u011fer belgeler<br>vas\u0131tas\u0131yla otomatik olan veya otomatik olmayan yollarla toplanmaktad\u0131r.<br>3) Ki\u015fisel Verilerinizin Toplanmas\u0131n\u0131n Hukuki Sebebi Nedir?<br>Ki\u015fisel verileriniz, G\u00f6rkem Can Jacos E Ticaret taraf\u0131ndan; yukar\u0131da a\u00e7\u0131klanan<br>ama\u00e7lar\u0131n ger\u00e7ekle\u015ftirilmesi do\u011frultusunda KVKK\u2019n\u0131n 5. maddesinde belirtilmi\u015f olan;<br>(i) Kanunlarda a\u00e7\u0131k\u00e7a \u00f6ng\u00f6r\u00fclmesi,<br>3<br>(ii) Bir s\u00f6zle\u015fmenin kurulmas\u0131 veya ifas\u0131yla do\u011frudan do\u011fruya ilgili olmas\u0131 kayd\u0131yla;<br>s\u00f6zle\u015fmenin taraflar\u0131na ait ki\u015fisel verilerin i\u015flenmesinin gerekli olmas\u0131,<br>(iii) Veri sorumlusunun hukuki y\u00fck\u00fcml\u00fcl\u00fc\u011f\u00fcn\u00fc yerine getirebilmesi i\u00e7in zorunlu olmas\u0131,<br>(iv) Bir hakk\u0131n tesisi, kullan\u0131lmas\u0131 veya korunmas\u0131 i\u00e7in veri i\u015flemenin zorunlu olmas\u0131,<br>(v) ilgili ki\u015finin temel hak ve \u00f6zg\u00fcrl\u00fcklerine zarar vermemek kayd\u0131yla, veri sorumlusunun<br>me\u015fru menfaatleri i\u00e7in veri i\u015flenmesinin zorunlu olmas\u0131 hukuki sebeplerine dayan\u0131larak<br>i\u015flenmektedir.<br>4) Ki\u015fisel Verilerinizi \u00dc\u00e7\u00fcnc\u00fc Bir Ki\u015fiye Aktar\u0131yor Muyuz? www.akkasgroup.com<br>a) Ziyaret\u00e7ilerimize ait ki\u015fisel veriler, hukuki uyu\u015fmazl\u0131klar\u0131n giderilmesi amac\u0131yla ve<br>ilgili mevzuat gere\u011fi talep edilmesi halinde kolluk kuvvetleri ve adli makamlarla<br>payla\u015f\u0131labilecektir.<br>b) \u00c7evrimi\u00e7i ziyaret\u00e7ilerimize ait ki\u015fisel veriler, hukuki uyu\u015fmazl\u0131klar\u0131n giderilmesi<br>amac\u0131yla ve ilgili mevzuat gere\u011fi talep edilmesi halinde adli makamlar ve yetkili kamu<br>kurum ve kurulu\u015flar\u0131 ile payla\u015f\u0131labilecektir.<br>c) M\u00fc\u015fterilerimize ait ki\u015fisel veriler, yasal d\u00fczenlemelerin \u00f6ng\u00f6rd\u00fc\u011f\u00fc kapsamda,<br>faaliyetlerin mevzuata uygun y\u00fcr\u00fct\u00fclmesi, hukuk i\u015flerinin takibi ve y\u00fcr\u00fct\u00fclmesi, yetkili ki\u015fi,<br>kurum ve kurulu\u015flara bilgi verilmesi amac\u0131yla yetkili kamu kurum ve kurulu\u015flar\u0131na; i\u015f<br>faaliyetlerinin y\u00fcr\u00fct\u00fclmesi\/denetimi, risk y\u00f6netimi s\u00fcre\u00e7lerinin y\u00fcr\u00fct\u00fclmesi, hizmetlerimizin<br>gere\u011fi gibi ifa edilebilmesi amac\u0131yla gerekli oldu\u011fu \u00f6l\u00e7\u00fcde topluluk \u015firketlerimize, bili\u015fim<br>\u015firketine, tedarik\u00e7ilere, kargo \u015firketlerine, sigorta \u015firketlerine, bankalara ve mali<br>m\u00fc\u015favirimize aktar\u0131lmaktad\u0131r. Ayr\u0131ca s\u00f6z konusu ki\u015fisel veriler, ileride \u00e7\u0131kabilecek hukuki<br>uyu\u015fmazl\u0131klarda delil olarak kullan\u0131labilmesi amac\u0131yla hizmet ald\u0131\u011f\u0131m\u0131z hukuk b\u00fcrosuna ve<br>adli makamlara aktar\u0131labilecektir.<br>d) Potansiyel m\u00fc\u015fterilerimize ait ki\u015fisel veriler, ileride \u00e7\u0131kabilecek hukuki uyu\u015fmazl\u0131klarda<br>delil olarak kullan\u0131labilmesi amac\u0131yla hizmet ald\u0131\u011f\u0131m\u0131z hukuk b\u00fcrosuna ve adli makamlara<br>aktar\u0131labilecektir.<br>e) Tedarik\u00e7i \u00e7al\u0131\u015fan\u0131m\u0131za ait ki\u015fisel veriler, yasal d\u00fczenlemenin \u00f6ng\u00f6rd\u00fc\u011f\u00fc kapsamda,<br>faaliyetlerin mevzuata uygun y\u00fcr\u00fct\u00fclmesi, hukuk i\u015flerinin takibi ve y\u00fcr\u00fct\u00fclmesi, yetkili ki\u015fi,<br>kurum ve kurulu\u015flara bilgi verilmesi, i\u015f faaliyetlerinin y\u00fcr\u00fct\u00fclmesi\/denetimi ama\u00e7lar\u0131yla<br>yetkili kamu kurum ve kurulu\u015flar\u0131na; hizmetin gere\u011fi gibi ifa edilebilmesi amac\u0131yla gerekli<br>oldu\u011fu \u00f6l\u00e7\u00fcde topluluk \u015firketlerine, bili\u015fim \u015firketine, tedarik\u00e7ilere, kargo \u015firketlerine,<br>bankalara ve mali m\u00fc\u015favirimize aktar\u0131lmaktad\u0131r. Ayr\u0131ca s\u00f6z konusu ki\u015fisel veriler, ileride<br>\u00e7\u0131kabilecek hukuki uyu\u015fmazl\u0131klarda delil olarak kullan\u0131labilmesi amac\u0131yla hizmet ald\u0131\u011f\u0131m\u0131z<br>hukuk b\u00fcrosuna ve adli makamlara aktar\u0131labilecektir.<br>a) Tedarik\u00e7i yetkilimize ait ki\u015fisel veriler, yasal d\u00fczenlemelerin \u00f6ng\u00f6rd\u00fc\u011f\u00fc kapsamda,<br>faaliyetlerin mevzuata uygun y\u00fcr\u00fct\u00fclmesi, hukuk i\u015flerinin takibi ve y\u00fcr\u00fct\u00fclmesi, yetkili ki\u015fi,<br>kurum ve kurulu\u015flara bilgi verilmesi, i\u015f faaliyetlerinin y\u00fcr\u00fct\u00fclmesi\/denetimi amac\u0131yla yetkili<br>kamu kurum ve kurulu\u015flar\u0131na; hizmetin gere\u011fi gibi ifa edilebilmesi amac\u0131yla gerekli oldu\u011fu<br>\u00f6l\u00e7\u00fcde topluluk \u015firketlerine, bili\u015fim \u015firketine, tedarik\u00e7ilere, kargo \u015firketlerine, bankalara ve<br>mali m\u00fc\u015favirimize aktar\u0131lmaktad\u0131r. Ayr\u0131ca s\u00f6z konusu ki\u015fisel veriler, ileride \u00e7\u0131kabilecek<br>hukuki uyu\u015fmazl\u0131klarda delil olarak kullan\u0131labilmesi amac\u0131yla hizmet ald\u0131\u011f\u0131m\u0131z hukuk<br>b\u00fcrosuna ve adli makamlara aktar\u0131labilecektir.<br>4<br>5) Ki\u015fisel Verileriniz \u0130le \u0130lgili Haklar\u0131n\u0131z\u0131 Nas\u0131l Kullanabilirsiniz?<br>KVKK\u2019n\u0131n ilgili ki\u015filerin haklar\u0131n\u0131 d\u00fczenleyen 11. maddesi kapsam\u0131ndaki taleplerinizi<br>G\u00f6rkem Can Jacos E Ticaret e ait \u201chttps:\/\/www.jacos.com.tr\u201d adresinde<br>yer alan \u201cVeri Sorumlusuna Ba\u015fvuru Usul ve Esaslar\u0131 Hakk\u0131nda Tebli\u011f\u201d uyar\u0131nca sizlere<br>kolayl\u0131k sa\u011flamas\u0131 ad\u0131na haz\u0131rlanan \u201cVeri Sorumlusuna Ba\u015fvuru Formu\u201d arac\u0131l\u0131\u011f\u0131yla bizlere<br>iletebilirsiniz.<br>Veri Sorumlusu: G\u00f6rkem Can Jacos E Ticaret<br>Adres: <br>Mail:<\/p>\n","protected":false},"excerpt":{"rendered":"<p>K\u0130\u015e\u0130SEL VER\u0130LER\u0130N \u0130\u015eLENMES\u0130NE \u0130L\u0130\u015eK\u0130NKURUMSAL GENEL AYDINLATMA METN\u0130G\u00f6rkem Can Jacos E Ticaret olarak; 6698 say\u0131l\u0131 Ki\u015fisel Verilerin Korunmas\u0131Kanunu (\u201cKVKK\u201d) ve ilgili<\/p>\n","protected":false},"author":2,"featured_media":0,"parent":0,"menu_order":0,"comment_status":"closed","ping_status":"closed","template":"","meta":{"_joinchat":[],"footnotes":""},"class_list":["post-10397","page","type-page","status-publish","hentry","_wholesalex wsx-wholesalex-product"],"rankMath":{"parentDomain":"jacos.com.tr","noFollowDomains":[],"noFollowExcludeDomains":[],"noFollowExternalLinks":false,"featuredImageNotice":"\u00d6ne \u00e7\u0131kan g\u00f6rsel, Facebook ve di\u011fer sosyal medya siteleri taraf\u0131ndan al\u0131nabilmesi i\u00e7in en az 200 x 200 piksel olmal\u0131d\u0131r.","pluginReviewed":false,"postSettings":{"linkSuggestions":true,"useFocusKeyword":false},"frontEndScore":false,"postName":"kurumsal-genel-aydinlatma-metni","permalinkFormat":"https:\/\/jacos.com.tr\/index.php\/%pagename%\/","showLockModifiedDate":true,"assessor":{"focusKeywordLink":"https:\/\/jacos.com.tr\/wp-admin\/edit.php?focus_keyword=%focus_keyword%&post_type=%post_type%","hasTOCPlugin":{"kadence-blocks\/kadence-blocks.php":"Kadence Blocks"},"primaryTaxonomy":false,"serpData":{"title":"","description":"","focusKeywords":"","pillarContent":false,"canonicalUrl":"","breadcrumbTitle":"","advancedRobots":[],"facebookTitle":"","facebookDescription":"","facebookImage":"","facebookImageID":"","facebookHasOverlay":false,"facebookImageOverlay":"","facebookAuthor":"","twitterCardType":"","twitterUseFacebook":true,"twitterTitle":"","twitterDescription":"","twitterImage":"","twitterImageID":"","twitterHasOverlay":false,"twitterImageOverlay":"","twitterPlayerUrl":"","twitterPlayerSize":"","twitterPlayerStream":"","twitterPlayerStreamCtype":"","twitterAppDescription":"","twitterAppIphoneName":"","twitterAppIphoneID":"","twitterAppIphoneUrl":"","twitterAppIpadName":"","twitterAppIpadID":"","twitterAppIpadUrl":"","twitterAppGoogleplayName":"","twitterAppGoogleplayID":"","twitterAppGoogleplayUrl":"","twitterAppCountry":"","robots":{"index":true},"twitterAuthor":"kullan\u0131c\u0131 ad\u0131","primaryTerm":0,"authorName":"\u00d6nder Kerim","titleTemplate":"%title% %sep% %sitename%","descriptionTemplate":"%excerpt%","showScoreFrontend":true,"lockModifiedDate":false},"powerWords":[],"diacritics":{"A":"[\\u0041\\u24B6\\uFF21\\u00C0\\u00C1\\u00C2\\u1EA6\\u1EA4\\u1EAA\\u1EA8\\u00C3\\u0100\\u0102\\u1EB0\\u1EAE\\u1EB4\\u1EB2\\u0226\\u01E0\\u00C4\\u01DE\\u1EA2\\u00C5\\u01FA\\u01CD\\u0200\\u0202\\u1EA0\\u1EAC\\u1EB6\\u1E00\\u0104\\u023A\\u2C6F]","AA":"[\\uA732]","AE":"[\\u00C6\\u01FC\\u01E2]","AO":"[\\uA734]","AU":"[\\uA736]","AV":"[\\uA738\\uA73A]","AY":"[\\uA73C]","B":"[\\u0042\\u24B7\\uFF22\\u1E02\\u1E04\\u1E06\\u0243\\u0182\\u0181]","C":"[\\u0043\\u24B8\\uFF23\\u0106\\u0108\\u010A\\u010C\\u00C7\\u1E08\\u0187\\u023B\\uA73E]","D":"[\\u0044\\u24B9\\uFF24\\u1E0A\\u010E\\u1E0C\\u1E10\\u1E12\\u1E0E\\u0110\\u018B\\u018A\\u0189\\uA779]","DZ":"[\\u01F1\\u01C4]","Dz":"[\\u01F2\\u01C5]","E":"[\\u0045\\u24BA\\uFF25\\u00C8\\u00C9\\u00CA\\u1EC0\\u1EBE\\u1EC4\\u1EC2\\u1EBC\\u0112\\u1E14\\u1E16\\u0114\\u0116\\u00CB\\u1EBA\\u011A\\u0204\\u0206\\u1EB8\\u1EC6\\u0228\\u1E1C\\u0118\\u1E18\\u1E1A\\u0190\\u018E]","F":"[\\u0046\\u24BB\\uFF26\\u1E1E\\u0191\\uA77B]","G":"[\\u0047\\u24BC\\uFF27\\u01F4\\u011C\\u1E20\\u011E\\u0120\\u01E6\\u0122\\u01E4\\u0193\\uA7A0\\uA77D\\uA77E]","H":"[\\u0048\\u24BD\\uFF28\\u0124\\u1E22\\u1E26\\u021E\\u1E24\\u1E28\\u1E2A\\u0126\\u2C67\\u2C75\\uA78D]","I":"[\\u0049\\u24BE\\uFF29\\u00CC\\u00CD\\u00CE\\u0128\\u012A\\u012C\\u0130\\u00CF\\u1E2E\\u1EC8\\u01CF\\u0208\\u020A\\u1ECA\\u012E\\u1E2C\\u0197]","J":"[\\u004A\\u24BF\\uFF2A\\u0134\\u0248]","K":"[\\u004B\\u24C0\\uFF2B\\u1E30\\u01E8\\u1E32\\u0136\\u1E34\\u0198\\u2C69\\uA740\\uA742\\uA744\\uA7A2]","L":"[\\u004C\\u24C1\\uFF2C\\u013F\\u0139\\u013D\\u1E36\\u1E38\\u013B\\u1E3C\\u1E3A\\u0141\\u023D\\u2C62\\u2C60\\uA748\\uA746\\uA780]","LJ":"[\\u01C7]","Lj":"[\\u01C8]","M":"[\\u004D\\u24C2\\uFF2D\\u1E3E\\u1E40\\u1E42\\u2C6E\\u019C]","N":"[\\u004E\\u24C3\\uFF2E\\u01F8\\u0143\\u00D1\\u1E44\\u0147\\u1E46\\u0145\\u1E4A\\u1E48\\u0220\\u019D\\uA790\\uA7A4]","NJ":"[\\u01CA]","Nj":"[\\u01CB]","O":"[\\u004F\\u24C4\\uFF2F\\u00D2\\u00D3\\u00D4\\u1ED2\\u1ED0\\u1ED6\\u1ED4\\u00D5\\u1E4C\\u022C\\u1E4E\\u014C\\u1E50\\u1E52\\u014E\\u022E\\u0230\\u00D6\\u022A\\u1ECE\\u0150\\u01D1\\u020C\\u020E\\u01A0\\u1EDC\\u1EDA\\u1EE0\\u1EDE\\u1EE2\\u1ECC\\u1ED8\\u01EA\\u01EC\\u00D8\\u01FE\\u0186\\u019F\\uA74A\\uA74C]","OI":"[\\u01A2]","OO":"[\\uA74E]","OU":"[\\u0222]","P":"[\\u0050\\u24C5\\uFF30\\u1E54\\u1E56\\u01A4\\u2C63\\uA750\\uA752\\uA754]","Q":"[\\u0051\\u24C6\\uFF31\\uA756\\uA758\\u024A]","R":"[\\u0052\\u24C7\\uFF32\\u0154\\u1E58\\u0158\\u0210\\u0212\\u1E5A\\u1E5C\\u0156\\u1E5E\\u024C\\u2C64\\uA75A\\uA7A6\\uA782]","S":"[\\u0053\\u24C8\\uFF33\\u1E9E\\u015A\\u1E64\\u015C\\u1E60\\u0160\\u1E66\\u1E62\\u1E68\\u0218\\u015E\\u2C7E\\uA7A8\\uA784]","T":"[\\u0054\\u24C9\\uFF34\\u1E6A\\u0164\\u1E6C\\u021A\\u0162\\u1E70\\u1E6E\\u0166\\u01AC\\u01AE\\u023E\\uA786]","TZ":"[\\uA728]","U":"[\\u0055\\u24CA\\uFF35\\u00D9\\u00DA\\u00DB\\u0168\\u1E78\\u016A\\u1E7A\\u016C\\u00DC\\u01DB\\u01D7\\u01D5\\u01D9\\u1EE6\\u016E\\u0170\\u01D3\\u0214\\u0216\\u01AF\\u1EEA\\u1EE8\\u1EEE\\u1EEC\\u1EF0\\u1EE4\\u1E72\\u0172\\u1E76\\u1E74\\u0244]","V":"[\\u0056\\u24CB\\uFF36\\u1E7C\\u1E7E\\u01B2\\uA75E\\u0245]","VY":"[\\uA760]","W":"[\\u0057\\u24CC\\uFF37\\u1E80\\u1E82\\u0174\\u1E86\\u1E84\\u1E88\\u2C72]","X":"[\\u0058\\u24CD\\uFF38\\u1E8A\\u1E8C]","Y":"[\\u0059\\u24CE\\uFF39\\u1EF2\\u00DD\\u0176\\u1EF8\\u0232\\u1E8E\\u0178\\u1EF6\\u1EF4\\u01B3\\u024E\\u1EFE]","Z":"[\\u005A\\u24CF\\uFF3A\\u0179\\u1E90\\u017B\\u017D\\u1E92\\u1E94\\u01B5\\u0224\\u2C7F\\u2C6B\\uA762]","a":"[\\u0061\\u24D0\\uFF41\\u1E9A\\u00E0\\u00E1\\u00E2\\u1EA7\\u1EA5\\u1EAB\\u1EA9\\u00E3\\u0101\\u0103\\u1EB1\\u1EAF\\u1EB5\\u1EB3\\u0227\\u01E1\\u00E4\\u01DF\\u1EA3\\u00E5\\u01FB\\u01CE\\u0201\\u0203\\u1EA1\\u1EAD\\u1EB7\\u1E01\\u0105\\u2C65\\u0250]","aa":"[\\uA733]","ae":"[\\u00E6\\u01FD\\u01E3]","ao":"[\\uA735]","au":"[\\uA737]","av":"[\\uA739\\uA73B]","ay":"[\\uA73D]","b":"[\\u0062\\u24D1\\uFF42\\u1E03\\u1E05\\u1E07\\u0180\\u0183\\u0253]","c":"[\\u0063\\u24D2\\uFF43\\u0107\\u0109\\u010B\\u010D\\u00E7\\u1E09\\u0188\\u023C\\uA73F\\u2184]","d":"[\\u0064\\u24D3\\uFF44\\u1E0B\\u010F\\u1E0D\\u1E11\\u1E13\\u1E0F\\u0111\\u018C\\u0256\\u0257\\uA77A]","dz":"[\\u01F3\\u01C6]","e":"[\\u0065\\u24D4\\uFF45\\u00E8\\u00E9\\u00EA\\u1EC1\\u1EBF\\u1EC5\\u1EC3\\u1EBD\\u0113\\u1E15\\u1E17\\u0115\\u0117\\u00EB\\u1EBB\\u011B\\u0205\\u0207\\u1EB9\\u1EC7\\u0229\\u1E1D\\u0119\\u1E19\\u1E1B\\u0247\\u025B\\u01DD]","f":"[\\u0066\\u24D5\\uFF46\\u1E1F\\u0192\\uA77C]","g":"[\\u0067\\u24D6\\uFF47\\u01F5\\u011D\\u1E21\\u011F\\u0121\\u01E7\\u0123\\u01E5\\u0260\\uA7A1\\u1D79\\uA77F]","h":"[\\u0068\\u24D7\\uFF48\\u0125\\u1E23\\u1E27\\u021F\\u1E25\\u1E29\\u1E2B\\u1E96\\u0127\\u2C68\\u2C76\\u0265]","hv":"[\\u0195]","i":"[\\u0069\\u24D8\\uFF49\\u00EC\\u00ED\\u00EE\\u0129\\u012B\\u012D\\u00EF\\u1E2F\\u1EC9\\u01D0\\u0209\\u020B\\u1ECB\\u012F\\u1E2D\\u0268\\u0131]","j":"[\\u006A\\u24D9\\uFF4A\\u0135\\u01F0\\u0249]","k":"[\\u006B\\u24DA\\uFF4B\\u1E31\\u01E9\\u1E33\\u0137\\u1E35\\u0199\\u2C6A\\uA741\\uA743\\uA745\\uA7A3]","l":"[\\u006C\\u24DB\\uFF4C\\u0140\\u013A\\u013E\\u1E37\\u1E39\\u013C\\u1E3D\\u1E3B\\u017F\\u0142\\u019A\\u026B\\u2C61\\uA749\\uA781\\uA747]","lj":"[\\u01C9]","m":"[\\u006D\\u24DC\\uFF4D\\u1E3F\\u1E41\\u1E43\\u0271\\u026F]","n":"[\\u006E\\u24DD\\uFF4E\\u01F9\\u0144\\u00F1\\u1E45\\u0148\\u1E47\\u0146\\u1E4B\\u1E49\\u019E\\u0272\\u0149\\uA791\\uA7A5]","nj":"[\\u01CC]","o":"[\\u006F\\u24DE\\uFF4F\\u00F2\\u00F3\\u00F4\\u1ED3\\u1ED1\\u1ED7\\u1ED5\\u00F5\\u1E4D\\u022D\\u1E4F\\u014D\\u1E51\\u1E53\\u014F\\u022F\\u0231\\u00F6\\u022B\\u1ECF\\u0151\\u01D2\\u020D\\u020F\\u01A1\\u1EDD\\u1EDB\\u1EE1\\u1EDF\\u1EE3\\u1ECD\\u1ED9\\u01EB\\u01ED\\u00F8\\u01FF\\u0254\\uA74B\\uA74D\\u0275]","oi":"[\\u01A3]","ou":"[\\u0223]","oo":"[\\uA74F]","p":"[\\u0070\\u24DF\\uFF50\\u1E55\\u1E57\\u01A5\\u1D7D\\uA751\\uA753\\uA755]","q":"[\\u0071\\u24E0\\uFF51\\u024B\\uA757\\uA759]","r":"[\\u0072\\u24E1\\uFF52\\u0155\\u1E59\\u0159\\u0211\\u0213\\u1E5B\\u1E5D\\u0157\\u1E5F\\u024D\\u027D\\uA75B\\uA7A7\\uA783]","s":"[\\u0073\\u24E2\\uFF53\\u015B\\u1E65\\u015D\\u1E61\\u0161\\u1E67\\u1E63\\u1E69\\u0219\\u015F\\u023F\\uA7A9\\uA785\\u1E9B]","ss":"[\\u00DF]","t":"[\\u0074\\u24E3\\uFF54\\u1E6B\\u1E97\\u0165\\u1E6D\\u021B\\u0163\\u1E71\\u1E6F\\u0167\\u01AD\\u0288\\u2C66\\uA787]","tz":"[\\uA729]","u":"[\\u0075\\u24E4\\uFF55\\u00F9\\u00FA\\u00FB\\u0169\\u1E79\\u016B\\u1E7B\\u016D\\u00FC\\u01DC\\u01D8\\u01D6\\u01DA\\u1EE7\\u016F\\u0171\\u01D4\\u0215\\u0217\\u01B0\\u1EEB\\u1EE9\\u1EEF\\u1EED\\u1EF1\\u1EE5\\u1E73\\u0173\\u1E77\\u1E75\\u0289]","v":"[\\u0076\\u24E5\\uFF56\\u1E7D\\u1E7F\\u028B\\uA75F\\u028C]","vy":"[\\uA761]","w":"[\\u0077\\u24E6\\uFF57\\u1E81\\u1E83\\u0175\\u1E87\\u1E85\\u1E98\\u1E89\\u2C73]","x":"[\\u0078\\u24E7\\uFF58\\u1E8B\\u1E8D]","y":"[\\u0079\\u24E8\\uFF59\\u1EF3\\u00FD\\u0177\\u1EF9\\u0233\\u1E8F\\u00FF\\u1EF7\\u1E99\\u1EF5\\u01B4\\u024F\\u1EFF]","z":"[\\u007A\\u24E9\\uFF5A\\u017A\\u1E91\\u017C\\u017E\\u1E93\\u1E95\\u01B6\\u0225\\u0240\\u2C6C\\uA763]"},"researchesTests":["contentHasTOC","contentHasShortParagraphs","contentHasAssets","keywordInTitle","keywordInMetaDescription","keywordInPermalink","keywordIn10Percent","keywordInContent","keywordInSubheadings","keywordInImageAlt","keywordDensity","keywordNotUsed","lengthContent","lengthPermalink","linksHasInternal","linksHasExternals","linksNotAllExternals","titleStartWithKeyword","titleSentiment","titleHasPowerWords","titleHasNumber","hasContentAI"],"hasRedirection":false,"hasBreadcrumb":false},"homeUrl":"https:\/\/jacos.com.tr","objectID":10397,"objectType":"post","locale":"tr","localeFull":"tr_TR","overlayImages":{"play":{"name":"Oynatma simgesi","url":"https:\/\/jacos.com.tr\/wp-content\/plugins\/seo-by-rank-math\/assets\/admin\/img\/icon-play.png","path":"\/home\/u397464933\/domains\/jacos.com.tr\/public_html\/wp-content\/plugins\/seo-by-rank-math\/assets\/admin\/img\/icon-play.png","position":"middle_center"},"gif":{"name":"GIF simgesi","url":"https:\/\/jacos.com.tr\/wp-content\/plugins\/seo-by-rank-math\/assets\/admin\/img\/icon-gif.png","path":"\/home\/u397464933\/domains\/jacos.com.tr\/public_html\/wp-content\/plugins\/seo-by-rank-math\/assets\/admin\/img\/icon-gif.png","position":"middle_center"}},"defautOgImage":"https:\/\/jacos.com.tr\/wp-content\/plugins\/seo-by-rank-math\/assets\/admin\/img\/social-placeholder.jpg","customPermalinks":true,"isUserRegistered":true,"autoSuggestKeywords":true,"connectSiteUrl":"https:\/\/rankmath.com\/auth?site=https%3A%2F%2Fjacos.com.tr&r=https%3A%2F%2Fjacos.com.tr%2Findex.php%2Fwp-json%2Fwp%2Fv2%2Fpages%2F10397%3Fnonce%3D33767e6412","maxTags":5,"trendsIcon":"<svg viewBox=\"0 0 610 610\"><path d=\"M18.85,446,174.32,290.48l58.08,58.08L76.93,504a14.54,14.54,0,0,1-20.55,0L18.83,466.48a14.54,14.54,0,0,1,0-20.55Z\" style=\"fill:#4285f4\"\/><path d=\"M242.65,242.66,377.59,377.6l-47.75,47.75a14.54,14.54,0,0,1-20.55,0L174.37,290.43l47.75-47.75A14.52,14.52,0,0,1,242.65,242.66Z\" style=\"fill:#ea4335\"\/><polygon points=\"319.53 319.53 479.26 159.8 537.34 217.88 377.61 377.62 319.53 319.53\" style=\"fill:#fabb05\"\/><path d=\"M594.26,262.73V118.61h0a16.94,16.94,0,0,0-16.94-16.94H433.2a16.94,16.94,0,0,0-12,28.92L565.34,274.71h0a16.94,16.94,0,0,0,28.92-12Z\" style=\"fill:#34a853\"\/><rect width=\"610\" height=\"610\" style=\"fill:none\"\/><\/svg>","showScore":true,"siteFavIcon":"https:\/\/jacos.com.tr\/wp-content\/uploads\/2024\/10\/jacosicon.png","canUser":{"general":false,"advanced":false,"snippet":false,"social":false,"analysis":false,"analytics":false,"content_ai":false},"showKeywordIntent":true,"isPro":false,"is_front_page":false,"trendsUpgradeLink":"https:\/\/rankmath.com\/pricing\/?utm_source=Plugin&utm_medium=CE%20General%20Tab%20Trends&utm_campaign=WP","trendsUpgradeLabel":"Y\u00fckseltin","trendsPreviewImage":"https:\/\/jacos.com.tr\/wp-content\/plugins\/seo-by-rank-math\/assets\/admin\/img\/trends-preview.jpg","currentEditor":false,"homepageData":{"assessor":{"powerWords":[],"diacritics":true,"researchesTests":["contentHasTOC","contentHasShortParagraphs","contentHasAssets","keywordInTitle","keywordInMetaDescription","keywordInPermalink","keywordIn10Percent","keywordInContent","keywordInSubheadings","keywordInImageAlt","keywordDensity","keywordNotUsed","lengthContent","lengthPermalink","linksHasInternal","linksHasExternals","linksNotAllExternals","titleStartWithKeyword","titleSentiment","titleHasPowerWords","titleHasNumber","hasContentAI"],"hasBreadcrumb":false,"serpData":{"title":"%sitename% %page% %sep% %sitedesc%","description":"","titleTemplate":"%sitename% %page% %sep% %sitedesc%","descriptionTemplate":"","focusKeywords":"","breadcrumbTitle":"Home","robots":{"index":true},"advancedRobots":[],"facebookTitle":"","facebookDescription":"","facebookImage":"","facebookImageID":""}}},"tocTitle":"Table of Contents","tocExcludeHeadings":[],"listStyle":"ul"},"jetpack_sharing_enabled":true,"_links":{"self":[{"href":"https:\/\/jacos.com.tr\/index.php\/wp-json\/wp\/v2\/pages\/10397","targetHints":{"allow":["GET"]}}],"collection":[{"href":"https:\/\/jacos.com.tr\/index.php\/wp-json\/wp\/v2\/pages"}],"about":[{"href":"https:\/\/jacos.com.tr\/index.php\/wp-json\/wp\/v2\/types\/page"}],"author":[{"embeddable":true,"href":"https:\/\/jacos.com.tr\/index.php\/wp-json\/wp\/v2\/users\/2"}],"replies":[{"embeddable":true,"href":"https:\/\/jacos.com.tr\/index.php\/wp-json\/wp\/v2\/comments?post=10397"}],"version-history":[{"count":2,"href":"https:\/\/jacos.com.tr\/index.php\/wp-json\/wp\/v2\/pages\/10397\/revisions"}],"predecessor-version":[{"id":10450,"href":"https:\/\/jacos.com.tr\/index.php\/wp-json\/wp\/v2\/pages\/10397\/revisions\/10450"}],"wp:attachment":[{"href":"https:\/\/jacos.com.tr\/index.php\/wp-json\/wp\/v2\/media?parent=10397"}],"curies":[{"name":"wp","href":"https:\/\/api.w.org\/{rel}","templated":true}]}}